{"id":623,"date":"2018-03-07T18:33:56","date_gmt":"2018-03-07T18:33:56","guid":{"rendered":"https:\/\/houdishouses.gr\/houdis-houses\/"},"modified":"2024-05-21T21:45:04","modified_gmt":"2024-05-21T19:45:04","slug":"houdis-houses","status":"publish","type":"page","link":"https:\/\/houdishouses.gr\/de\/","title":{"rendered":"Houdis Houses"},"content":{"rendered":"<div class=\"wpb-content-wrapper\">[mk_page_section bg_image=&#8220;https:\/\/houdishouses.gr\/wp-content\/uploads\/2018\/03\/houdishouses_main_pool.jpg&#8220; bg_position=&#8220;center top&#8220; bg_stretch=&#8220;true&#8220; enable_3d=&#8220;true&#8220; min_height=&#8220;620&#8243; visibility=&#8220;hidden-sm&#8220; sidebar=&#8220;sidebar-1&#8243;][vc_column][\/vc_column][\/mk_page_section][vc_row fullwidth=&#8220;true&#8220; visibility=&#8220;visible-sm&#8220;][vc_column][vc_single_image image=&#8220;47&#8243; img_size=&#8220;full&#8220; alignment=&#8220;center&#8220;][\/vc_column][\/vc_row][vc_row][vc_column][mk_padding_divider][\/vc_column][\/vc_row][mk_page_section top_shape_bg_color=&#8220;#333333&#8243; bottom_shape_size=&#8220;small&#8220; bottom_shape_color=&#8220;#ffffff&#8220; bottom_shape_bg_color=&#8220;#999999&#8243; sidebar=&#8220;sidebar-1&#8243;][vc_column][vc_column_text align=&#8220;center&#8220; css=&#8220;.vc_custom_1548066470335{margin-bottom: 0px !important;}&#8220;]\n<h1>Houdis Houses, Familienurlaub auf Peloponnes<\/h1>\n<h2>Unabh\u00e4ngige Maisonetten auf Peloponnes<\/h2>\n[\/vc_column_text][\/vc_column][\/mk_page_section][vc_row][vc_column width=&#8220;1\/6&#8243;][\/vc_column][vc_column width=&#8220;2\/3&#8243;][vc_column_text css=&#8220;.vc_custom_1716320702955{margin-bottom: 0px !important;}&#8220;]\n<div class=\"c-6\">\n<p>Auf einer Fl\u00e4che von einem Hektar finden Sie unsere acht freistehenden Maisonetten in Paralio Astros. Genie\u00dfen Sie den Meerblick von Ihrem Balkon oder entspannen Sie am Pool im Zentrum der Anlage. Unser Garten mit Olivenb\u00e4umen, Palmen und Blumen bietet eine freundliche Umgebung abseits der t\u00e4glichen Routine. Genie\u00dfen Sie gl\u00fcckliche Momente mit Ihrer Familie und Freunden an unseren beiden Grillstellen.<\/p>\n<p>Die besondere Lage der Anlage bietet eine sichere Umgebung f\u00fcr ein sorgenfreies Spielen ihrer Kinder in der Natur. Wir empfehlen Ihnen, f\u00fcr den Transport zum Meer und ins Dorf ein Auto oder ein Fahrrad zu nutzen.<\/p>\n<\/div>\n[\/vc_column_text][\/vc_column][vc_column width=&#8220;1\/6&#8243;][\/vc_column][\/vc_row][vc_row][vc_column width=&#8220;1\/3&#8243;][vc_single_image image=&#8220;40&#8243; img_size=&#8220;600&#215;400&#8243; alignment=&#8220;center&#8220;][\/vc_column][vc_column width=&#8220;1\/3&#8243;][vc_single_image image=&#8220;49&#8243; img_size=&#8220;600&#215;400&#8243; alignment=&#8220;center&#8220;][\/vc_column][vc_column width=&#8220;1\/3&#8243;][vc_single_image image=&#8220;56&#8243; img_size=&#8220;600&#215;400&#8243; alignment=&#8220;center&#8220; css=&#8220;.vc_custom_1520727901514{margin: 0px !important;padding: 0px !important;}&#8220;][vc_column_text align=&#8220;right&#8220; css=&#8220;.vc_custom_1548069130000{margin-top: 0px !important;margin-right: 0px !important;margin-bottom: 0px !important;margin-left: 0px !important;padding-top: 0px !important;padding-right: 0px !important;padding-bottom: 0px !important;padding-left: 0px !important;}&#8220;]<a href=\"https:\/\/houdishouses.gr\/de\/fotos\/\"><u>Fotos<\/u>\u00a0\u2192<\/a>[\/vc_column_text][\/vc_column][\/vc_row][vc_row][vc_column][vc_column_text css=&#8220;.vc_custom_1548066530464{margin-bottom: 0px !important;}&#8220;]\n<h2>Dienste<\/h2>\n[\/vc_column_text][\/vc_column][\/vc_row][vc_row][vc_column width=&#8220;1\/2&#8243;][mk_custom_list style=&#8220;mk-icon-wifi&#8220; margin_bottom=&#8220;-6&#8243;]\n<ul>\n<li>Kostenloses Highspeed-Internet Starlink Wifi<\/li>\n<\/ul>\n[\/mk_custom_list][mk_custom_list style=&#8220;mk-icon-bitbucket-square&#8220; margin_bottom=&#8220;-6&#8243;]\n<ul>\n<li>Elektrische K\u00fcche mit Offen<\/li>\n<\/ul>\n[\/mk_custom_list][mk_custom_list style=&#8220;mk-li-coffee&#8220; margin_bottom=&#8220;-6&#8243;]\n<ul>\n<li>Kaffeemaschine &#8211; Boiler<\/li>\n<\/ul>\n[\/mk_custom_list][mk_custom_list style=&#8220;mk-li-monitor&#8220; margin_bottom=&#8220;-6&#8243;]\n<ul>\n<li>Fernseher 32 Zoll (81 cm)<\/li>\n<\/ul>\n[\/mk_custom_list][mk_custom_list style=&#8220;mk-icon-tencent-weibo&#8220; margin_bottom=&#8220;-6&#8243;]\n<ul>\n<li>Haartrockner<\/li>\n<\/ul>\n[\/mk_custom_list][mk_custom_list style=&#8220;mk-li-tshirt&#8220; margin_bottom=&#8220;-6&#8243;]\n<ul>\n<li>B\u00fcgelmaschine und B\u00fcgelbrett<\/li>\n<\/ul>\n[\/mk_custom_list][mk_custom_list style=&#8220;mk-moon-food-2&#8243; margin_bottom=&#8220;-6&#8243;]\n<ul>\n<li>Komplet ausger\u00fcstete K\u00fcche<\/li>\n<\/ul>\n[\/mk_custom_list][mk_custom_list style=&#8220;mk-li-ice&#8220; margin_bottom=&#8220;-6&#8243;]\n<ul>\n<li>Zwei Klimaanlagen pro Haus<\/li>\n<\/ul>\n[\/mk_custom_list][\/vc_column][vc_column width=&#8220;1\/2&#8243;][mk_custom_list style=&#8220;mk-moon-bowling-ball&#8220; margin_bottom=&#8220;-6&#8243;]\n<ul>\n<li>Schwimmbad<\/li>\n<\/ul>\n[\/mk_custom_list][mk_custom_list style=&#8220;mk-moon-bed-2&#8243; margin_bottom=&#8220;-6&#8243;]\n<ul>\n<li>Liegest\u00fchle<\/li>\n<\/ul>\n[\/mk_custom_list][mk_custom_list style=&#8220;mk-li-shop&#8220; margin_bottom=&#8220;-6&#8243;]\n<ul>\n<li>Balkonen und Terassen<\/li>\n<\/ul>\n[\/mk_custom_list][mk_custom_list style=&#8220;mk-moon-bed&#8220; margin_bottom=&#8220;-6&#8243;]\n<ul>\n<li>T\u00fccher \u2013 Bettdecke \u2013 Bettw\u00e4sche<\/li>\n<\/ul>\n[\/mk_custom_list][mk_custom_list style=&#8220;mk-icon-car&#8220; margin_bottom=&#8220;-6&#8243;]\n<ul>\n<li>Parkingplatz<\/li>\n<\/ul>\n[\/mk_custom_list][mk_custom_list style=&#8220;mk-icon-fire&#8220; margin_bottom=&#8220;-6&#8243;]\n<ul>\n<li>Barbecue BBQ<\/li>\n<\/ul>\n[\/mk_custom_list][mk_custom_list style=&#8220;mk-icon-soccer-ball-o&#8220; margin_bottom=&#8220;-6&#8243;]\n<ul>\n<li>Sportplatz<\/li>\n<\/ul>\n[\/mk_custom_list][mk_custom_list style=&#8220;mk-icon-paw&#8220; margin_bottom=&#8220;-6&#8243;]\n<ul>\n<li>Haustiere sind nur mit ausdr\u00fccklicher Genehmigung gestattet<\/li>\n<\/ul>\n[\/mk_custom_list][\/vc_column][\/vc_row][vc_row][vc_column][mk_padding_divider size=&#8220;32&#8243;][\/vc_column][\/vc_row][vc_row css=&#8220;.vc_custom_1520728065342{margin: 0px !important;padding: 0px !important;}&#8220;][vc_column width=&#8220;1\/4&#8243;][vc_single_image image=&#8220;43&#8243; img_size=&#8220;600&#215;400&#8243; alignment=&#8220;center&#8220;][\/vc_column][vc_column width=&#8220;1\/4&#8243;][vc_single_image image=&#8220;41&#8243; img_size=&#8220;600&#215;400&#8243; alignment=&#8220;center&#8220;][\/vc_column][vc_column width=&#8220;1\/4&#8243;][vc_single_image image=&#8220;35&#8243; img_size=&#8220;600&#215;400&#8243; alignment=&#8220;center&#8220;][\/vc_column][vc_column width=&#8220;1\/4&#8243;][vc_single_image image=&#8220;36&#8243; img_size=&#8220;600&#215;400&#8243; alignment=&#8220;center&#8220; css=&#8220;.vc_custom_1520728147458{margin: 0px !important;}&#8220;][vc_column_text align=&#8220;right&#8220; css=&#8220;.vc_custom_1548069160992{margin-bottom: 0px !important;}&#8220;]<a href=\"https:\/\/houdishouses.gr\/de\/fotos\/\"><u>Fotos<\/u>\u00a0\u2192<\/a>[\/vc_column_text][\/vc_column][\/vc_row][mk_page_section layout_structure=&#8220;half_left&#8220; bg_image=&#8220;https:\/\/houdishouses.gr\/wp-content\/uploads\/2018\/03\/paralio-astros-2.jpg&#8220; bg_stretch=&#8220;true&#8220; min_height=&#8220;480&#8243; full_width=&#8220;true&#8220;][vc_column][vc_column_text css=&#8220;.vc_custom_1548066895011{margin-bottom: 0px !important;padding-top: 120px !important;}&#8220;]\n<h1 style=\"text-align: center;\">Paralio Astros<\/h1>\n<p style=\"text-align: center;\">Das Paralio Astros befindet sich in Peloponnes, in der Pr\u00e4fektur Arcadia. Es ist 30 km von Nafplio und 40 km von Tripoli entfernt.<\/p>\n<p style=\"text-align: center;\">Paralio Astros bot f\u00fcr ruhige, romantische Spazierg\u00e4nge im malerischen Hafen mit Fischerbooten sowie die Erkundung der malerischen kleinen Stra\u00dfen an.<\/p>\n[\/vc_column_text][mk_font_icons icon=&#8220;mk-icon-plus-circle&#8220; size=&#8220;large&#8220; align=&#8220;center&#8220; link=&#8220;https:\/\/houdishouses.gr\/de\/paralio-astros\/&#8220;][\/vc_column][\/mk_page_section][mk_page_section layout_structure=&#8220;half_right&#8220; bg_image=&#8220;https:\/\/houdishouses.gr\/wp-content\/uploads\/2018\/03\/paralio-astros-1.jpg&#8220; bg_stretch=&#8220;true&#8220; min_height=&#8220;480&#8243; full_width=&#8220;true&#8220;][vc_column][vc_column_text css=&#8220;.vc_custom_1548066928755{margin-bottom: 0px !important;padding-top: 120px !important;}&#8220;]\n<h2 style=\"text-align: center;\">Paralio Astros Str\u00e4nde<\/h2>\n<p style=\"text-align: center;\">Sie k\u00f6nnen eine der vielen Strandbars w\u00e4hlen, um Ihr Bad zu genie\u00dfen.<\/p>\n<p style=\"text-align: center;\">W\u00e4hlen Sie einen unserer wundersch\u00f6nen Str\u00e4nde aus und gehen Sie schwimmen!<\/p>\n[\/vc_column_text][mk_font_icons icon=&#8220;mk-icon-plus-circle&#8220; size=&#8220;large&#8220; align=&#8220;center&#8220; link=&#8220;https:\/\/houdishouses.gr\/de\/straende\/&#8220;][\/vc_column][\/mk_page_section][vc_row][vc_column][\/vc_column][\/vc_row]\n<\/div>","protected":false},"excerpt":{"rendered":"<p>[mk_page_section bg_image=&#8220;https:\/\/houdishouses.gr\/wp-content\/uploads\/2018\/03\/houdishouses_main_pool.jpg&#8220; bg_position=&#8220;center top&#8220; bg_stretch=&#8220;true&#8220; enable_3d=&#8220;true&#8220; min_height=&#8220;620&#8243; visibility=&#8220;hidden-sm&#8220; sidebar=&#8220;sidebar-1&#8243;][vc_column][\/vc_column][\/mk_page_section][vc_row fullwidth=&#8220;true&#8220; visibility=&#8220;visible-sm&#8220;][vc_column][vc_single_image image=&#8220;47&#8243; img_size=&#8220;full&#8220; alignment=&#8220;center&#8220;][\/vc_column][\/vc_row][vc_row][vc_column][mk_padding_divider][\/vc_column][\/vc_row][mk_page_section top_shape_bg_color=&#8220;#333333&#8243; bottom_shape_size=&#8220;small&#8220; bottom_shape_color=&#8220;#ffffff&#8220; bottom_shape_bg_color=&#8220;#999999&#8243; sidebar=&#8220;sidebar-1&#8243;][vc_column][vc_column_text align=&#8220;center&#8220; css=&#8220;.vc_custom_1548066470335{margin-bottom: 0px !important;}&#8220;] Houdis Houses, Familienurlaub auf Peloponnes Unabh\u00e4ngige Maisonetten auf Peloponnes [\/vc_column_text][\/vc_column][\/mk_page_section][vc_row][vc_column width=&#8220;1\/6&#8243;][\/vc_column][vc_column width=&#8220;2\/3&#8243;][vc_column_text css=&#8220;.vc_custom_1716320702955{margin-bottom: 0px !important;}&#8220;] Auf einer Fl\u00e4che von einem Hektar finden Sie unsere acht freistehenden Maisonetten in Paralio Astros. Genie\u00dfen Sie [&hellip;]<\/p>\n","protected":false},"author":1,"featured_media":0,"parent":0,"menu_order":0,"comment_status":"closed","ping_status":"closed","template":"","meta":{"footnotes":""},"class_list":["post-623","page","type-page","status-publish","hentry"],"yoast_head":"<!-- This site is optimized with the Yoast SEO plugin v27.6 - https:\/\/yoast.com\/product\/yoast-seo-wordpress\/ -->\n<title>Houdis Houses - Houdis Houses<\/title>\n<meta name=\"robots\" content=\"index, follow, max-snippet:-1, max-image-preview:large, max-video-preview:-1\" \/>\n<link rel=\"canonical\" href=\"https:\/\/houdishouses.gr\/de\/\" \/>\n<meta property=\"og:locale\" content=\"de_DE\" \/>\n<meta property=\"og:type\" content=\"article\" \/>\n<meta property=\"og:title\" content=\"Houdis Houses - Houdis Houses\" \/>\n<meta property=\"og:description\" content=\"[mk_page_section bg_image=&#8220;https:\/\/houdishouses.gr\/wp-content\/uploads\/2018\/03\/houdishouses_main_pool.jpg&#8220; bg_position=&#8220;center top&#8220; bg_stretch=&#8220;true&#8220; enable_3d=&#8220;true&#8220; min_height=&#8220;620&#8243; visibility=&#8220;hidden-sm&#8220; sidebar=&#8220;sidebar-1&#8243;][vc_column][\/vc_column][\/mk_page_section][vc_row fullwidth=&#8220;true&#8220; visibility=&#8220;visible-sm&#8220;][vc_column][vc_single_image image=&#8220;47&#8243; img_size=&#8220;full&#8220; alignment=&#8220;center&#8220;][\/vc_column][\/vc_row][vc_row][vc_column][mk_padding_divider][\/vc_column][\/vc_row][mk_page_section top_shape_bg_color=&#8220;#333333&#8243; bottom_shape_size=&#8220;small&#8220; bottom_shape_color=&#8220;#ffffff&#8220; bottom_shape_bg_color=&#8220;#999999&#8243; sidebar=&#8220;sidebar-1&#8243;][vc_column][vc_column_text align=&#8220;center&#8220; css=&#8220;.vc_custom_1548066470335{margin-bottom: 0px !important;}&#8220;] Houdis Houses, Familienurlaub auf Peloponnes Unabh\u00e4ngige Maisonetten auf Peloponnes [\/vc_column_text][\/vc_column][\/mk_page_section][vc_row][vc_column width=&#8220;1\/6&#8243;][\/vc_column][vc_column width=&#8220;2\/3&#8243;][vc_column_text css=&#8220;.vc_custom_1716320702955{margin-bottom: 0px !important;}&#8220;] Auf einer Fl\u00e4che von einem Hektar finden Sie unsere acht freistehenden Maisonetten in Paralio Astros. Genie\u00dfen Sie [&hellip;]\" \/>\n<meta property=\"og:url\" content=\"https:\/\/houdishouses.gr\/de\/\" \/>\n<meta property=\"og:site_name\" content=\"Houdis Houses\" \/>\n<meta property=\"article:modified_time\" content=\"2024-05-21T19:45:04+00:00\" \/>\n<meta name=\"twitter:card\" content=\"summary_large_image\" \/>\n<meta name=\"twitter:label1\" content=\"Gesch\u00e4tzte Lesezeit\" \/>\n\t<meta name=\"twitter:data1\" content=\"2\u00a0Minuten\" \/>\n<script type=\"application\/ld+json\" class=\"yoast-schema-graph\">{\"@context\":\"https:\\\/\\\/schema.org\",\"@graph\":[{\"@type\":\"WebPage\",\"@id\":\"https:\\\/\\\/houdishouses.gr\\\/de\\\/\",\"url\":\"https:\\\/\\\/houdishouses.gr\\\/de\\\/\",\"name\":\"Houdis Houses - Houdis Houses\",\"isPartOf\":{\"@id\":\"https:\\\/\\\/houdishouses.gr\\\/#website\"},\"datePublished\":\"2018-03-07T18:33:56+00:00\",\"dateModified\":\"2024-05-21T19:45:04+00:00\",\"breadcrumb\":{\"@id\":\"https:\\\/\\\/houdishouses.gr\\\/de\\\/#breadcrumb\"},\"inLanguage\":\"de\",\"potentialAction\":[{\"@type\":\"ReadAction\",\"target\":[\"https:\\\/\\\/houdishouses.gr\\\/de\\\/\"]}]},{\"@type\":\"BreadcrumbList\",\"@id\":\"https:\\\/\\\/houdishouses.gr\\\/de\\\/#breadcrumb\",\"itemListElement\":[{\"@type\":\"ListItem\",\"position\":1,\"name\":\"Home\",\"item\":\"https:\\\/\\\/houdishouses.gr\\\/de\\\/\"},{\"@type\":\"ListItem\",\"position\":2,\"name\":\"Houdis Houses\"}]},{\"@type\":\"WebSite\",\"@id\":\"https:\\\/\\\/houdishouses.gr\\\/#website\",\"url\":\"https:\\\/\\\/houdishouses.gr\\\/\",\"name\":\"Houdis Houses\",\"description\":\"Houdis Houses - Paralio Astros Peloponnes\",\"potentialAction\":[{\"@type\":\"SearchAction\",\"target\":{\"@type\":\"EntryPoint\",\"urlTemplate\":\"https:\\\/\\\/houdishouses.gr\\\/?s={search_term_string}\"},\"query-input\":{\"@type\":\"PropertyValueSpecification\",\"valueRequired\":true,\"valueName\":\"search_term_string\"}}],\"inLanguage\":\"de\"}]}<\/script>\n<!-- \/ Yoast SEO plugin. -->","yoast_head_json":{"title":"Houdis Houses - Houdis Houses","robots":{"index":"index","follow":"follow","max-snippet":"max-snippet:-1","max-image-preview":"max-image-preview:large","max-video-preview":"max-video-preview:-1"},"canonical":"https:\/\/houdishouses.gr\/de\/","og_locale":"de_DE","og_type":"article","og_title":"Houdis Houses - Houdis Houses","og_description":"[mk_page_section bg_image=&#8220;https:\/\/houdishouses.gr\/wp-content\/uploads\/2018\/03\/houdishouses_main_pool.jpg&#8220; bg_position=&#8220;center top&#8220; bg_stretch=&#8220;true&#8220; enable_3d=&#8220;true&#8220; min_height=&#8220;620&#8243; visibility=&#8220;hidden-sm&#8220; sidebar=&#8220;sidebar-1&#8243;][vc_column][\/vc_column][\/mk_page_section][vc_row fullwidth=&#8220;true&#8220; visibility=&#8220;visible-sm&#8220;][vc_column][vc_single_image image=&#8220;47&#8243; img_size=&#8220;full&#8220; alignment=&#8220;center&#8220;][\/vc_column][\/vc_row][vc_row][vc_column][mk_padding_divider][\/vc_column][\/vc_row][mk_page_section top_shape_bg_color=&#8220;#333333&#8243; bottom_shape_size=&#8220;small&#8220; bottom_shape_color=&#8220;#ffffff&#8220; bottom_shape_bg_color=&#8220;#999999&#8243; sidebar=&#8220;sidebar-1&#8243;][vc_column][vc_column_text align=&#8220;center&#8220; css=&#8220;.vc_custom_1548066470335{margin-bottom: 0px !important;}&#8220;] Houdis Houses, Familienurlaub auf Peloponnes Unabh\u00e4ngige Maisonetten auf Peloponnes [\/vc_column_text][\/vc_column][\/mk_page_section][vc_row][vc_column width=&#8220;1\/6&#8243;][\/vc_column][vc_column width=&#8220;2\/3&#8243;][vc_column_text css=&#8220;.vc_custom_1716320702955{margin-bottom: 0px !important;}&#8220;] Auf einer Fl\u00e4che von einem Hektar finden Sie unsere acht freistehenden Maisonetten in Paralio Astros. Genie\u00dfen Sie [&hellip;]","og_url":"https:\/\/houdishouses.gr\/de\/","og_site_name":"Houdis Houses","article_modified_time":"2024-05-21T19:45:04+00:00","twitter_card":"summary_large_image","twitter_misc":{"Gesch\u00e4tzte Lesezeit":"2\u00a0Minuten"},"schema":{"@context":"https:\/\/schema.org","@graph":[{"@type":"WebPage","@id":"https:\/\/houdishouses.gr\/de\/","url":"https:\/\/houdishouses.gr\/de\/","name":"Houdis Houses - Houdis Houses","isPartOf":{"@id":"https:\/\/houdishouses.gr\/#website"},"datePublished":"2018-03-07T18:33:56+00:00","dateModified":"2024-05-21T19:45:04+00:00","breadcrumb":{"@id":"https:\/\/houdishouses.gr\/de\/#breadcrumb"},"inLanguage":"de","potentialAction":[{"@type":"ReadAction","target":["https:\/\/houdishouses.gr\/de\/"]}]},{"@type":"BreadcrumbList","@id":"https:\/\/houdishouses.gr\/de\/#breadcrumb","itemListElement":[{"@type":"ListItem","position":1,"name":"Home","item":"https:\/\/houdishouses.gr\/de\/"},{"@type":"ListItem","position":2,"name":"Houdis Houses"}]},{"@type":"WebSite","@id":"https:\/\/houdishouses.gr\/#website","url":"https:\/\/houdishouses.gr\/","name":"Houdis Houses","description":"Houdis Houses - Paralio Astros Peloponnes","potentialAction":[{"@type":"SearchAction","target":{"@type":"EntryPoint","urlTemplate":"https:\/\/houdishouses.gr\/?s={search_term_string}"},"query-input":{"@type":"PropertyValueSpecification","valueRequired":true,"valueName":"search_term_string"}}],"inLanguage":"de"}]}},"_links":{"self":[{"href":"https:\/\/houdishouses.gr\/de\/wp-json\/wp\/v2\/pages\/623","targetHints":{"allow":["GET"]}}],"collection":[{"href":"https:\/\/houdishouses.gr\/de\/wp-json\/wp\/v2\/pages"}],"about":[{"href":"https:\/\/houdishouses.gr\/de\/wp-json\/wp\/v2\/types\/page"}],"author":[{"embeddable":true,"href":"https:\/\/houdishouses.gr\/de\/wp-json\/wp\/v2\/users\/1"}],"replies":[{"embeddable":true,"href":"https:\/\/houdishouses.gr\/de\/wp-json\/wp\/v2\/comments?post=623"}],"version-history":[{"count":10,"href":"https:\/\/houdishouses.gr\/de\/wp-json\/wp\/v2\/pages\/623\/revisions"}],"predecessor-version":[{"id":1023,"href":"https:\/\/houdishouses.gr\/de\/wp-json\/wp\/v2\/pages\/623\/revisions\/1023"}],"wp:attachment":[{"href":"https:\/\/houdishouses.gr\/de\/wp-json\/wp\/v2\/media?parent=623"}],"curies":[{"name":"wp","href":"https:\/\/api.w.org\/{rel}","templated":true}]}}