{"id":631,"date":"2018-03-07T22:10:44","date_gmt":"2018-03-07T20:10:44","guid":{"rendered":"https:\/\/houdishouses.gr\/paralio-astros-beaches\/"},"modified":"2019-01-21T12:58:57","modified_gmt":"2019-01-21T10:58:57","slug":"straende","status":"publish","type":"page","link":"https:\/\/houdishouses.gr\/de\/straende\/","title":{"rendered":"Str\u00e4nde"},"content":{"rendered":"<div class=\"wpb-content-wrapper\">[mk_page_section bg_image=&#8220;https:\/\/houdishouses.gr\/wp-content\/uploads\/2018\/03\/paralio-astros-1.jpg&#8220; bg_position=&#8220;center center&#8220; bg_stretch=&#8220;true&#8220; enable_3d=&#8220;true&#8220; min_height=&#8220;500&#8243; sidebar=&#8220;sidebar-1&#8243;][vc_column css=&#8220;.vc_custom_1520808277963{padding-top: 220px !important;}&#8220;][vc_column_text align=&#8220;center&#8220; css=&#8220;.vc_custom_1548067246921{margin-bottom: 0px !important;}&#8220;]\n<h1><span style=\"color: #ffffff; font-size: 55px;\">Str\u00e4nde in Paralio Astros<\/span><\/h1>\n[\/vc_column_text][\/vc_column][\/mk_page_section][vc_row][vc_column css=&#8220;.vc_custom_1520808370889{padding-top: 30px !important;}&#8220;][vc_column_text align=&#8220;center&#8220; css=&#8220;.vc_custom_1548067279223{margin-bottom: 0px !important;}&#8220;]Das Paralio Astros ist ein ideales Ziel f\u00fcr h\u00e4ufige Fluchtwege. Es liegt 180 km von Athen entfernt. Sie ben\u00f6tigen weniger als 2 Stunden, um uns zu erreichen!<\/p>\n<p>Sie k\u00f6nnen eine der vielen Strandbars w\u00e4hlen, um Ihr Bad zu genie\u00dfen.<\/p>\n<p>W\u00e4hlen Sie einen unserer wundersch\u00f6nen Str\u00e4nde und gehen Sie schwimmen![\/vc_column_text][\/vc_column][\/vc_row][vc_row][vc_column][mk_gallery images=&#8220;187,188,189,190,191,193,204,195,196,197,199,200,192,205,201,202,210,203,206,207,172,79,174,178,194&#8243; style=&#8220;style3&#8243; hover_scenarios=&#8220;slow_zoom&#8220; item_spacing=&#8220;2&#8243; orderby=&#8220;post__in&#8220;][\/vc_column][\/vc_row][mk_page_section min_height=&#8220;793&#8243; sidebar=&#8220;sidebar-1&#8243;][vc_column][vc_column_text css=&#8220;.vc_custom_1548067362857{margin-bottom: 0px !important;}&#8220;]\n<h4>Klicken Sie hier, um die Str\u00e4nde in einer gro\u00dfen Karte anzuzeigen<\/h4>\n<p><iframe loading=\"lazy\" src=\"https:\/\/maps.google.gr\/maps\/ms?msa=0&amp;msid=216708487029703753254.0004c7dd6fec16ee4a8af&amp;hl=el&amp;ie=UTF8&amp;t=h&amp;ll=37.409983,22.773972&amp;spn=0.327245,0.411301&amp;z=11&amp;output=embed\" width=\"100%\" height=\"800\" frameborder=\"0\" marginwidth=\"0\" marginheight=\"0\" scrolling=\"no\"><\/iframe>[\/vc_column_text][vc_empty_space height=&#8220;42px&#8220;][vc_column_text css=&#8220;.vc_custom_1520906242494{margin-bottom: 0px !important;}&#8220;]<iframe loading=\"lazy\" src=\"https:\/\/www.youtube.com\/embed\/jbMS55el5Ew\" width=\"560\" height=\"315\" frameborder=\"0\" allowfullscreen=\"allowfullscreen\"><\/iframe>[\/vc_column_text][\/vc_column][\/mk_page_section]\n<\/div>","protected":false},"excerpt":{"rendered":"<p>[mk_page_section bg_image=&#8220;https:\/\/houdishouses.gr\/wp-content\/uploads\/2018\/03\/paralio-astros-1.jpg&#8220; bg_position=&#8220;center center&#8220; bg_stretch=&#8220;true&#8220; enable_3d=&#8220;true&#8220; min_height=&#8220;500&#8243; sidebar=&#8220;sidebar-1&#8243;][vc_column css=&#8220;.vc_custom_1520808277963{padding-top: 220px !important;}&#8220;][vc_column_text align=&#8220;center&#8220; css=&#8220;.vc_custom_1548067246921{margin-bottom: 0px !important;}&#8220;] Str\u00e4nde in Paralio Astros [\/vc_column_text][\/vc_column][\/mk_page_section][vc_row][vc_column css=&#8220;.vc_custom_1520808370889{padding-top: 30px !important;}&#8220;][vc_column_text align=&#8220;center&#8220; css=&#8220;.vc_custom_1548067279223{margin-bottom: 0px !important;}&#8220;]Das Paralio Astros ist ein ideales Ziel f\u00fcr h\u00e4ufige Fluchtwege. Es liegt 180 km von Athen entfernt. Sie ben\u00f6tigen weniger als 2 Stunden, um uns zu erreichen! Sie k\u00f6nnen [&hellip;]<\/p>\n","protected":false},"author":1,"featured_media":0,"parent":0,"menu_order":0,"comment_status":"closed","ping_status":"closed","template":"","meta":{"footnotes":""},"class_list":["post-631","page","type-page","status-publish","hentry"],"yoast_head":"<!-- This site is optimized with the Yoast SEO plugin v27.6 - https:\/\/yoast.com\/product\/yoast-seo-wordpress\/ -->\n<title>Str\u00e4nde - Houdis Houses<\/title>\n<meta name=\"robots\" content=\"index, follow, max-snippet:-1, max-image-preview:large, max-video-preview:-1\" \/>\n<link rel=\"canonical\" href=\"https:\/\/houdishouses.gr\/de\/straende\/\" \/>\n<meta property=\"og:locale\" content=\"de_DE\" \/>\n<meta property=\"og:type\" content=\"article\" \/>\n<meta property=\"og:title\" content=\"Str\u00e4nde - Houdis Houses\" \/>\n<meta property=\"og:description\" content=\"[mk_page_section bg_image=&#8220;https:\/\/houdishouses.gr\/wp-content\/uploads\/2018\/03\/paralio-astros-1.jpg&#8220; bg_position=&#8220;center center&#8220; bg_stretch=&#8220;true&#8220; enable_3d=&#8220;true&#8220; min_height=&#8220;500&#8243; sidebar=&#8220;sidebar-1&#8243;][vc_column css=&#8220;.vc_custom_1520808277963{padding-top: 220px !important;}&#8220;][vc_column_text align=&#8220;center&#8220; css=&#8220;.vc_custom_1548067246921{margin-bottom: 0px !important;}&#8220;] Str\u00e4nde in Paralio Astros [\/vc_column_text][\/vc_column][\/mk_page_section][vc_row][vc_column css=&#8220;.vc_custom_1520808370889{padding-top: 30px !important;}&#8220;][vc_column_text align=&#8220;center&#8220; css=&#8220;.vc_custom_1548067279223{margin-bottom: 0px !important;}&#8220;]Das Paralio Astros ist ein ideales Ziel f\u00fcr h\u00e4ufige Fluchtwege. Es liegt 180 km von Athen entfernt. Sie ben\u00f6tigen weniger als 2 Stunden, um uns zu erreichen! Sie k\u00f6nnen [&hellip;]\" \/>\n<meta property=\"og:url\" content=\"https:\/\/houdishouses.gr\/de\/straende\/\" \/>\n<meta property=\"og:site_name\" content=\"Houdis Houses\" \/>\n<meta property=\"article:modified_time\" content=\"2019-01-21T10:58:57+00:00\" \/>\n<meta name=\"twitter:card\" content=\"summary_large_image\" \/>\n<meta name=\"twitter:label1\" content=\"Gesch\u00e4tzte Lesezeit\" \/>\n\t<meta name=\"twitter:data1\" content=\"1\u00a0Minute\" \/>\n<script type=\"application\/ld+json\" class=\"yoast-schema-graph\">{\"@context\":\"https:\\\/\\\/schema.org\",\"@graph\":[{\"@type\":\"WebPage\",\"@id\":\"https:\\\/\\\/houdishouses.gr\\\/de\\\/straende\\\/\",\"url\":\"https:\\\/\\\/houdishouses.gr\\\/de\\\/straende\\\/\",\"name\":\"Str\u00e4nde - Houdis Houses\",\"isPartOf\":{\"@id\":\"https:\\\/\\\/houdishouses.gr\\\/#website\"},\"datePublished\":\"2018-03-07T20:10:44+00:00\",\"dateModified\":\"2019-01-21T10:58:57+00:00\",\"breadcrumb\":{\"@id\":\"https:\\\/\\\/houdishouses.gr\\\/de\\\/straende\\\/#breadcrumb\"},\"inLanguage\":\"de\",\"potentialAction\":[{\"@type\":\"ReadAction\",\"target\":[\"https:\\\/\\\/houdishouses.gr\\\/de\\\/straende\\\/\"]}]},{\"@type\":\"BreadcrumbList\",\"@id\":\"https:\\\/\\\/houdishouses.gr\\\/de\\\/straende\\\/#breadcrumb\",\"itemListElement\":[{\"@type\":\"ListItem\",\"position\":1,\"name\":\"Home\",\"item\":\"https:\\\/\\\/houdishouses.gr\\\/de\\\/\"},{\"@type\":\"ListItem\",\"position\":2,\"name\":\"Str\u00e4nde\"}]},{\"@type\":\"WebSite\",\"@id\":\"https:\\\/\\\/houdishouses.gr\\\/#website\",\"url\":\"https:\\\/\\\/houdishouses.gr\\\/\",\"name\":\"Houdis Houses\",\"description\":\"Houdis Houses - Paralio Astros Peloponnes\",\"potentialAction\":[{\"@type\":\"SearchAction\",\"target\":{\"@type\":\"EntryPoint\",\"urlTemplate\":\"https:\\\/\\\/houdishouses.gr\\\/?s={search_term_string}\"},\"query-input\":{\"@type\":\"PropertyValueSpecification\",\"valueRequired\":true,\"valueName\":\"search_term_string\"}}],\"inLanguage\":\"de\"}]}<\/script>\n<!-- \/ Yoast SEO plugin. -->","yoast_head_json":{"title":"Str\u00e4nde - Houdis Houses","robots":{"index":"index","follow":"follow","max-snippet":"max-snippet:-1","max-image-preview":"max-image-preview:large","max-video-preview":"max-video-preview:-1"},"canonical":"https:\/\/houdishouses.gr\/de\/straende\/","og_locale":"de_DE","og_type":"article","og_title":"Str\u00e4nde - Houdis Houses","og_description":"[mk_page_section bg_image=&#8220;https:\/\/houdishouses.gr\/wp-content\/uploads\/2018\/03\/paralio-astros-1.jpg&#8220; bg_position=&#8220;center center&#8220; bg_stretch=&#8220;true&#8220; enable_3d=&#8220;true&#8220; min_height=&#8220;500&#8243; sidebar=&#8220;sidebar-1&#8243;][vc_column css=&#8220;.vc_custom_1520808277963{padding-top: 220px !important;}&#8220;][vc_column_text align=&#8220;center&#8220; css=&#8220;.vc_custom_1548067246921{margin-bottom: 0px !important;}&#8220;] Str\u00e4nde in Paralio Astros [\/vc_column_text][\/vc_column][\/mk_page_section][vc_row][vc_column css=&#8220;.vc_custom_1520808370889{padding-top: 30px !important;}&#8220;][vc_column_text align=&#8220;center&#8220; css=&#8220;.vc_custom_1548067279223{margin-bottom: 0px !important;}&#8220;]Das Paralio Astros ist ein ideales Ziel f\u00fcr h\u00e4ufige Fluchtwege. Es liegt 180 km von Athen entfernt. Sie ben\u00f6tigen weniger als 2 Stunden, um uns zu erreichen! Sie k\u00f6nnen [&hellip;]","og_url":"https:\/\/houdishouses.gr\/de\/straende\/","og_site_name":"Houdis Houses","article_modified_time":"2019-01-21T10:58:57+00:00","twitter_card":"summary_large_image","twitter_misc":{"Gesch\u00e4tzte Lesezeit":"1\u00a0Minute"},"schema":{"@context":"https:\/\/schema.org","@graph":[{"@type":"WebPage","@id":"https:\/\/houdishouses.gr\/de\/straende\/","url":"https:\/\/houdishouses.gr\/de\/straende\/","name":"Str\u00e4nde - Houdis Houses","isPartOf":{"@id":"https:\/\/houdishouses.gr\/#website"},"datePublished":"2018-03-07T20:10:44+00:00","dateModified":"2019-01-21T10:58:57+00:00","breadcrumb":{"@id":"https:\/\/houdishouses.gr\/de\/straende\/#breadcrumb"},"inLanguage":"de","potentialAction":[{"@type":"ReadAction","target":["https:\/\/houdishouses.gr\/de\/straende\/"]}]},{"@type":"BreadcrumbList","@id":"https:\/\/houdishouses.gr\/de\/straende\/#breadcrumb","itemListElement":[{"@type":"ListItem","position":1,"name":"Home","item":"https:\/\/houdishouses.gr\/de\/"},{"@type":"ListItem","position":2,"name":"Str\u00e4nde"}]},{"@type":"WebSite","@id":"https:\/\/houdishouses.gr\/#website","url":"https:\/\/houdishouses.gr\/","name":"Houdis Houses","description":"Houdis Houses - Paralio Astros Peloponnes","potentialAction":[{"@type":"SearchAction","target":{"@type":"EntryPoint","urlTemplate":"https:\/\/houdishouses.gr\/?s={search_term_string}"},"query-input":{"@type":"PropertyValueSpecification","valueRequired":true,"valueName":"search_term_string"}}],"inLanguage":"de"}]}},"_links":{"self":[{"href":"https:\/\/houdishouses.gr\/de\/wp-json\/wp\/v2\/pages\/631","targetHints":{"allow":["GET"]}}],"collection":[{"href":"https:\/\/houdishouses.gr\/de\/wp-json\/wp\/v2\/pages"}],"about":[{"href":"https:\/\/houdishouses.gr\/de\/wp-json\/wp\/v2\/types\/page"}],"author":[{"embeddable":true,"href":"https:\/\/houdishouses.gr\/de\/wp-json\/wp\/v2\/users\/1"}],"replies":[{"embeddable":true,"href":"https:\/\/houdishouses.gr\/de\/wp-json\/wp\/v2\/comments?post=631"}],"version-history":[{"count":4,"href":"https:\/\/houdishouses.gr\/de\/wp-json\/wp\/v2\/pages\/631\/revisions"}],"predecessor-version":[{"id":649,"href":"https:\/\/houdishouses.gr\/de\/wp-json\/wp\/v2\/pages\/631\/revisions\/649"}],"wp:attachment":[{"href":"https:\/\/houdishouses.gr\/de\/wp-json\/wp\/v2\/media?parent=631"}],"curies":[{"name":"wp","href":"https:\/\/api.w.org\/{rel}","templated":true}]}}