{"id":635,"date":"2018-03-12T00:40:17","date_gmt":"2018-03-11T22:40:17","guid":{"rendered":"https:\/\/houdishouses.gr\/paralio-astros\/"},"modified":"2019-01-21T12:49:51","modified_gmt":"2019-01-21T10:49:51","slug":"paralio-astros","status":"publish","type":"page","link":"https:\/\/houdishouses.gr\/de\/paralio-astros\/","title":{"rendered":"Paralio Astros"},"content":{"rendered":"<div class=\"wpb-content-wrapper\">[mk_page_section bg_image=&#8220;https:\/\/houdishouses.gr\/wp-content\/uploads\/2018\/03\/paralio-astros-1.jpg&#8220; bg_position=&#8220;center center&#8220; bg_stretch=&#8220;true&#8220; enable_3d=&#8220;true&#8220; min_height=&#8220;500&#8243; sidebar=&#8220;sidebar-1&#8243;][vc_column css=&#8220;.vc_custom_1520808277963{padding-top: 220px !important;}&#8220;][vc_column_text align=&#8220;center&#8220; css=&#8220;.vc_custom_1520808363847{margin-bottom: 0px !important;}&#8220;]\n<h1><span style=\"color: #ffffff; font-size: 55px;\">Paralio Astros<\/span><\/h1>\n[\/vc_column_text][\/vc_column][\/mk_page_section][vc_row][vc_column css=&#8220;.vc_custom_1520808370889{padding-top: 30px !important;}&#8220;][vc_column_text css=&#8220;.vc_custom_1548067541498{margin-bottom: 0px !important;}&#8220;]\n<h2>Das Paralio Astros befindet sich in Peloponnes, in der Pr\u00e4fektur Arkadien. Es ist 30 km von Nafplio entfernt.<\/h2>\n<p>Paralio Astros bot f\u00fcr ruhige, romantische Spazierg\u00e4nge im malerischen Hafen mit Fischerbooten sowie die Erkundung der malerischen kleinen Stra\u00dfen an.<\/p>\n<p>Der Ort Paralio Astros, eine kleine K\u00fcstenstadt, verf\u00fcgt \u00fcber alle Einrichtungen, die Sie f\u00fcr einen angenehmen Aufenthalt ben\u00f6tigen. Im Sommer wird es lebhafter in den vielen wunderbaren Gesch\u00e4ften, Caf\u00e9s, k\u00f6stlichen Fischtavernen, Restaurants und Bars f\u00fcrs Nachtleben. Auch der gro\u00dfe Hauptplatz am Hafen von Paralio Astros ist voll von Caf\u00e9s und Tavernen, die den ganzen Tag \u00fcber ge\u00f6ffnet sind, wo Sie essen und entspannt Kaffee trinken k\u00f6nnen. Am Hauptplatz finden Sie auch eine Bank und Geldautomaten. Einige Meter weiter entfernt vom Hauptplatz liegt ein Postamt und eine Polizeistation.<\/p>\n<p>F\u00fcr Besucher, die die n\u00e4here Umgebung vom Meer aus erkunden m\u00f6chten, k\u00f6nnen sehr interessante Ausfl\u00fcge in die Bucht von Argosaroniko organisiert werden.[\/vc_column_text][\/vc_column][\/vc_row][vc_row fullwidth=&#8220;true&#8220;][vc_column][vc_raw_html]JTNDaWZyYW1lJTIwd2lkdGglM0QlMjIxMDAlMjUlMjIlMjBoZWlnaHQlM0QlMjI1MTUlMjIlMjBzcmMlM0QlMjJodHRwcyUzQSUyRiUyRnd3dy55b3V0dWJlLmNvbSUyRmVtYmVkJTJGbG1pMllhNlNuaVElMjIlMjBmcmFtZWJvcmRlciUzRCUyMjAlMjIlMjBhbGxvdyUzRCUyMmF1dG9wbGF5JTNCJTIwZW5jcnlwdGVkLW1lZGlhJTIyJTIwYWxsb3dmdWxsc2NyZWVuJTNFJTNDJTJGaWZyYW1lJTNF[\/vc_raw_html][\/vc_column][\/vc_row][vc_row][vc_column][vc_column_text css=&#8220;.vc_custom_1548067784197{margin-bottom: 0px !important;}&#8220;]\n<h2>Essen in Paralio Astros<\/h2>\n<p>Es gibt viele Tavernen und Fischrestaurants an der K\u00fcstenstra\u00dfe, die vom &#8222;Nisi&#8220; (H\u00fcgel) bis zu den T\u00fcren (Bereich) f\u00fchrt.<\/p>\n<p>Vom Platz aus, kurz vor dem Parken in der N\u00e4he des Hafens, k\u00f6nnen Sie griechisches Essen und Pizza auf dem Paralio Astros Platz genie\u00dfen.<\/p>\n<p>Auf der anderen Seite von Paralio Astros, nach Nafplio, finden Sie in &#8222;Glyfada&#8220; ein Restaurant &#8211; eine Taverne mit einer gro\u00dfen Auswahl an Fisch-, Fleisch- und griechischen Gerichten.<\/p>\n<p>Im Caf\u00e9-Restaurant \u00abLa Luna\u00bb in Portes (160 Meter von den Houdis-H\u00e4usern entfernt) k\u00f6nnen Sie den ganzen Tag \u00fcber Ouzo, Pizza, Pasta und andere griechische Gerichte genie\u00dfen.<\/p>\n<h2>Nachtleben &#8211; Caf\u00e9 Bar in Paralio Astros<\/h2>\n<p>F\u00fcr Besucher, die Clubing wollen, hat Paralio Astros zwei Clubs.<br \/>\n[\/vc_column_text][\/vc_column][\/vc_row][vc_row][vc_column][mk_gallery images=&#8220;174,167,168,169,170,171,172,173,175,176,181,73,74,177,180,178,179,79&#8243; style=&#8220;style1&#8243; hover_scenarios=&#8220;slow_zoom&#8220; orderby=&#8220;post__in&#8220;][\/vc_column][\/vc_row]\n<\/div>","protected":false},"excerpt":{"rendered":"<p>[mk_page_section bg_image=&#8220;https:\/\/houdishouses.gr\/wp-content\/uploads\/2018\/03\/paralio-astros-1.jpg&#8220; bg_position=&#8220;center center&#8220; bg_stretch=&#8220;true&#8220; enable_3d=&#8220;true&#8220; min_height=&#8220;500&#8243; sidebar=&#8220;sidebar-1&#8243;][vc_column css=&#8220;.vc_custom_1520808277963{padding-top: 220px !important;}&#8220;][vc_column_text align=&#8220;center&#8220; css=&#8220;.vc_custom_1520808363847{margin-bottom: 0px !important;}&#8220;] Paralio Astros [\/vc_column_text][\/vc_column][\/mk_page_section][vc_row][vc_column css=&#8220;.vc_custom_1520808370889{padding-top: 30px !important;}&#8220;][vc_column_text css=&#8220;.vc_custom_1548067541498{margin-bottom: 0px !important;}&#8220;] Das Paralio Astros befindet sich in Peloponnes, in der Pr\u00e4fektur Arkadien. Es ist 30 km von Nafplio entfernt. Paralio Astros bot f\u00fcr ruhige, romantische Spazierg\u00e4nge im malerischen Hafen mit Fischerbooten sowie [&hellip;]<\/p>\n","protected":false},"author":1,"featured_media":0,"parent":0,"menu_order":0,"comment_status":"closed","ping_status":"closed","template":"","meta":{"footnotes":""},"class_list":["post-635","page","type-page","status-publish","hentry"],"yoast_head":"<!-- This site is optimized with the Yoast SEO plugin v27.6 - https:\/\/yoast.com\/product\/yoast-seo-wordpress\/ -->\n<title>Paralio Astros - Houdis Houses<\/title>\n<meta name=\"robots\" content=\"index, follow, max-snippet:-1, max-image-preview:large, max-video-preview:-1\" \/>\n<link rel=\"canonical\" href=\"https:\/\/houdishouses.gr\/de\/paralio-astros\/\" \/>\n<meta property=\"og:locale\" content=\"de_DE\" \/>\n<meta property=\"og:type\" content=\"article\" \/>\n<meta property=\"og:title\" content=\"Paralio Astros - Houdis Houses\" \/>\n<meta property=\"og:description\" content=\"[mk_page_section bg_image=&#8220;https:\/\/houdishouses.gr\/wp-content\/uploads\/2018\/03\/paralio-astros-1.jpg&#8220; bg_position=&#8220;center center&#8220; bg_stretch=&#8220;true&#8220; enable_3d=&#8220;true&#8220; min_height=&#8220;500&#8243; sidebar=&#8220;sidebar-1&#8243;][vc_column css=&#8220;.vc_custom_1520808277963{padding-top: 220px !important;}&#8220;][vc_column_text align=&#8220;center&#8220; css=&#8220;.vc_custom_1520808363847{margin-bottom: 0px !important;}&#8220;] Paralio Astros [\/vc_column_text][\/vc_column][\/mk_page_section][vc_row][vc_column css=&#8220;.vc_custom_1520808370889{padding-top: 30px !important;}&#8220;][vc_column_text css=&#8220;.vc_custom_1548067541498{margin-bottom: 0px !important;}&#8220;] Das Paralio Astros befindet sich in Peloponnes, in der Pr\u00e4fektur Arkadien. Es ist 30 km von Nafplio entfernt. Paralio Astros bot f\u00fcr ruhige, romantische Spazierg\u00e4nge im malerischen Hafen mit Fischerbooten sowie [&hellip;]\" \/>\n<meta property=\"og:url\" content=\"https:\/\/houdishouses.gr\/de\/paralio-astros\/\" \/>\n<meta property=\"og:site_name\" content=\"Houdis Houses\" \/>\n<meta property=\"article:modified_time\" content=\"2019-01-21T10:49:51+00:00\" \/>\n<meta name=\"twitter:card\" content=\"summary_large_image\" \/>\n<meta name=\"twitter:label1\" content=\"Gesch\u00e4tzte Lesezeit\" \/>\n\t<meta name=\"twitter:data1\" content=\"2\u00a0Minuten\" \/>\n<script type=\"application\/ld+json\" class=\"yoast-schema-graph\">{\"@context\":\"https:\\\/\\\/schema.org\",\"@graph\":[{\"@type\":\"WebPage\",\"@id\":\"https:\\\/\\\/houdishouses.gr\\\/de\\\/paralio-astros\\\/\",\"url\":\"https:\\\/\\\/houdishouses.gr\\\/de\\\/paralio-astros\\\/\",\"name\":\"Paralio Astros - Houdis Houses\",\"isPartOf\":{\"@id\":\"https:\\\/\\\/houdishouses.gr\\\/#website\"},\"datePublished\":\"2018-03-11T22:40:17+00:00\",\"dateModified\":\"2019-01-21T10:49:51+00:00\",\"breadcrumb\":{\"@id\":\"https:\\\/\\\/houdishouses.gr\\\/de\\\/paralio-astros\\\/#breadcrumb\"},\"inLanguage\":\"de\",\"potentialAction\":[{\"@type\":\"ReadAction\",\"target\":[\"https:\\\/\\\/houdishouses.gr\\\/de\\\/paralio-astros\\\/\"]}]},{\"@type\":\"BreadcrumbList\",\"@id\":\"https:\\\/\\\/houdishouses.gr\\\/de\\\/paralio-astros\\\/#breadcrumb\",\"itemListElement\":[{\"@type\":\"ListItem\",\"position\":1,\"name\":\"Home\",\"item\":\"https:\\\/\\\/houdishouses.gr\\\/de\\\/\"},{\"@type\":\"ListItem\",\"position\":2,\"name\":\"Paralio Astros\"}]},{\"@type\":\"WebSite\",\"@id\":\"https:\\\/\\\/houdishouses.gr\\\/#website\",\"url\":\"https:\\\/\\\/houdishouses.gr\\\/\",\"name\":\"Houdis Houses\",\"description\":\"Houdis Houses - Paralio Astros Peloponnes\",\"potentialAction\":[{\"@type\":\"SearchAction\",\"target\":{\"@type\":\"EntryPoint\",\"urlTemplate\":\"https:\\\/\\\/houdishouses.gr\\\/?s={search_term_string}\"},\"query-input\":{\"@type\":\"PropertyValueSpecification\",\"valueRequired\":true,\"valueName\":\"search_term_string\"}}],\"inLanguage\":\"de\"}]}<\/script>\n<!-- \/ Yoast SEO plugin. -->","yoast_head_json":{"title":"Paralio Astros - Houdis Houses","robots":{"index":"index","follow":"follow","max-snippet":"max-snippet:-1","max-image-preview":"max-image-preview:large","max-video-preview":"max-video-preview:-1"},"canonical":"https:\/\/houdishouses.gr\/de\/paralio-astros\/","og_locale":"de_DE","og_type":"article","og_title":"Paralio Astros - Houdis Houses","og_description":"[mk_page_section bg_image=&#8220;https:\/\/houdishouses.gr\/wp-content\/uploads\/2018\/03\/paralio-astros-1.jpg&#8220; bg_position=&#8220;center center&#8220; bg_stretch=&#8220;true&#8220; enable_3d=&#8220;true&#8220; min_height=&#8220;500&#8243; sidebar=&#8220;sidebar-1&#8243;][vc_column css=&#8220;.vc_custom_1520808277963{padding-top: 220px !important;}&#8220;][vc_column_text align=&#8220;center&#8220; css=&#8220;.vc_custom_1520808363847{margin-bottom: 0px !important;}&#8220;] Paralio Astros [\/vc_column_text][\/vc_column][\/mk_page_section][vc_row][vc_column css=&#8220;.vc_custom_1520808370889{padding-top: 30px !important;}&#8220;][vc_column_text css=&#8220;.vc_custom_1548067541498{margin-bottom: 0px !important;}&#8220;] Das Paralio Astros befindet sich in Peloponnes, in der Pr\u00e4fektur Arkadien. Es ist 30 km von Nafplio entfernt. Paralio Astros bot f\u00fcr ruhige, romantische Spazierg\u00e4nge im malerischen Hafen mit Fischerbooten sowie [&hellip;]","og_url":"https:\/\/houdishouses.gr\/de\/paralio-astros\/","og_site_name":"Houdis Houses","article_modified_time":"2019-01-21T10:49:51+00:00","twitter_card":"summary_large_image","twitter_misc":{"Gesch\u00e4tzte Lesezeit":"2\u00a0Minuten"},"schema":{"@context":"https:\/\/schema.org","@graph":[{"@type":"WebPage","@id":"https:\/\/houdishouses.gr\/de\/paralio-astros\/","url":"https:\/\/houdishouses.gr\/de\/paralio-astros\/","name":"Paralio Astros - Houdis Houses","isPartOf":{"@id":"https:\/\/houdishouses.gr\/#website"},"datePublished":"2018-03-11T22:40:17+00:00","dateModified":"2019-01-21T10:49:51+00:00","breadcrumb":{"@id":"https:\/\/houdishouses.gr\/de\/paralio-astros\/#breadcrumb"},"inLanguage":"de","potentialAction":[{"@type":"ReadAction","target":["https:\/\/houdishouses.gr\/de\/paralio-astros\/"]}]},{"@type":"BreadcrumbList","@id":"https:\/\/houdishouses.gr\/de\/paralio-astros\/#breadcrumb","itemListElement":[{"@type":"ListItem","position":1,"name":"Home","item":"https:\/\/houdishouses.gr\/de\/"},{"@type":"ListItem","position":2,"name":"Paralio Astros"}]},{"@type":"WebSite","@id":"https:\/\/houdishouses.gr\/#website","url":"https:\/\/houdishouses.gr\/","name":"Houdis Houses","description":"Houdis Houses - Paralio Astros Peloponnes","potentialAction":[{"@type":"SearchAction","target":{"@type":"EntryPoint","urlTemplate":"https:\/\/houdishouses.gr\/?s={search_term_string}"},"query-input":{"@type":"PropertyValueSpecification","valueRequired":true,"valueName":"search_term_string"}}],"inLanguage":"de"}]}},"_links":{"self":[{"href":"https:\/\/houdishouses.gr\/de\/wp-json\/wp\/v2\/pages\/635","targetHints":{"allow":["GET"]}}],"collection":[{"href":"https:\/\/houdishouses.gr\/de\/wp-json\/wp\/v2\/pages"}],"about":[{"href":"https:\/\/houdishouses.gr\/de\/wp-json\/wp\/v2\/types\/page"}],"author":[{"embeddable":true,"href":"https:\/\/houdishouses.gr\/de\/wp-json\/wp\/v2\/users\/1"}],"replies":[{"embeddable":true,"href":"https:\/\/houdishouses.gr\/de\/wp-json\/wp\/v2\/comments?post=635"}],"version-history":[{"count":3,"href":"https:\/\/houdishouses.gr\/de\/wp-json\/wp\/v2\/pages\/635\/revisions"}],"predecessor-version":[{"id":639,"href":"https:\/\/houdishouses.gr\/de\/wp-json\/wp\/v2\/pages\/635\/revisions\/639"}],"wp:attachment":[{"href":"https:\/\/houdishouses.gr\/de\/wp-json\/wp\/v2\/media?parent=635"}],"curies":[{"name":"wp","href":"https:\/\/api.w.org\/{rel}","templated":true}]}}