{"id":640,"date":"2018-03-07T22:11:11","date_gmt":"2018-03-07T20:11:11","guid":{"rendered":"https:\/\/houdishouses.gr\/how-to-find-us\/"},"modified":"2019-01-21T12:54:56","modified_gmt":"2019-01-21T10:54:56","slug":"so-finden-sie-uns","status":"publish","type":"page","link":"https:\/\/houdishouses.gr\/de\/so-finden-sie-uns\/","title":{"rendered":"So finden Sie uns"},"content":{"rendered":"<div class=\"wpb-content-wrapper\">[mk_page_section bg_image=&#8220;https:\/\/houdishouses.gr\/wp-content\/uploads\/2018\/03\/houdishouses_main_pool-1.jpg&#8220; bg_position=&#8220;center center&#8220; bg_stretch=&#8220;true&#8220; enable_3d=&#8220;true&#8220; min_height=&#8220;391&#8243; sidebar=&#8220;sidebar-1&#8243;][vc_column][\/vc_column][\/mk_page_section][vc_row][vc_column][vc_empty_space][\/vc_column][\/vc_row][vc_row][vc_column width=&#8220;1\/2&#8243;][vc_column_text css=&#8220;.vc_custom_1520904525908{margin-bottom: 0px !important;}&#8220;]\n<h1 class=\"page-title\"><span style=\"font-weight: 55px;\">How to find us<\/span><\/h1>\n[\/vc_column_text][vc_column_text css=&#8220;.vc_custom_1548068076904{margin-bottom: 0px !important;}&#8220;]Paralio Astros befindet sich auf der \u00f6stlichen K\u00fcste von Peloponnes in S\u00fcdgriechenland. Der kleine Dorf liegt 172 km weit von der Hauptstadt Athen und kombiniert Familienferien am Meer mit der M\u00f6glichkeit mehrere Alt- und Neugriechische Sehensw\u00fcrdigkeiten zu besuchen, wie zum Beispiel Mycenae (44 km), Nemea (64 km) und den Burg von Palamidi (32 km).<br \/>\nSuchen Sie auf Google Maps direkt \u201cHoudis Houses\u201d f\u00fcr genaue Informationen .<\/p>\n<p>Die HOUDIS HOUSES liegen 200m vom Zentrum Paralio Astros entfernt in Richtung Astros.<\/p>\n<p><strong>Wegbeschreibung von Athen nach Houdis Houses (Astros)<br \/>\n<\/strong><\/p>\n<ul>\n<li>Fahren Sie auf Athens Tripoli EO \/ EG New Tripoli Kalamata nach S\u00fcden<\/li>\n<li>Nehmen Sie die Ausfahrt 6 &#8211; Sterna Node nach Argos \/ Astros<\/li>\n<li>Betritt den EO Corinthos &#8211; Tripoli<\/li>\n<li>Von Argos f\u00fchren (Beschilderung nach Astros folgen)<\/li>\n<li>Nach dem Myloi Village biegen Sie links ab in Richtung Kiveri &#8211; Leonidio<\/li>\n<li>Bei ParalioAstros (Paliochano) links abbiegen<\/li>\n<li>Paraliou Astros &#8211; Tripoli Stra\u00dfe<\/li>\n<\/ul>\n<p>Zu Ihrer Verf\u00fcgung f\u00fcr weitere Informationen Frau Magdalini Chounti\u00a0<a class=\"new-window\" title=\"+30697 3981 384\" href=\"tel:6973981384\" target=\"_blank\" rel=\"noopener\">+306973981384<\/a>[\/vc_column_text][\/vc_column][vc_column width=&#8220;1\/2&#8243;][vc_raw_html]JTNDaWZyYW1lJTIwc3JjJTNEJTIyaHR0cHMlM0ElMkYlMkZ3d3cuZ29vZ2xlLmNvbSUyRm1hcHMlMkZlbWJlZCUzRnBiJTNEJTIxMW0yOCUyMTFtMTIlMjExbTMlMjExZDYxODc3Ny42NzczNjE0NzI5JTIxMmQyMi43MzM1NzAyODk4NDg3NjQlMjEzZDM3LjYyNDA2OTgxNDU5MjE3JTIxMm0zJTIxMWYwJTIxMmYwJTIxM2YwJTIxM20yJTIxMWkxMDI0JTIxMmk3NjglMjE0ZjEzLjElMjE0bTEzJTIxM2UwJTIxNG01JTIxMXMweDE0YTFiZDFmMDY3MDQzZjElMjUzQTB4MjczNjM1NDU3NjY2OGRkZCUyMTJzQXRoZW5zJTI1MkMlMkJHcmVlY2UlMjEzbTIlMjExZDM3Ljk4MzgwOTYlMjEyZDIzLjcyNzUzODc5OTk5OTk5OCUyMTRtNSUyMTFzMHgxNDlmZTc3MzFjYWQ1ZDBiJTI1M0EweGFhZDg4YjIxNzU2MTQyZjAlMjEyc0hvdWRpcyUyQkhvdXNlcyUyNTJDJTJCVm9yaWElMkJLaW5vdXJpYSUyNTJDJTJCR3JlZWNlJTIxM20yJTIxMWQzNy40MDg3OTglMjEyZDIyLjc1NDI3Mjk5OTk5OTk5OCUyMTVlMSUyMTNtMiUyMTFzZW4lMjEyc3VzJTIxNHYxNTIwOTA4ODg1MjgzJTIyJTIwd2lkdGglM0QlMjI2MDAlMjIlMjBoZWlnaHQlM0QlMjI0NTAlMjIlMjBmcmFtZWJvcmRlciUzRCUyMjAlMjIlMjBzdHlsZSUzRCUyMmJvcmRlciUzQTAlMjIlMjBhbGxvd2Z1bGxzY3JlZW4lM0UlM0MlMkZpZnJhbWUlM0U=[\/vc_raw_html][\/vc_column][\/vc_row]\n<\/div>","protected":false},"excerpt":{"rendered":"<p>[mk_page_section bg_image=&#8220;https:\/\/houdishouses.gr\/wp-content\/uploads\/2018\/03\/houdishouses_main_pool-1.jpg&#8220; bg_position=&#8220;center center&#8220; bg_stretch=&#8220;true&#8220; enable_3d=&#8220;true&#8220; min_height=&#8220;391&#8243; sidebar=&#8220;sidebar-1&#8243;][vc_column][\/vc_column][\/mk_page_section][vc_row][vc_column][vc_empty_space][\/vc_column][\/vc_row][vc_row][vc_column width=&#8220;1\/2&#8243;][vc_column_text css=&#8220;.vc_custom_1520904525908{margin-bottom: 0px !important;}&#8220;] How to find us [\/vc_column_text][vc_column_text css=&#8220;.vc_custom_1548068076904{margin-bottom: 0px !important;}&#8220;]Paralio Astros befindet sich auf der \u00f6stlichen K\u00fcste von Peloponnes in S\u00fcdgriechenland. Der kleine Dorf liegt 172 km weit von der Hauptstadt Athen und kombiniert Familienferien am Meer mit der M\u00f6glichkeit mehrere Alt- und Neugriechische Sehensw\u00fcrdigkeiten [&hellip;]<\/p>\n","protected":false},"author":1,"featured_media":0,"parent":0,"menu_order":0,"comment_status":"closed","ping_status":"closed","template":"","meta":{"footnotes":""},"class_list":["post-640","page","type-page","status-publish","hentry"],"yoast_head":"<!-- This site is optimized with the Yoast SEO plugin v27.6 - https:\/\/yoast.com\/product\/yoast-seo-wordpress\/ -->\n<title>So finden Sie uns - Houdis Houses<\/title>\n<meta name=\"robots\" content=\"index, follow, max-snippet:-1, max-image-preview:large, max-video-preview:-1\" \/>\n<link rel=\"canonical\" href=\"https:\/\/houdishouses.gr\/de\/so-finden-sie-uns\/\" \/>\n<meta property=\"og:locale\" content=\"de_DE\" \/>\n<meta property=\"og:type\" content=\"article\" \/>\n<meta property=\"og:title\" content=\"So finden Sie uns - Houdis Houses\" \/>\n<meta property=\"og:description\" content=\"[mk_page_section bg_image=&#8220;https:\/\/houdishouses.gr\/wp-content\/uploads\/2018\/03\/houdishouses_main_pool-1.jpg&#8220; bg_position=&#8220;center center&#8220; bg_stretch=&#8220;true&#8220; enable_3d=&#8220;true&#8220; min_height=&#8220;391&#8243; sidebar=&#8220;sidebar-1&#8243;][vc_column][\/vc_column][\/mk_page_section][vc_row][vc_column][vc_empty_space][\/vc_column][\/vc_row][vc_row][vc_column width=&#8220;1\/2&#8243;][vc_column_text css=&#8220;.vc_custom_1520904525908{margin-bottom: 0px !important;}&#8220;] How to find us [\/vc_column_text][vc_column_text css=&#8220;.vc_custom_1548068076904{margin-bottom: 0px !important;}&#8220;]Paralio Astros befindet sich auf der \u00f6stlichen K\u00fcste von Peloponnes in S\u00fcdgriechenland. Der kleine Dorf liegt 172 km weit von der Hauptstadt Athen und kombiniert Familienferien am Meer mit der M\u00f6glichkeit mehrere Alt- und Neugriechische Sehensw\u00fcrdigkeiten [&hellip;]\" \/>\n<meta property=\"og:url\" content=\"https:\/\/houdishouses.gr\/de\/so-finden-sie-uns\/\" \/>\n<meta property=\"og:site_name\" content=\"Houdis Houses\" \/>\n<meta property=\"article:modified_time\" content=\"2019-01-21T10:54:56+00:00\" \/>\n<meta name=\"twitter:card\" content=\"summary_large_image\" \/>\n<meta name=\"twitter:label1\" content=\"Gesch\u00e4tzte Lesezeit\" \/>\n\t<meta name=\"twitter:data1\" content=\"2\u00a0Minuten\" \/>\n<script type=\"application\/ld+json\" class=\"yoast-schema-graph\">{\"@context\":\"https:\\\/\\\/schema.org\",\"@graph\":[{\"@type\":\"WebPage\",\"@id\":\"https:\\\/\\\/houdishouses.gr\\\/de\\\/so-finden-sie-uns\\\/\",\"url\":\"https:\\\/\\\/houdishouses.gr\\\/de\\\/so-finden-sie-uns\\\/\",\"name\":\"So finden Sie uns - Houdis Houses\",\"isPartOf\":{\"@id\":\"https:\\\/\\\/houdishouses.gr\\\/#website\"},\"datePublished\":\"2018-03-07T20:11:11+00:00\",\"dateModified\":\"2019-01-21T10:54:56+00:00\",\"breadcrumb\":{\"@id\":\"https:\\\/\\\/houdishouses.gr\\\/de\\\/so-finden-sie-uns\\\/#breadcrumb\"},\"inLanguage\":\"de\",\"potentialAction\":[{\"@type\":\"ReadAction\",\"target\":[\"https:\\\/\\\/houdishouses.gr\\\/de\\\/so-finden-sie-uns\\\/\"]}]},{\"@type\":\"BreadcrumbList\",\"@id\":\"https:\\\/\\\/houdishouses.gr\\\/de\\\/so-finden-sie-uns\\\/#breadcrumb\",\"itemListElement\":[{\"@type\":\"ListItem\",\"position\":1,\"name\":\"Home\",\"item\":\"https:\\\/\\\/houdishouses.gr\\\/de\\\/\"},{\"@type\":\"ListItem\",\"position\":2,\"name\":\"So finden Sie uns\"}]},{\"@type\":\"WebSite\",\"@id\":\"https:\\\/\\\/houdishouses.gr\\\/#website\",\"url\":\"https:\\\/\\\/houdishouses.gr\\\/\",\"name\":\"Houdis Houses\",\"description\":\"Houdis Houses - Paralio Astros Peloponnes\",\"potentialAction\":[{\"@type\":\"SearchAction\",\"target\":{\"@type\":\"EntryPoint\",\"urlTemplate\":\"https:\\\/\\\/houdishouses.gr\\\/?s={search_term_string}\"},\"query-input\":{\"@type\":\"PropertyValueSpecification\",\"valueRequired\":true,\"valueName\":\"search_term_string\"}}],\"inLanguage\":\"de\"}]}<\/script>\n<!-- \/ Yoast SEO plugin. -->","yoast_head_json":{"title":"So finden Sie uns - Houdis Houses","robots":{"index":"index","follow":"follow","max-snippet":"max-snippet:-1","max-image-preview":"max-image-preview:large","max-video-preview":"max-video-preview:-1"},"canonical":"https:\/\/houdishouses.gr\/de\/so-finden-sie-uns\/","og_locale":"de_DE","og_type":"article","og_title":"So finden Sie uns - Houdis Houses","og_description":"[mk_page_section bg_image=&#8220;https:\/\/houdishouses.gr\/wp-content\/uploads\/2018\/03\/houdishouses_main_pool-1.jpg&#8220; bg_position=&#8220;center center&#8220; bg_stretch=&#8220;true&#8220; enable_3d=&#8220;true&#8220; min_height=&#8220;391&#8243; sidebar=&#8220;sidebar-1&#8243;][vc_column][\/vc_column][\/mk_page_section][vc_row][vc_column][vc_empty_space][\/vc_column][\/vc_row][vc_row][vc_column width=&#8220;1\/2&#8243;][vc_column_text css=&#8220;.vc_custom_1520904525908{margin-bottom: 0px !important;}&#8220;] How to find us [\/vc_column_text][vc_column_text css=&#8220;.vc_custom_1548068076904{margin-bottom: 0px !important;}&#8220;]Paralio Astros befindet sich auf der \u00f6stlichen K\u00fcste von Peloponnes in S\u00fcdgriechenland. Der kleine Dorf liegt 172 km weit von der Hauptstadt Athen und kombiniert Familienferien am Meer mit der M\u00f6glichkeit mehrere Alt- und Neugriechische Sehensw\u00fcrdigkeiten [&hellip;]","og_url":"https:\/\/houdishouses.gr\/de\/so-finden-sie-uns\/","og_site_name":"Houdis Houses","article_modified_time":"2019-01-21T10:54:56+00:00","twitter_card":"summary_large_image","twitter_misc":{"Gesch\u00e4tzte Lesezeit":"2\u00a0Minuten"},"schema":{"@context":"https:\/\/schema.org","@graph":[{"@type":"WebPage","@id":"https:\/\/houdishouses.gr\/de\/so-finden-sie-uns\/","url":"https:\/\/houdishouses.gr\/de\/so-finden-sie-uns\/","name":"So finden Sie uns - Houdis Houses","isPartOf":{"@id":"https:\/\/houdishouses.gr\/#website"},"datePublished":"2018-03-07T20:11:11+00:00","dateModified":"2019-01-21T10:54:56+00:00","breadcrumb":{"@id":"https:\/\/houdishouses.gr\/de\/so-finden-sie-uns\/#breadcrumb"},"inLanguage":"de","potentialAction":[{"@type":"ReadAction","target":["https:\/\/houdishouses.gr\/de\/so-finden-sie-uns\/"]}]},{"@type":"BreadcrumbList","@id":"https:\/\/houdishouses.gr\/de\/so-finden-sie-uns\/#breadcrumb","itemListElement":[{"@type":"ListItem","position":1,"name":"Home","item":"https:\/\/houdishouses.gr\/de\/"},{"@type":"ListItem","position":2,"name":"So finden Sie uns"}]},{"@type":"WebSite","@id":"https:\/\/houdishouses.gr\/#website","url":"https:\/\/houdishouses.gr\/","name":"Houdis Houses","description":"Houdis Houses - Paralio Astros Peloponnes","potentialAction":[{"@type":"SearchAction","target":{"@type":"EntryPoint","urlTemplate":"https:\/\/houdishouses.gr\/?s={search_term_string}"},"query-input":{"@type":"PropertyValueSpecification","valueRequired":true,"valueName":"search_term_string"}}],"inLanguage":"de"}]}},"_links":{"self":[{"href":"https:\/\/houdishouses.gr\/de\/wp-json\/wp\/v2\/pages\/640","targetHints":{"allow":["GET"]}}],"collection":[{"href":"https:\/\/houdishouses.gr\/de\/wp-json\/wp\/v2\/pages"}],"about":[{"href":"https:\/\/houdishouses.gr\/de\/wp-json\/wp\/v2\/types\/page"}],"author":[{"embeddable":true,"href":"https:\/\/houdishouses.gr\/de\/wp-json\/wp\/v2\/users\/1"}],"replies":[{"embeddable":true,"href":"https:\/\/houdishouses.gr\/de\/wp-json\/wp\/v2\/comments?post=640"}],"version-history":[{"count":2,"href":"https:\/\/houdishouses.gr\/de\/wp-json\/wp\/v2\/pages\/640\/revisions"}],"predecessor-version":[{"id":642,"href":"https:\/\/houdishouses.gr\/de\/wp-json\/wp\/v2\/pages\/640\/revisions\/642"}],"wp:attachment":[{"href":"https:\/\/houdishouses.gr\/de\/wp-json\/wp\/v2\/media?parent=640"}],"curies":[{"name":"wp","href":"https:\/\/api.w.org\/{rel}","templated":true}]}}