{"id":823,"date":"2018-03-07T18:33:56","date_gmt":"2018-03-07T18:33:56","guid":{"rendered":"https:\/\/houdishouses.gr\/?page_id=823"},"modified":"2024-05-21T21:44:42","modified_gmt":"2024-05-21T19:44:42","slug":"houdis-houses","status":"publish","type":"page","link":"https:\/\/houdishouses.gr\/fr\/","title":{"rendered":"Houdis Houses"},"content":{"rendered":"<div class=\"wpb-content-wrapper\">[mk_page_section bg_image=\u00a0\u00bbhttps:\/\/houdishouses.gr\/wp-content\/uploads\/2018\/03\/houdishouses_main_pool.jpg\u00a0\u00bb bg_position=\u00a0\u00bbcenter top\u00a0\u00bb bg_stretch=\u00a0\u00bbtrue\u00a0\u00bb enable_3d=\u00a0\u00bbtrue\u00a0\u00bb min_height=\u00a0\u00bb620&Prime; visibility=\u00a0\u00bbhidden-sm\u00a0\u00bb sidebar=\u00a0\u00bbsidebar-1&Prime;][vc_column][\/vc_column][\/mk_page_section][vc_row fullwidth=\u00a0\u00bbtrue\u00a0\u00bb visibility=\u00a0\u00bbvisible-sm\u00a0\u00bb][vc_column][vc_single_image image=\u00a0\u00bb47&Prime; img_size=\u00a0\u00bbfull\u00a0\u00bb alignment=\u00a0\u00bbcenter\u00a0\u00bb][\/vc_column][\/vc_row][vc_row][vc_column][mk_padding_divider][\/vc_column][\/vc_row][mk_page_section top_shape_bg_color=\u00a0\u00bb#333333&Prime; bottom_shape_size=\u00a0\u00bbsmall\u00a0\u00bb bottom_shape_color=\u00a0\u00bb#ffffff\u00a0\u00bb bottom_shape_bg_color=\u00a0\u00bb#999999&Prime; sidebar=\u00a0\u00bbsidebar-1&Prime;][vc_column][vc_column_text align=\u00a0\u00bbcenter\u00a0\u00bb css=\u00a0\u00bb.vc_custom_1559051865162{margin-bottom: 0px !important;}\u00a0\u00bb]\n<h1>Houdis Houses, Vacances en famille dans le P\u00e9loponn\u00e8se<\/h1>\n<h2>Maisonnettes Ind\u00e9pendantes Au P\u00e9loponn\u00e8se<\/h2>\n[\/vc_column_text][\/vc_column][\/mk_page_section][vc_row][vc_column width=\u00a0\u00bb1\/6&Prime;][\/vc_column][vc_column width=\u00a0\u00bb2\/3&Prime;][vc_column_text css=\u00a0\u00bb.vc_custom_1716320680898{margin-bottom: 0px !important;}\u00a0\u00bb]\n<div class=\"c-6\">\n<p>Dans un domaine d&rsquo;un acre, vous trouverez nos huit maisonnettes ind\u00e9pendantes \u00e0 Paralio Astros.Profitez de la vue sur la mer depuis votre balcon ou d\u00e9tendez-vous au bord de la piscine au centre du complexe.Notre jardin, plant\u00e9 d&rsquo;oliviers, de palmiers et de fleurs, offre un environnement convivial, loin de la routine quotidienne. Profitez de moments de bonheur avec votre famille et vos amis lors de nos deux barbecues.<\/p>\n<p>L&#8217;emplacement particulier du complexe offre un environnement s\u00fbr pour les jeux sans soucis de vos enfants, proches de la nature. Nous vous proposons d&rsquo;utiliser une voiture ou un v\u00e9lo pour votre transport vers la mer et le village.<\/p>\n<\/div>\n[\/vc_column_text][\/vc_column][vc_column width=\u00a0\u00bb1\/6&Prime;][\/vc_column][\/vc_row][vc_row][vc_column width=\u00a0\u00bb1\/3&Prime;][vc_single_image image=\u00a0\u00bb40&Prime; img_size=\u00a0\u00bb600&#215;400&Prime; alignment=\u00a0\u00bbcenter\u00a0\u00bb][\/vc_column][vc_column width=\u00a0\u00bb1\/3&Prime;][vc_single_image image=\u00a0\u00bb49&Prime; img_size=\u00a0\u00bb600&#215;400&Prime; alignment=\u00a0\u00bbcenter\u00a0\u00bb][\/vc_column][vc_column width=\u00a0\u00bb1\/3&Prime;][vc_single_image image=\u00a0\u00bb56&Prime; img_size=\u00a0\u00bb600&#215;400&Prime; alignment=\u00a0\u00bbcenter\u00a0\u00bb css=\u00a0\u00bb.vc_custom_1520727901514{margin: 0px !important;padding: 0px !important;}\u00a0\u00bb][vc_column_text align=\u00a0\u00bbright\u00a0\u00bb css=\u00a0\u00bb.vc_custom_1520728112272{margin: 0px !important;padding: 0px !important;}\u00a0\u00bb]<a href=\"\/photos\"><u>Photos<\/u>\u00a0\u2192<\/a>[\/vc_column_text][\/vc_column][\/vc_row][vc_row][vc_column][vc_column_text css=\u00a0\u00bb.vc_custom_1520455214525{margin-bottom: 0px !important;}\u00a0\u00bb]\n<h2>Facilities<\/h2>\n[\/vc_column_text][\/vc_column][\/vc_row][vc_row][vc_column width=\u00a0\u00bb1\/2&Prime;][mk_custom_list style=\u00a0\u00bbmk-icon-wifi\u00a0\u00bb margin_bottom=\u00a0\u00bb-6&Prime;]\n<ul>\n<li>Internet haut d\u00e9bit gratuit Starlink Wifi<\/li>\n<\/ul>\n[\/mk_custom_list][mk_custom_list style=\u00a0\u00bbmk-icon-bitbucket-square\u00a0\u00bb margin_bottom=\u00a0\u00bb-6&Prime;]\n<ul>\n<li>Cuisini\u00e8re \u00e9lectrique avec four<\/li>\n<\/ul>\n[\/mk_custom_list][mk_custom_list style=\u00a0\u00bbmk-li-coffee\u00a0\u00bb margin_bottom=\u00a0\u00bb-6&Prime;]\n<ul>\n<li>Cafeti\u00e8re &#8211; Chaudi\u00e8re<\/li>\n<\/ul>\n[\/mk_custom_list][mk_custom_list style=\u00a0\u00bbmk-li-monitor\u00a0\u00bb margin_bottom=\u00a0\u00bb-6&Prime;]\n<ul>\n<li>TV LED\u00a032\u201d \/ Sat<\/li>\n<\/ul>\n[\/mk_custom_list][mk_custom_list style=\u00a0\u00bbmk-icon-tencent-weibo\u00a0\u00bb margin_bottom=\u00a0\u00bb-6&Prime;]\n<ul>\n<li>S\u00e8che-cheveux<\/li>\n<\/ul>\n[\/mk_custom_list][mk_custom_list style=\u00a0\u00bbmk-li-tshirt\u00a0\u00bb margin_bottom=\u00a0\u00bb-6&Prime;]\n<ul>\n<li>Fer \/ planche \u00e0 repasser<\/li>\n<\/ul>\n[\/mk_custom_list][mk_custom_list style=\u00a0\u00bbmk-moon-food-2&Prime; margin_bottom=\u00a0\u00bb-6&Prime;]\n<ul>\n<li>Cuisine enti\u00e8rement \u00e9quip\u00e9e avec ustensiles de cuisine<\/li>\n<\/ul>\n[\/mk_custom_list][mk_custom_list style=\u00a0\u00bbmk-li-ice\u00a0\u00bb margin_bottom=\u00a0\u00bb-6&Prime;]\n<ul>\n<li>Climatisation (refroidissement \/ chauffage)<\/li>\n<\/ul>\n[\/mk_custom_list][\/vc_column][vc_column width=\u00a0\u00bb1\/2&Prime;][mk_custom_list style=\u00a0\u00bbmk-moon-bowling-ball\u00a0\u00bb margin_bottom=\u00a0\u00bb-6&Prime;]\n<ul>\n<li>Piscine<\/li>\n<\/ul>\n[\/mk_custom_list][mk_custom_list style=\u00a0\u00bbmk-moon-bed-2&Prime; margin_bottom=\u00a0\u00bb-6&Prime;]\n<ul>\n<li>Soleil\u00a0b\u00e2ti<\/li>\n<\/ul>\n[\/mk_custom_list][mk_custom_list style=\u00a0\u00bbmk-li-shop\u00a0\u00bb margin_bottom=\u00a0\u00bb-6&Prime;]\n<ul>\n<li>Grandes terrasses et balcons priv\u00e9s<\/li>\n<\/ul>\n[\/mk_custom_list][mk_custom_list style=\u00a0\u00bbmk-moon-bed\u00a0\u00bb margin_bottom=\u00a0\u00bb-6&Prime;]\n<ul>\n<li>Draps &#8211;\u00a0Serviettes &#8211; Couettes<\/li>\n<\/ul>\n[\/mk_custom_list][mk_custom_list style=\u00a0\u00bbmk-icon-car\u00a0\u00bb margin_bottom=\u00a0\u00bb-6&Prime;]\n<ul>\n<li>Parking priv\u00e9<\/li>\n<\/ul>\n[\/mk_custom_list][mk_custom_list style=\u00a0\u00bbmk-icon-fire\u00a0\u00bb margin_bottom=\u00a0\u00bb-6&Prime;]\n<ul>\n<li>Barbecue BBQ<\/li>\n<\/ul>\n[\/mk_custom_list][mk_custom_list style=\u00a0\u00bbmk-icon-soccer-ball-o\u00a0\u00bb margin_bottom=\u00a0\u00bb-6&Prime;]\n<ul>\n<li>Terrain de basket et de tennis<\/li>\n<\/ul>\n[\/mk_custom_list][mk_custom_list style=\u00a0\u00bbmk-icon-paw\u00a0\u00bb margin_bottom=\u00a0\u00bb-6&Prime;]\n<ul>\n<li>Les animaux domestiques ne sont autoris\u00e9s qu&rsquo;avec une autorisation sp\u00e9ciale<\/li>\n<\/ul>\n[\/mk_custom_list][\/vc_column][\/vc_row][vc_row][vc_column][mk_padding_divider size=\u00a0\u00bb32&Prime;][\/vc_column][\/vc_row][vc_row css=\u00a0\u00bb.vc_custom_1520728065342{margin: 0px !important;padding: 0px !important;}\u00a0\u00bb][vc_column width=\u00a0\u00bb1\/4&Prime;][vc_single_image image=\u00a0\u00bb43&Prime; img_size=\u00a0\u00bb600&#215;400&Prime; alignment=\u00a0\u00bbcenter\u00a0\u00bb][\/vc_column][vc_column width=\u00a0\u00bb1\/4&Prime;][vc_single_image image=\u00a0\u00bb41&Prime; img_size=\u00a0\u00bb600&#215;400&Prime; alignment=\u00a0\u00bbcenter\u00a0\u00bb][\/vc_column][vc_column width=\u00a0\u00bb1\/4&Prime;][vc_single_image image=\u00a0\u00bb35&Prime; img_size=\u00a0\u00bb600&#215;400&Prime; alignment=\u00a0\u00bbcenter\u00a0\u00bb][\/vc_column][vc_column width=\u00a0\u00bb1\/4&Prime;][vc_single_image image=\u00a0\u00bb36&Prime; img_size=\u00a0\u00bb600&#215;400&Prime; alignment=\u00a0\u00bbcenter\u00a0\u00bb css=\u00a0\u00bb.vc_custom_1520728147458{margin: 0px !important;}\u00a0\u00bb][vc_column_text align=\u00a0\u00bbright\u00a0\u00bb css=\u00a0\u00bb.vc_custom_1520455152639{margin-bottom: 0px !important;}\u00a0\u00bb]<a href=\"\/photos\"><u>Photos<\/u>\u00a0\u2192<\/a>[\/vc_column_text][\/vc_column][\/vc_row][mk_page_section layout_structure=\u00a0\u00bbhalf_left\u00a0\u00bb bg_image=\u00a0\u00bbhttps:\/\/houdishouses.gr\/wp-content\/uploads\/2018\/03\/paralio-astros-2.jpg\u00a0\u00bb bg_stretch=\u00a0\u00bbtrue\u00a0\u00bb min_height=\u00a0\u00bb480&Prime; full_width=\u00a0\u00bbtrue\u00a0\u00bb][vc_column][vc_column_text css=\u00a0\u00bb.vc_custom_1559054022232{margin-bottom: 0px !important;padding-top: 120px !important;}\u00a0\u00bb]\n<h1 style=\"text-align: center;\">Paralio Astros<\/h1>\n<p style=\"text-align: center;\">Paralio Astros est situ\u00e9 dans le P\u00e9loponn\u00e8se, dans la pr\u00e9fecture d&rsquo;Arcadia. il est \u00e0 30 km de Nauplie et \u00e0 40 km de Tripoli.<\/p>\n<p style=\"text-align: center;\">Paralio Astros propose des promenades calmes et romantiques dans le port pittoresque avec les bateaux de p\u00eache, ainsi que l&rsquo;exploration des petites rues pittoresques.<\/p>\n[\/vc_column_text][mk_font_icons icon=\u00a0\u00bbmk-icon-plus-circle\u00a0\u00bb size=\u00a0\u00bblarge\u00a0\u00bb align=\u00a0\u00bbcenter\u00a0\u00bb link=\u00a0\u00bb\/paralio-astros\u00a0\u00bb][\/vc_column][\/mk_page_section][mk_page_section layout_structure=\u00a0\u00bbhalf_right\u00a0\u00bb bg_image=\u00a0\u00bbhttps:\/\/houdishouses.gr\/wp-content\/uploads\/2018\/03\/paralio-astros-1.jpg\u00a0\u00bb bg_stretch=\u00a0\u00bbtrue\u00a0\u00bb min_height=\u00a0\u00bb480&Prime; full_width=\u00a0\u00bbtrue\u00a0\u00bb][vc_column][vc_column_text css=\u00a0\u00bb.vc_custom_1559054260883{margin-bottom: 0px !important;padding-top: 120px !important;}\u00a0\u00bb]\n<h2 style=\"text-align: center;\">Paralio Astros Plages<\/h2>\n<p style=\"text-align: center;\">Vous pouvez choisir l&rsquo;un des nombreux bars de la plage pour profiter de votre bain.<\/p>\n<p style=\"text-align: center;\">Choisissez l\u2019un de nos magnifiques plages et allons nager!.<\/p>\n[\/vc_column_text][mk_font_icons icon=\u00a0\u00bbmk-icon-plus-circle\u00a0\u00bb size=\u00a0\u00bblarge\u00a0\u00bb align=\u00a0\u00bbcenter\u00a0\u00bb link=\u00a0\u00bb\/paralio-astros-beaches\u00a0\u00bb][\/vc_column][\/mk_page_section][vc_row][vc_column][\/vc_column][\/vc_row]\n<\/div>","protected":false},"excerpt":{"rendered":"<p>[mk_page_section bg_image=\u00a0\u00bbhttps:\/\/houdishouses.gr\/wp-content\/uploads\/2018\/03\/houdishouses_main_pool.jpg\u00a0\u00bb bg_position=\u00a0\u00bbcenter top\u00a0\u00bb bg_stretch=\u00a0\u00bbtrue\u00a0\u00bb enable_3d=\u00a0\u00bbtrue\u00a0\u00bb min_height=\u00a0\u00bb620&Prime; visibility=\u00a0\u00bbhidden-sm\u00a0\u00bb sidebar=\u00a0\u00bbsidebar-1&Prime;][vc_column][\/vc_column][\/mk_page_section][vc_row fullwidth=\u00a0\u00bbtrue\u00a0\u00bb visibility=\u00a0\u00bbvisible-sm\u00a0\u00bb][vc_column][vc_single_image image=\u00a0\u00bb47&Prime; img_size=\u00a0\u00bbfull\u00a0\u00bb alignment=\u00a0\u00bbcenter\u00a0\u00bb][\/vc_column][\/vc_row][vc_row][vc_column][mk_padding_divider][\/vc_column][\/vc_row][mk_page_section top_shape_bg_color=\u00a0\u00bb#333333&Prime; bottom_shape_size=\u00a0\u00bbsmall\u00a0\u00bb bottom_shape_color=\u00a0\u00bb#ffffff\u00a0\u00bb bottom_shape_bg_color=\u00a0\u00bb#999999&Prime; sidebar=\u00a0\u00bbsidebar-1&Prime;][vc_column][vc_column_text align=\u00a0\u00bbcenter\u00a0\u00bb css=\u00a0\u00bb.vc_custom_1559051865162{margin-bottom: 0px !important;}\u00a0\u00bb] Houdis Houses, Vacances en famille dans le P\u00e9loponn\u00e8se Maisonnettes Ind\u00e9pendantes Au P\u00e9loponn\u00e8se [\/vc_column_text][\/vc_column][\/mk_page_section][vc_row][vc_column width=\u00a0\u00bb1\/6&Prime;][\/vc_column][vc_column width=\u00a0\u00bb2\/3&Prime;][vc_column_text css=\u00a0\u00bb.vc_custom_1716320680898{margin-bottom: 0px !important;}\u00a0\u00bb] Dans un domaine d&rsquo;un acre, vous trouverez nos huit maisonnettes ind\u00e9pendantes \u00e0 Paralio Astros.Profitez [&hellip;]<\/p>\n","protected":false},"author":1,"featured_media":0,"parent":0,"menu_order":0,"comment_status":"closed","ping_status":"closed","template":"","meta":{"footnotes":""},"class_list":["post-823","page","type-page","status-publish","hentry"],"yoast_head":"<!-- This site is optimized with the Yoast SEO plugin v27.6 - https:\/\/yoast.com\/product\/yoast-seo-wordpress\/ -->\n<title>Houdis Houses - Houdis Houses<\/title>\n<meta name=\"robots\" content=\"index, follow, max-snippet:-1, max-image-preview:large, max-video-preview:-1\" \/>\n<link rel=\"canonical\" href=\"https:\/\/houdishouses.gr\/fr\/\" \/>\n<meta property=\"og:locale\" content=\"fr_FR\" \/>\n<meta property=\"og:type\" content=\"article\" \/>\n<meta property=\"og:title\" content=\"Houdis Houses - Houdis Houses\" \/>\n<meta property=\"og:description\" content=\"[mk_page_section bg_image=\u00a0\u00bbhttps:\/\/houdishouses.gr\/wp-content\/uploads\/2018\/03\/houdishouses_main_pool.jpg\u00a0\u00bb bg_position=\u00a0\u00bbcenter top\u00a0\u00bb bg_stretch=\u00a0\u00bbtrue\u00a0\u00bb enable_3d=\u00a0\u00bbtrue\u00a0\u00bb min_height=\u00a0\u00bb620&Prime; visibility=\u00a0\u00bbhidden-sm\u00a0\u00bb sidebar=\u00a0\u00bbsidebar-1&Prime;][vc_column][\/vc_column][\/mk_page_section][vc_row fullwidth=\u00a0\u00bbtrue\u00a0\u00bb visibility=\u00a0\u00bbvisible-sm\u00a0\u00bb][vc_column][vc_single_image image=\u00a0\u00bb47&Prime; img_size=\u00a0\u00bbfull\u00a0\u00bb alignment=\u00a0\u00bbcenter\u00a0\u00bb][\/vc_column][\/vc_row][vc_row][vc_column][mk_padding_divider][\/vc_column][\/vc_row][mk_page_section top_shape_bg_color=\u00a0\u00bb#333333&Prime; bottom_shape_size=\u00a0\u00bbsmall\u00a0\u00bb bottom_shape_color=\u00a0\u00bb#ffffff\u00a0\u00bb bottom_shape_bg_color=\u00a0\u00bb#999999&Prime; sidebar=\u00a0\u00bbsidebar-1&Prime;][vc_column][vc_column_text align=\u00a0\u00bbcenter\u00a0\u00bb css=\u00a0\u00bb.vc_custom_1559051865162{margin-bottom: 0px !important;}\u00a0\u00bb] Houdis Houses, Vacances en famille dans le P\u00e9loponn\u00e8se Maisonnettes Ind\u00e9pendantes Au P\u00e9loponn\u00e8se [\/vc_column_text][\/vc_column][\/mk_page_section][vc_row][vc_column width=\u00a0\u00bb1\/6&Prime;][\/vc_column][vc_column width=\u00a0\u00bb2\/3&Prime;][vc_column_text css=\u00a0\u00bb.vc_custom_1716320680898{margin-bottom: 0px !important;}\u00a0\u00bb] Dans un domaine d&rsquo;un acre, vous trouverez nos huit maisonnettes ind\u00e9pendantes \u00e0 Paralio Astros.Profitez [&hellip;]\" \/>\n<meta property=\"og:url\" content=\"https:\/\/houdishouses.gr\/fr\/\" \/>\n<meta property=\"og:site_name\" content=\"Houdis Houses\" \/>\n<meta property=\"article:modified_time\" content=\"2024-05-21T19:44:42+00:00\" \/>\n<meta name=\"twitter:card\" content=\"summary_large_image\" \/>\n<meta name=\"twitter:label1\" content=\"Dur\u00e9e de lecture estim\u00e9e\" \/>\n\t<meta name=\"twitter:data1\" content=\"2 minutes\" \/>\n<script type=\"application\/ld+json\" class=\"yoast-schema-graph\">{\"@context\":\"https:\\\/\\\/schema.org\",\"@graph\":[{\"@type\":\"WebPage\",\"@id\":\"https:\\\/\\\/houdishouses.gr\\\/fr\\\/\",\"url\":\"https:\\\/\\\/houdishouses.gr\\\/fr\\\/\",\"name\":\"Houdis Houses - Houdis Houses\",\"isPartOf\":{\"@id\":\"https:\\\/\\\/houdishouses.gr\\\/#website\"},\"datePublished\":\"2018-03-07T18:33:56+00:00\",\"dateModified\":\"2024-05-21T19:44:42+00:00\",\"breadcrumb\":{\"@id\":\"https:\\\/\\\/houdishouses.gr\\\/fr\\\/#breadcrumb\"},\"inLanguage\":\"fr-FR\",\"potentialAction\":[{\"@type\":\"ReadAction\",\"target\":[\"https:\\\/\\\/houdishouses.gr\\\/fr\\\/\"]}]},{\"@type\":\"BreadcrumbList\",\"@id\":\"https:\\\/\\\/houdishouses.gr\\\/fr\\\/#breadcrumb\",\"itemListElement\":[{\"@type\":\"ListItem\",\"position\":1,\"name\":\"Home\",\"item\":\"https:\\\/\\\/houdishouses.gr\\\/fr\\\/\"},{\"@type\":\"ListItem\",\"position\":2,\"name\":\"Houdis Houses\"}]},{\"@type\":\"WebSite\",\"@id\":\"https:\\\/\\\/houdishouses.gr\\\/#website\",\"url\":\"https:\\\/\\\/houdishouses.gr\\\/\",\"name\":\"Houdis Houses\",\"description\":\"Houdis Houses - Paralio Astros Peloponnes\",\"potentialAction\":[{\"@type\":\"SearchAction\",\"target\":{\"@type\":\"EntryPoint\",\"urlTemplate\":\"https:\\\/\\\/houdishouses.gr\\\/?s={search_term_string}\"},\"query-input\":{\"@type\":\"PropertyValueSpecification\",\"valueRequired\":true,\"valueName\":\"search_term_string\"}}],\"inLanguage\":\"fr-FR\"}]}<\/script>\n<!-- \/ Yoast SEO plugin. -->","yoast_head_json":{"title":"Houdis Houses - Houdis Houses","robots":{"index":"index","follow":"follow","max-snippet":"max-snippet:-1","max-image-preview":"max-image-preview:large","max-video-preview":"max-video-preview:-1"},"canonical":"https:\/\/houdishouses.gr\/fr\/","og_locale":"fr_FR","og_type":"article","og_title":"Houdis Houses - Houdis Houses","og_description":"[mk_page_section bg_image=\u00a0\u00bbhttps:\/\/houdishouses.gr\/wp-content\/uploads\/2018\/03\/houdishouses_main_pool.jpg\u00a0\u00bb bg_position=\u00a0\u00bbcenter top\u00a0\u00bb bg_stretch=\u00a0\u00bbtrue\u00a0\u00bb enable_3d=\u00a0\u00bbtrue\u00a0\u00bb min_height=\u00a0\u00bb620&Prime; visibility=\u00a0\u00bbhidden-sm\u00a0\u00bb sidebar=\u00a0\u00bbsidebar-1&Prime;][vc_column][\/vc_column][\/mk_page_section][vc_row fullwidth=\u00a0\u00bbtrue\u00a0\u00bb visibility=\u00a0\u00bbvisible-sm\u00a0\u00bb][vc_column][vc_single_image image=\u00a0\u00bb47&Prime; img_size=\u00a0\u00bbfull\u00a0\u00bb alignment=\u00a0\u00bbcenter\u00a0\u00bb][\/vc_column][\/vc_row][vc_row][vc_column][mk_padding_divider][\/vc_column][\/vc_row][mk_page_section top_shape_bg_color=\u00a0\u00bb#333333&Prime; bottom_shape_size=\u00a0\u00bbsmall\u00a0\u00bb bottom_shape_color=\u00a0\u00bb#ffffff\u00a0\u00bb bottom_shape_bg_color=\u00a0\u00bb#999999&Prime; sidebar=\u00a0\u00bbsidebar-1&Prime;][vc_column][vc_column_text align=\u00a0\u00bbcenter\u00a0\u00bb css=\u00a0\u00bb.vc_custom_1559051865162{margin-bottom: 0px !important;}\u00a0\u00bb] Houdis Houses, Vacances en famille dans le P\u00e9loponn\u00e8se Maisonnettes Ind\u00e9pendantes Au P\u00e9loponn\u00e8se [\/vc_column_text][\/vc_column][\/mk_page_section][vc_row][vc_column width=\u00a0\u00bb1\/6&Prime;][\/vc_column][vc_column width=\u00a0\u00bb2\/3&Prime;][vc_column_text css=\u00a0\u00bb.vc_custom_1716320680898{margin-bottom: 0px !important;}\u00a0\u00bb] Dans un domaine d&rsquo;un acre, vous trouverez nos huit maisonnettes ind\u00e9pendantes \u00e0 Paralio Astros.Profitez [&hellip;]","og_url":"https:\/\/houdishouses.gr\/fr\/","og_site_name":"Houdis Houses","article_modified_time":"2024-05-21T19:44:42+00:00","twitter_card":"summary_large_image","twitter_misc":{"Dur\u00e9e de lecture estim\u00e9e":"2 minutes"},"schema":{"@context":"https:\/\/schema.org","@graph":[{"@type":"WebPage","@id":"https:\/\/houdishouses.gr\/fr\/","url":"https:\/\/houdishouses.gr\/fr\/","name":"Houdis Houses - Houdis Houses","isPartOf":{"@id":"https:\/\/houdishouses.gr\/#website"},"datePublished":"2018-03-07T18:33:56+00:00","dateModified":"2024-05-21T19:44:42+00:00","breadcrumb":{"@id":"https:\/\/houdishouses.gr\/fr\/#breadcrumb"},"inLanguage":"fr-FR","potentialAction":[{"@type":"ReadAction","target":["https:\/\/houdishouses.gr\/fr\/"]}]},{"@type":"BreadcrumbList","@id":"https:\/\/houdishouses.gr\/fr\/#breadcrumb","itemListElement":[{"@type":"ListItem","position":1,"name":"Home","item":"https:\/\/houdishouses.gr\/fr\/"},{"@type":"ListItem","position":2,"name":"Houdis Houses"}]},{"@type":"WebSite","@id":"https:\/\/houdishouses.gr\/#website","url":"https:\/\/houdishouses.gr\/","name":"Houdis Houses","description":"Houdis Houses - Paralio Astros Peloponnes","potentialAction":[{"@type":"SearchAction","target":{"@type":"EntryPoint","urlTemplate":"https:\/\/houdishouses.gr\/?s={search_term_string}"},"query-input":{"@type":"PropertyValueSpecification","valueRequired":true,"valueName":"search_term_string"}}],"inLanguage":"fr-FR"}]}},"_links":{"self":[{"href":"https:\/\/houdishouses.gr\/fr\/wp-json\/wp\/v2\/pages\/823","targetHints":{"allow":["GET"]}}],"collection":[{"href":"https:\/\/houdishouses.gr\/fr\/wp-json\/wp\/v2\/pages"}],"about":[{"href":"https:\/\/houdishouses.gr\/fr\/wp-json\/wp\/v2\/types\/page"}],"author":[{"embeddable":true,"href":"https:\/\/houdishouses.gr\/fr\/wp-json\/wp\/v2\/users\/1"}],"replies":[{"embeddable":true,"href":"https:\/\/houdishouses.gr\/fr\/wp-json\/wp\/v2\/comments?post=823"}],"version-history":[{"count":13,"href":"https:\/\/houdishouses.gr\/fr\/wp-json\/wp\/v2\/pages\/823\/revisions"}],"predecessor-version":[{"id":1022,"href":"https:\/\/houdishouses.gr\/fr\/wp-json\/wp\/v2\/pages\/823\/revisions\/1022"}],"wp:attachment":[{"href":"https:\/\/houdishouses.gr\/fr\/wp-json\/wp\/v2\/media?parent=823"}],"curies":[{"name":"wp","href":"https:\/\/api.w.org\/{rel}","templated":true}]}}