{"id":895,"date":"2018-03-07T22:11:11","date_gmt":"2018-03-07T20:11:11","guid":{"rendered":"https:\/\/houdishouses.gr\/how-to-find-us\/"},"modified":"2019-05-29T09:35:34","modified_gmt":"2019-05-29T07:35:34","slug":"comment-nous-trouver","status":"publish","type":"page","link":"https:\/\/houdishouses.gr\/fr\/comment-nous-trouver\/","title":{"rendered":"Comment nous trouver"},"content":{"rendered":"<div class=\"wpb-content-wrapper\">[mk_page_section bg_image=\u00a0\u00bbhttps:\/\/houdishouses.gr\/wp-content\/uploads\/2018\/03\/houdishouses_main_pool-1.jpg\u00a0\u00bb bg_position=\u00a0\u00bbcenter center\u00a0\u00bb bg_stretch=\u00a0\u00bbtrue\u00a0\u00bb enable_3d=\u00a0\u00bbtrue\u00a0\u00bb min_height=\u00a0\u00bb391&Prime; sidebar=\u00a0\u00bbsidebar-1&Prime;][vc_column][\/vc_column][\/mk_page_section][vc_row][vc_column][vc_empty_space][\/vc_column][\/vc_row][vc_row][vc_column width=\u00a0\u00bb1\/2&Prime;][vc_column_text css=\u00a0\u00bb.vc_custom_1559114929079{margin-bottom: 0px !important;}\u00a0\u00bb]\n<h1 class=\"page-title\"><span style=\"font-weight: 55px;\">Comment nous trouver<\/span><\/h1>\n[\/vc_column_text][vc_column_text css=\u00a0\u00bb.vc_custom_1559115332248{margin-bottom: 0px !important;}\u00a0\u00bb]Paralio Astros est situ\u00e9 dans le P\u00e9loponn\u00e8se, dans la pr\u00e9fecture d&rsquo;Arcadie. Il est \u00e0 seulement 169 km d\u2019Ath\u00e8nes (2 heures) et \u00e0 32 km de Nauplie (une demi-heure).<\/p>\n<p>Les Houdis Houses sont situ\u00e9es \u00e0 200 m\u00e8tres du centre de Paralio Astros, en direction d&rsquo;Astros.<\/p>\n<p><strong>Itin\u00e9raire en voiture de Ath\u00e8nes \u00e0 Houdis Houses (Astros)<\/strong><\/p>\n<ul>\n<li>Dirigez-vous vers le sud sur Ath\u00e8nes Tripoli EO \/ EG New Tripoli Kalamata<\/li>\n<li>Prendre la sortie 6 &#8211; Sterna Node to Argos \/ Astros<\/li>\n<li>Entrez le Corinthos EO &#8211; Tripoli<\/li>\n<li>Conduire depuis Argos (suivre les panneaux indiquant Astros)<\/li>\n<li>Apr\u00e8s le village de Myloi, tourner \u00e0 gauche en direction de Kiveri &#8211; Leonidio<\/li>\n<li>Tourner \u00e0 gauche \u00e0 Paralio Astros (Paliochano)<\/li>\n<li>Paralio Astros &#8211; Route de Tripoli<\/li>\n<\/ul>\n<p>\u00e0 votre disposition pour toute information Mrs Magdalini Chounti\u00a0<a class=\"new-window\" title=\"+30697 3981 384\" href=\"tel:6973981384\" target=\"_blank\" rel=\"noopener\">+306973981384<\/a>[\/vc_column_text][\/vc_column][vc_column width=\u00a0\u00bb1\/2&Prime;][vc_raw_html]JTNDaWZyYW1lJTIwc3JjJTNEJTIyaHR0cHMlM0ElMkYlMkZ3d3cuZ29vZ2xlLmNvbSUyRm1hcHMlMkZlbWJlZCUzRnBiJTNEJTIxMW0yOCUyMTFtMTIlMjExbTMlMjExZDYxODc3Ny42NzczNjE0NzI5JTIxMmQyMi43MzM1NzAyODk4NDg3NjQlMjEzZDM3LjYyNDA2OTgxNDU5MjE3JTIxMm0zJTIxMWYwJTIxMmYwJTIxM2YwJTIxM20yJTIxMWkxMDI0JTIxMmk3NjglMjE0ZjEzLjElMjE0bTEzJTIxM2UwJTIxNG01JTIxMXMweDE0YTFiZDFmMDY3MDQzZjElMjUzQTB4MjczNjM1NDU3NjY2OGRkZCUyMTJzQXRoZW5zJTI1MkMlMkJHcmVlY2UlMjEzbTIlMjExZDM3Ljk4MzgwOTYlMjEyZDIzLjcyNzUzODc5OTk5OTk5OCUyMTRtNSUyMTFzMHgxNDlmZTc3MzFjYWQ1ZDBiJTI1M0EweGFhZDg4YjIxNzU2MTQyZjAlMjEyc0hvdWRpcyUyQkhvdXNlcyUyNTJDJTJCVm9yaWElMkJLaW5vdXJpYSUyNTJDJTJCR3JlZWNlJTIxM20yJTIxMWQzNy40MDg3OTglMjEyZDIyLjc1NDI3Mjk5OTk5OTk5OCUyMTVlMSUyMTNtMiUyMTFzZW4lMjEyc3VzJTIxNHYxNTIwOTA4ODg1MjgzJTIyJTIwd2lkdGglM0QlMjI2MDAlMjIlMjBoZWlnaHQlM0QlMjI0NTAlMjIlMjBmcmFtZWJvcmRlciUzRCUyMjAlMjIlMjBzdHlsZSUzRCUyMmJvcmRlciUzQTAlMjIlMjBhbGxvd2Z1bGxzY3JlZW4lM0UlM0MlMkZpZnJhbWUlM0U=[\/vc_raw_html][\/vc_column][\/vc_row]\n<\/div>","protected":false},"excerpt":{"rendered":"<p>[mk_page_section bg_image=\u00a0\u00bbhttps:\/\/houdishouses.gr\/wp-content\/uploads\/2018\/03\/houdishouses_main_pool-1.jpg\u00a0\u00bb bg_position=\u00a0\u00bbcenter center\u00a0\u00bb bg_stretch=\u00a0\u00bbtrue\u00a0\u00bb enable_3d=\u00a0\u00bbtrue\u00a0\u00bb min_height=\u00a0\u00bb391&Prime; sidebar=\u00a0\u00bbsidebar-1&Prime;][vc_column][\/vc_column][\/mk_page_section][vc_row][vc_column][vc_empty_space][\/vc_column][\/vc_row][vc_row][vc_column width=\u00a0\u00bb1\/2&Prime;][vc_column_text css=\u00a0\u00bb.vc_custom_1559114929079{margin-bottom: 0px !important;}\u00a0\u00bb] Comment nous trouver [\/vc_column_text][vc_column_text css=\u00a0\u00bb.vc_custom_1559115332248{margin-bottom: 0px !important;}\u00a0\u00bb]Paralio Astros est situ\u00e9 dans le P\u00e9loponn\u00e8se, dans la pr\u00e9fecture d&rsquo;Arcadie. Il est \u00e0 seulement 169 km d\u2019Ath\u00e8nes (2 heures) et \u00e0 32 km de Nauplie (une demi-heure). Les Houdis Houses sont situ\u00e9es \u00e0 200 m\u00e8tres du [&hellip;]<\/p>\n","protected":false},"author":1,"featured_media":0,"parent":0,"menu_order":0,"comment_status":"closed","ping_status":"closed","template":"","meta":{"footnotes":""},"class_list":["post-895","page","type-page","status-publish","hentry"],"yoast_head":"<!-- This site is optimized with the Yoast SEO plugin v27.6 - https:\/\/yoast.com\/product\/yoast-seo-wordpress\/ -->\n<title>Comment nous trouver - Houdis Houses<\/title>\n<meta name=\"robots\" content=\"index, follow, max-snippet:-1, max-image-preview:large, max-video-preview:-1\" \/>\n<link rel=\"canonical\" href=\"https:\/\/houdishouses.gr\/fr\/comment-nous-trouver\/\" \/>\n<meta property=\"og:locale\" content=\"fr_FR\" \/>\n<meta property=\"og:type\" content=\"article\" \/>\n<meta property=\"og:title\" content=\"Comment nous trouver - Houdis Houses\" \/>\n<meta property=\"og:description\" content=\"[mk_page_section bg_image=\u00a0\u00bbhttps:\/\/houdishouses.gr\/wp-content\/uploads\/2018\/03\/houdishouses_main_pool-1.jpg\u00a0\u00bb bg_position=\u00a0\u00bbcenter center\u00a0\u00bb bg_stretch=\u00a0\u00bbtrue\u00a0\u00bb enable_3d=\u00a0\u00bbtrue\u00a0\u00bb min_height=\u00a0\u00bb391&Prime; sidebar=\u00a0\u00bbsidebar-1&Prime;][vc_column][\/vc_column][\/mk_page_section][vc_row][vc_column][vc_empty_space][\/vc_column][\/vc_row][vc_row][vc_column width=\u00a0\u00bb1\/2&Prime;][vc_column_text css=\u00a0\u00bb.vc_custom_1559114929079{margin-bottom: 0px !important;}\u00a0\u00bb] Comment nous trouver [\/vc_column_text][vc_column_text css=\u00a0\u00bb.vc_custom_1559115332248{margin-bottom: 0px !important;}\u00a0\u00bb]Paralio Astros est situ\u00e9 dans le P\u00e9loponn\u00e8se, dans la pr\u00e9fecture d&rsquo;Arcadie. Il est \u00e0 seulement 169 km d\u2019Ath\u00e8nes (2 heures) et \u00e0 32 km de Nauplie (une demi-heure). Les Houdis Houses sont situ\u00e9es \u00e0 200 m\u00e8tres du [&hellip;]\" \/>\n<meta property=\"og:url\" content=\"https:\/\/houdishouses.gr\/fr\/comment-nous-trouver\/\" \/>\n<meta property=\"og:site_name\" content=\"Houdis Houses\" \/>\n<meta property=\"article:modified_time\" content=\"2019-05-29T07:35:34+00:00\" \/>\n<meta name=\"twitter:card\" content=\"summary_large_image\" \/>\n<meta name=\"twitter:label1\" content=\"Dur\u00e9e de lecture estim\u00e9e\" \/>\n\t<meta name=\"twitter:data1\" content=\"1 minute\" \/>\n<script type=\"application\/ld+json\" class=\"yoast-schema-graph\">{\"@context\":\"https:\\\/\\\/schema.org\",\"@graph\":[{\"@type\":\"WebPage\",\"@id\":\"https:\\\/\\\/houdishouses.gr\\\/fr\\\/comment-nous-trouver\\\/\",\"url\":\"https:\\\/\\\/houdishouses.gr\\\/fr\\\/comment-nous-trouver\\\/\",\"name\":\"Comment nous trouver - Houdis Houses\",\"isPartOf\":{\"@id\":\"https:\\\/\\\/houdishouses.gr\\\/#website\"},\"datePublished\":\"2018-03-07T20:11:11+00:00\",\"dateModified\":\"2019-05-29T07:35:34+00:00\",\"breadcrumb\":{\"@id\":\"https:\\\/\\\/houdishouses.gr\\\/fr\\\/comment-nous-trouver\\\/#breadcrumb\"},\"inLanguage\":\"fr-FR\",\"potentialAction\":[{\"@type\":\"ReadAction\",\"target\":[\"https:\\\/\\\/houdishouses.gr\\\/fr\\\/comment-nous-trouver\\\/\"]}]},{\"@type\":\"BreadcrumbList\",\"@id\":\"https:\\\/\\\/houdishouses.gr\\\/fr\\\/comment-nous-trouver\\\/#breadcrumb\",\"itemListElement\":[{\"@type\":\"ListItem\",\"position\":1,\"name\":\"Home\",\"item\":\"https:\\\/\\\/houdishouses.gr\\\/fr\\\/\"},{\"@type\":\"ListItem\",\"position\":2,\"name\":\"Comment nous trouver\"}]},{\"@type\":\"WebSite\",\"@id\":\"https:\\\/\\\/houdishouses.gr\\\/#website\",\"url\":\"https:\\\/\\\/houdishouses.gr\\\/\",\"name\":\"Houdis Houses\",\"description\":\"Houdis Houses - Paralio Astros Peloponnes\",\"potentialAction\":[{\"@type\":\"SearchAction\",\"target\":{\"@type\":\"EntryPoint\",\"urlTemplate\":\"https:\\\/\\\/houdishouses.gr\\\/?s={search_term_string}\"},\"query-input\":{\"@type\":\"PropertyValueSpecification\",\"valueRequired\":true,\"valueName\":\"search_term_string\"}}],\"inLanguage\":\"fr-FR\"}]}<\/script>\n<!-- \/ Yoast SEO plugin. -->","yoast_head_json":{"title":"Comment nous trouver - Houdis Houses","robots":{"index":"index","follow":"follow","max-snippet":"max-snippet:-1","max-image-preview":"max-image-preview:large","max-video-preview":"max-video-preview:-1"},"canonical":"https:\/\/houdishouses.gr\/fr\/comment-nous-trouver\/","og_locale":"fr_FR","og_type":"article","og_title":"Comment nous trouver - Houdis Houses","og_description":"[mk_page_section bg_image=\u00a0\u00bbhttps:\/\/houdishouses.gr\/wp-content\/uploads\/2018\/03\/houdishouses_main_pool-1.jpg\u00a0\u00bb bg_position=\u00a0\u00bbcenter center\u00a0\u00bb bg_stretch=\u00a0\u00bbtrue\u00a0\u00bb enable_3d=\u00a0\u00bbtrue\u00a0\u00bb min_height=\u00a0\u00bb391&Prime; sidebar=\u00a0\u00bbsidebar-1&Prime;][vc_column][\/vc_column][\/mk_page_section][vc_row][vc_column][vc_empty_space][\/vc_column][\/vc_row][vc_row][vc_column width=\u00a0\u00bb1\/2&Prime;][vc_column_text css=\u00a0\u00bb.vc_custom_1559114929079{margin-bottom: 0px !important;}\u00a0\u00bb] Comment nous trouver [\/vc_column_text][vc_column_text css=\u00a0\u00bb.vc_custom_1559115332248{margin-bottom: 0px !important;}\u00a0\u00bb]Paralio Astros est situ\u00e9 dans le P\u00e9loponn\u00e8se, dans la pr\u00e9fecture d&rsquo;Arcadie. Il est \u00e0 seulement 169 km d\u2019Ath\u00e8nes (2 heures) et \u00e0 32 km de Nauplie (une demi-heure). Les Houdis Houses sont situ\u00e9es \u00e0 200 m\u00e8tres du [&hellip;]","og_url":"https:\/\/houdishouses.gr\/fr\/comment-nous-trouver\/","og_site_name":"Houdis Houses","article_modified_time":"2019-05-29T07:35:34+00:00","twitter_card":"summary_large_image","twitter_misc":{"Dur\u00e9e de lecture estim\u00e9e":"1 minute"},"schema":{"@context":"https:\/\/schema.org","@graph":[{"@type":"WebPage","@id":"https:\/\/houdishouses.gr\/fr\/comment-nous-trouver\/","url":"https:\/\/houdishouses.gr\/fr\/comment-nous-trouver\/","name":"Comment nous trouver - Houdis Houses","isPartOf":{"@id":"https:\/\/houdishouses.gr\/#website"},"datePublished":"2018-03-07T20:11:11+00:00","dateModified":"2019-05-29T07:35:34+00:00","breadcrumb":{"@id":"https:\/\/houdishouses.gr\/fr\/comment-nous-trouver\/#breadcrumb"},"inLanguage":"fr-FR","potentialAction":[{"@type":"ReadAction","target":["https:\/\/houdishouses.gr\/fr\/comment-nous-trouver\/"]}]},{"@type":"BreadcrumbList","@id":"https:\/\/houdishouses.gr\/fr\/comment-nous-trouver\/#breadcrumb","itemListElement":[{"@type":"ListItem","position":1,"name":"Home","item":"https:\/\/houdishouses.gr\/fr\/"},{"@type":"ListItem","position":2,"name":"Comment nous trouver"}]},{"@type":"WebSite","@id":"https:\/\/houdishouses.gr\/#website","url":"https:\/\/houdishouses.gr\/","name":"Houdis Houses","description":"Houdis Houses - Paralio Astros Peloponnes","potentialAction":[{"@type":"SearchAction","target":{"@type":"EntryPoint","urlTemplate":"https:\/\/houdishouses.gr\/?s={search_term_string}"},"query-input":{"@type":"PropertyValueSpecification","valueRequired":true,"valueName":"search_term_string"}}],"inLanguage":"fr-FR"}]}},"_links":{"self":[{"href":"https:\/\/houdishouses.gr\/fr\/wp-json\/wp\/v2\/pages\/895","targetHints":{"allow":["GET"]}}],"collection":[{"href":"https:\/\/houdishouses.gr\/fr\/wp-json\/wp\/v2\/pages"}],"about":[{"href":"https:\/\/houdishouses.gr\/fr\/wp-json\/wp\/v2\/types\/page"}],"author":[{"embeddable":true,"href":"https:\/\/houdishouses.gr\/fr\/wp-json\/wp\/v2\/users\/1"}],"replies":[{"embeddable":true,"href":"https:\/\/houdishouses.gr\/fr\/wp-json\/wp\/v2\/comments?post=895"}],"version-history":[{"count":3,"href":"https:\/\/houdishouses.gr\/fr\/wp-json\/wp\/v2\/pages\/895\/revisions"}],"predecessor-version":[{"id":899,"href":"https:\/\/houdishouses.gr\/fr\/wp-json\/wp\/v2\/pages\/895\/revisions\/899"}],"wp:attachment":[{"href":"https:\/\/houdishouses.gr\/fr\/wp-json\/wp\/v2\/media?parent=895"}],"curies":[{"name":"wp","href":"https:\/\/api.w.org\/{rel}","templated":true}]}}