{"id":947,"date":"2018-03-12T00:40:17","date_gmt":"2018-03-11T22:40:17","guid":{"rendered":"https:\/\/houdishouses.gr\/paralio-astros\/"},"modified":"2019-05-29T13:31:42","modified_gmt":"2019-05-29T11:31:42","slug":"paralio-astros","status":"publish","type":"page","link":"https:\/\/houdishouses.gr\/fr\/paralio-astros\/","title":{"rendered":"Paralio Astros"},"content":{"rendered":"<div class=\"wpb-content-wrapper\">[mk_page_section bg_image=\u00a0\u00bbhttps:\/\/houdishouses.gr\/wp-content\/uploads\/2018\/03\/paralio-astros-1.jpg\u00a0\u00bb bg_position=\u00a0\u00bbcenter center\u00a0\u00bb bg_stretch=\u00a0\u00bbtrue\u00a0\u00bb enable_3d=\u00a0\u00bbtrue\u00a0\u00bb min_height=\u00a0\u00bb500&Prime; sidebar=\u00a0\u00bbsidebar-1&Prime;][vc_column css=\u00a0\u00bb.vc_custom_1520808277963{padding-top: 220px !important;}\u00a0\u00bb][vc_column_text align=\u00a0\u00bbcenter\u00a0\u00bb css=\u00a0\u00bb.vc_custom_1520808363847{margin-bottom: 0px !important;}\u00a0\u00bb]\n<h1><span style=\"color: #ffffff; font-size: 55px;\">Paralio Astros<\/span><\/h1>\n[\/vc_column_text][\/vc_column][\/mk_page_section][vc_row][vc_column css=\u00a0\u00bb.vc_custom_1520808370889{padding-top: 30px !important;}\u00a0\u00bb][vc_column_text css=\u00a0\u00bb.vc_custom_1559116049454{margin-bottom: 0px !important;}\u00a0\u00bb]\n<h2>Le Paralio Astros est situ\u00e9 dans le P\u00e9loponn\u00e8se, dans la pr\u00e9fecture d&rsquo;Arcadia. Il se trouve \u00e0 30 km de Nafplio.<\/h2>\n<p>Paralio Astros proposait des promenades calmes et romantiques dans le port pittoresque avec des bateaux de p\u00eache \u00e0 la voile, ainsi que l&rsquo;exploration des petites rues pittoresques.<\/p>\n<p>Paralio Astros poss\u00e8de un port pouvant accueillir de petits navires. Une forteresse m\u00e9di\u00e9vale franque commande les hauteurs d&rsquo;une p\u00e9ninsule appel\u00e9e \u00ab\u00a0L&rsquo;\u00eele\u00a0\u00bb qui s&rsquo;avance pour former le port.<br \/>\nParalio Astros tire son nom de la p\u00e9ninsule en forme d\u2019\u00e9toile, le \u00abNisi\u00bb (\u00abl\u2019\u00eele\u00bb). Au sommet du \u00abNisi\u00bb, domine le vieux ch\u00e2teau. Le ch\u00e2teau construit en 1256 par le prince William Villehardouin afin de prot\u00e9ger les habitants contre les attaques.<br \/>\nAu pied du ch\u00e2teau se trouve un petit amphith\u00e9\u00e2tre construit par le port, o\u00f9 des manifestations culturelles ont lieu pendant l&rsquo;\u00e9t\u00e9. La grande place principale pr\u00e8s du port regorge \u00e9galement de caf\u00e9s et de tavernes ouverts toute la journ\u00e9e, o\u00f9 vous pourrez d\u00e9guster des plats et prendre un caf\u00e9 dans une atmosph\u00e8re d\u00e9tendue. Sur la place, vous trouverez un guichet automatique et une banque. \u00c0 quelques m\u00e8tres de la place, vous trouverez un bureau de poste et un poste de police.<\/p>\n<p>Plus loin sur la route pav\u00e9e principale bordant la mer, vous trouverez une \u00e9cole primaire avec un grand parvis id\u00e9al pour les enfants. Vous trouverez \u00e9galement une grande plage avec des plages am\u00e9nag\u00e9es, des bars et des restaurants le long des 8 km de plage de sable.[\/vc_column_text][\/vc_column][\/vc_row][vc_row fullwidth=\u00a0\u00bbtrue\u00a0\u00bb][vc_column][vc_raw_html]JTNDaWZyYW1lJTIwd2lkdGglM0QlMjIxMDAlMjUlMjIlMjBoZWlnaHQlM0QlMjI1MTUlMjIlMjBzcmMlM0QlMjJodHRwcyUzQSUyRiUyRnd3dy55b3V0dWJlLmNvbSUyRmVtYmVkJTJGbG1pMllhNlNuaVElMjIlMjBmcmFtZWJvcmRlciUzRCUyMjAlMjIlMjBhbGxvdyUzRCUyMmF1dG9wbGF5JTNCJTIwZW5jcnlwdGVkLW1lZGlhJTIyJTIwYWxsb3dmdWxsc2NyZWVuJTNFJTNDJTJGaWZyYW1lJTNF[\/vc_raw_html][\/vc_column][\/vc_row][vc_row][vc_column][vc_column_text css=\u00a0\u00bb.vc_custom_1559116930083{margin-bottom: 0px !important;}\u00a0\u00bb]\n<h2>Nourriture \u00e0 Paralio Astros<\/h2>\n<p>Il y a de nombreuses tavernes et restaurants de fruits de mer sur la route c\u00f4ti\u00e8re, qui commence \u00e0 partir de la colline (Nisi) jusqu&rsquo;\u00e0 la zone des portes.<\/p>\n<p>En partant de la place, juste avant le parking pr\u00e8s du port, vous pourrez d\u00e9guster des plats grecs et des pizzas sur la place Paralio Astros.<\/p>\n<p>De la place jusqu&rsquo;\u00e0 la petite jet\u00e9e, il y a de nombreux caf\u00e9s &#8211; restaurants servant de la cuisine grecque, des pizzas et des p\u00e2tes.<\/p>\n<p>Dans la rue principale (rue Zafeiropoulou) qui commence au kiosque de la place, vous trouverez des magasins vendant des fast-foods avec de d\u00e9licieux Souvlaki, des cr\u00eapes et des Yaourtaki bien froids.!<\/p>\n<p>Les restaurants de fruits de mer qui servent du poisson trouveront de la petite jet\u00e9e jusqu&rsquo;\u00e0 l&#8217;emplacement de Portes.<\/p>\n<p>De l&rsquo;autre c\u00f4t\u00e9 de Paralio Astros \u00e0 Nauplie, vous trouverez au Glyfada Place Restaurant &#8211; Tavern proposant un excellent menu de poissons, de viandes et de plats grecs.<\/p>\n<p>Au caf\u00e9-restaurant \u00abLa Luna\u00bb situ\u00e9 \u00e0 Portes (\u00e0 160 m\u00e8tres des Maisons Houdis), vous pourrez d\u00e9guster toute la journ\u00e9e de l\u2019ouzo, des pizzas, des p\u00e2tes et d\u2019autres plats grecs.<\/p>\n<h2>Vie nocturne &#8211; Caf\u00e9 Bar \u00e0 Paralio Astros<\/h2>\n<p>Le caf\u00e9 Astro\u2019s Bar a de quoi plaire \u00e0 tous les \u00e2ges. Vous trouverez des th\u00e8mes \u00e0 la place du petit port.<\/p>\n<p>Pour les visiteurs qui veulent faire du club, Paralio Astros a deux clubs.<br \/>\nThe Sail In Club situ\u00e9 \u00e0 200 m\u00e8tres de la route Paralio Astros &#8211; Astros et \u00abActus Club\u00bb situ\u00e9 \u00e0 \u00abPaliochano Palaced\u00bb sur la route de la plage Astros &#8211; Nafplio.[\/vc_column_text][\/vc_column][\/vc_row][vc_row][vc_column][mk_gallery images=\u00a0\u00bb174,167,168,169,170,171,172,173,175,176,181,73,74,177,180,178,179,79&Prime; style=\u00a0\u00bbstyle1&Prime; hover_scenarios=\u00a0\u00bbslow_zoom\u00a0\u00bb orderby=\u00a0\u00bbpost__in\u00a0\u00bb][\/vc_column][\/vc_row]\n<\/div>","protected":false},"excerpt":{"rendered":"<p>[mk_page_section bg_image=\u00a0\u00bbhttps:\/\/houdishouses.gr\/wp-content\/uploads\/2018\/03\/paralio-astros-1.jpg\u00a0\u00bb bg_position=\u00a0\u00bbcenter center\u00a0\u00bb bg_stretch=\u00a0\u00bbtrue\u00a0\u00bb enable_3d=\u00a0\u00bbtrue\u00a0\u00bb min_height=\u00a0\u00bb500&Prime; sidebar=\u00a0\u00bbsidebar-1&Prime;][vc_column css=\u00a0\u00bb.vc_custom_1520808277963{padding-top: 220px !important;}\u00a0\u00bb][vc_column_text align=\u00a0\u00bbcenter\u00a0\u00bb css=\u00a0\u00bb.vc_custom_1520808363847{margin-bottom: 0px !important;}\u00a0\u00bb] Paralio Astros [\/vc_column_text][\/vc_column][\/mk_page_section][vc_row][vc_column css=\u00a0\u00bb.vc_custom_1520808370889{padding-top: 30px !important;}\u00a0\u00bb][vc_column_text css=\u00a0\u00bb.vc_custom_1559116049454{margin-bottom: 0px !important;}\u00a0\u00bb] Le Paralio Astros est situ\u00e9 dans le P\u00e9loponn\u00e8se, dans la pr\u00e9fecture d&rsquo;Arcadia. Il se trouve \u00e0 30 km de Nafplio. Paralio Astros proposait des promenades calmes et romantiques dans le port [&hellip;]<\/p>\n","protected":false},"author":1,"featured_media":0,"parent":0,"menu_order":0,"comment_status":"closed","ping_status":"closed","template":"","meta":{"footnotes":""},"class_list":["post-947","page","type-page","status-publish","hentry"],"yoast_head":"<!-- This site is optimized with the Yoast SEO plugin v27.6 - https:\/\/yoast.com\/product\/yoast-seo-wordpress\/ -->\n<title>Paralio Astros - Houdis Houses<\/title>\n<meta name=\"robots\" content=\"index, follow, max-snippet:-1, max-image-preview:large, max-video-preview:-1\" \/>\n<link rel=\"canonical\" href=\"https:\/\/houdishouses.gr\/fr\/paralio-astros\/\" \/>\n<meta property=\"og:locale\" content=\"fr_FR\" \/>\n<meta property=\"og:type\" content=\"article\" \/>\n<meta property=\"og:title\" content=\"Paralio Astros - Houdis Houses\" \/>\n<meta property=\"og:description\" content=\"[mk_page_section bg_image=\u00a0\u00bbhttps:\/\/houdishouses.gr\/wp-content\/uploads\/2018\/03\/paralio-astros-1.jpg\u00a0\u00bb bg_position=\u00a0\u00bbcenter center\u00a0\u00bb bg_stretch=\u00a0\u00bbtrue\u00a0\u00bb enable_3d=\u00a0\u00bbtrue\u00a0\u00bb min_height=\u00a0\u00bb500&Prime; sidebar=\u00a0\u00bbsidebar-1&Prime;][vc_column css=\u00a0\u00bb.vc_custom_1520808277963{padding-top: 220px !important;}\u00a0\u00bb][vc_column_text align=\u00a0\u00bbcenter\u00a0\u00bb css=\u00a0\u00bb.vc_custom_1520808363847{margin-bottom: 0px !important;}\u00a0\u00bb] Paralio Astros [\/vc_column_text][\/vc_column][\/mk_page_section][vc_row][vc_column css=\u00a0\u00bb.vc_custom_1520808370889{padding-top: 30px !important;}\u00a0\u00bb][vc_column_text css=\u00a0\u00bb.vc_custom_1559116049454{margin-bottom: 0px !important;}\u00a0\u00bb] Le Paralio Astros est situ\u00e9 dans le P\u00e9loponn\u00e8se, dans la pr\u00e9fecture d&rsquo;Arcadia. Il se trouve \u00e0 30 km de Nafplio. Paralio Astros proposait des promenades calmes et romantiques dans le port [&hellip;]\" \/>\n<meta property=\"og:url\" content=\"https:\/\/houdishouses.gr\/fr\/paralio-astros\/\" \/>\n<meta property=\"og:site_name\" content=\"Houdis Houses\" \/>\n<meta property=\"article:modified_time\" content=\"2019-05-29T11:31:42+00:00\" \/>\n<meta name=\"twitter:card\" content=\"summary_large_image\" \/>\n<meta name=\"twitter:label1\" content=\"Dur\u00e9e de lecture estim\u00e9e\" \/>\n\t<meta name=\"twitter:data1\" content=\"3 minutes\" \/>\n<script type=\"application\/ld+json\" class=\"yoast-schema-graph\">{\"@context\":\"https:\\\/\\\/schema.org\",\"@graph\":[{\"@type\":\"WebPage\",\"@id\":\"https:\\\/\\\/houdishouses.gr\\\/fr\\\/paralio-astros\\\/\",\"url\":\"https:\\\/\\\/houdishouses.gr\\\/fr\\\/paralio-astros\\\/\",\"name\":\"Paralio Astros - Houdis Houses\",\"isPartOf\":{\"@id\":\"https:\\\/\\\/houdishouses.gr\\\/#website\"},\"datePublished\":\"2018-03-11T22:40:17+00:00\",\"dateModified\":\"2019-05-29T11:31:42+00:00\",\"breadcrumb\":{\"@id\":\"https:\\\/\\\/houdishouses.gr\\\/fr\\\/paralio-astros\\\/#breadcrumb\"},\"inLanguage\":\"fr-FR\",\"potentialAction\":[{\"@type\":\"ReadAction\",\"target\":[\"https:\\\/\\\/houdishouses.gr\\\/fr\\\/paralio-astros\\\/\"]}]},{\"@type\":\"BreadcrumbList\",\"@id\":\"https:\\\/\\\/houdishouses.gr\\\/fr\\\/paralio-astros\\\/#breadcrumb\",\"itemListElement\":[{\"@type\":\"ListItem\",\"position\":1,\"name\":\"Home\",\"item\":\"https:\\\/\\\/houdishouses.gr\\\/fr\\\/\"},{\"@type\":\"ListItem\",\"position\":2,\"name\":\"Paralio Astros\"}]},{\"@type\":\"WebSite\",\"@id\":\"https:\\\/\\\/houdishouses.gr\\\/#website\",\"url\":\"https:\\\/\\\/houdishouses.gr\\\/\",\"name\":\"Houdis Houses\",\"description\":\"Houdis Houses - Paralio Astros Peloponnes\",\"potentialAction\":[{\"@type\":\"SearchAction\",\"target\":{\"@type\":\"EntryPoint\",\"urlTemplate\":\"https:\\\/\\\/houdishouses.gr\\\/?s={search_term_string}\"},\"query-input\":{\"@type\":\"PropertyValueSpecification\",\"valueRequired\":true,\"valueName\":\"search_term_string\"}}],\"inLanguage\":\"fr-FR\"}]}<\/script>\n<!-- \/ Yoast SEO plugin. -->","yoast_head_json":{"title":"Paralio Astros - Houdis Houses","robots":{"index":"index","follow":"follow","max-snippet":"max-snippet:-1","max-image-preview":"max-image-preview:large","max-video-preview":"max-video-preview:-1"},"canonical":"https:\/\/houdishouses.gr\/fr\/paralio-astros\/","og_locale":"fr_FR","og_type":"article","og_title":"Paralio Astros - Houdis Houses","og_description":"[mk_page_section bg_image=\u00a0\u00bbhttps:\/\/houdishouses.gr\/wp-content\/uploads\/2018\/03\/paralio-astros-1.jpg\u00a0\u00bb bg_position=\u00a0\u00bbcenter center\u00a0\u00bb bg_stretch=\u00a0\u00bbtrue\u00a0\u00bb enable_3d=\u00a0\u00bbtrue\u00a0\u00bb min_height=\u00a0\u00bb500&Prime; sidebar=\u00a0\u00bbsidebar-1&Prime;][vc_column css=\u00a0\u00bb.vc_custom_1520808277963{padding-top: 220px !important;}\u00a0\u00bb][vc_column_text align=\u00a0\u00bbcenter\u00a0\u00bb css=\u00a0\u00bb.vc_custom_1520808363847{margin-bottom: 0px !important;}\u00a0\u00bb] Paralio Astros [\/vc_column_text][\/vc_column][\/mk_page_section][vc_row][vc_column css=\u00a0\u00bb.vc_custom_1520808370889{padding-top: 30px !important;}\u00a0\u00bb][vc_column_text css=\u00a0\u00bb.vc_custom_1559116049454{margin-bottom: 0px !important;}\u00a0\u00bb] Le Paralio Astros est situ\u00e9 dans le P\u00e9loponn\u00e8se, dans la pr\u00e9fecture d&rsquo;Arcadia. Il se trouve \u00e0 30 km de Nafplio. Paralio Astros proposait des promenades calmes et romantiques dans le port [&hellip;]","og_url":"https:\/\/houdishouses.gr\/fr\/paralio-astros\/","og_site_name":"Houdis Houses","article_modified_time":"2019-05-29T11:31:42+00:00","twitter_card":"summary_large_image","twitter_misc":{"Dur\u00e9e de lecture estim\u00e9e":"3 minutes"},"schema":{"@context":"https:\/\/schema.org","@graph":[{"@type":"WebPage","@id":"https:\/\/houdishouses.gr\/fr\/paralio-astros\/","url":"https:\/\/houdishouses.gr\/fr\/paralio-astros\/","name":"Paralio Astros - Houdis Houses","isPartOf":{"@id":"https:\/\/houdishouses.gr\/#website"},"datePublished":"2018-03-11T22:40:17+00:00","dateModified":"2019-05-29T11:31:42+00:00","breadcrumb":{"@id":"https:\/\/houdishouses.gr\/fr\/paralio-astros\/#breadcrumb"},"inLanguage":"fr-FR","potentialAction":[{"@type":"ReadAction","target":["https:\/\/houdishouses.gr\/fr\/paralio-astros\/"]}]},{"@type":"BreadcrumbList","@id":"https:\/\/houdishouses.gr\/fr\/paralio-astros\/#breadcrumb","itemListElement":[{"@type":"ListItem","position":1,"name":"Home","item":"https:\/\/houdishouses.gr\/fr\/"},{"@type":"ListItem","position":2,"name":"Paralio Astros"}]},{"@type":"WebSite","@id":"https:\/\/houdishouses.gr\/#website","url":"https:\/\/houdishouses.gr\/","name":"Houdis Houses","description":"Houdis Houses - Paralio Astros Peloponnes","potentialAction":[{"@type":"SearchAction","target":{"@type":"EntryPoint","urlTemplate":"https:\/\/houdishouses.gr\/?s={search_term_string}"},"query-input":{"@type":"PropertyValueSpecification","valueRequired":true,"valueName":"search_term_string"}}],"inLanguage":"fr-FR"}]}},"_links":{"self":[{"href":"https:\/\/houdishouses.gr\/fr\/wp-json\/wp\/v2\/pages\/947","targetHints":{"allow":["GET"]}}],"collection":[{"href":"https:\/\/houdishouses.gr\/fr\/wp-json\/wp\/v2\/pages"}],"about":[{"href":"https:\/\/houdishouses.gr\/fr\/wp-json\/wp\/v2\/types\/page"}],"author":[{"embeddable":true,"href":"https:\/\/houdishouses.gr\/fr\/wp-json\/wp\/v2\/users\/1"}],"replies":[{"embeddable":true,"href":"https:\/\/houdishouses.gr\/fr\/wp-json\/wp\/v2\/comments?post=947"}],"version-history":[{"count":1,"href":"https:\/\/houdishouses.gr\/fr\/wp-json\/wp\/v2\/pages\/947\/revisions"}],"predecessor-version":[{"id":949,"href":"https:\/\/houdishouses.gr\/fr\/wp-json\/wp\/v2\/pages\/947\/revisions\/949"}],"wp:attachment":[{"href":"https:\/\/houdishouses.gr\/fr\/wp-json\/wp\/v2\/media?parent=947"}],"curies":[{"name":"wp","href":"https:\/\/api.w.org\/{rel}","templated":true}]}}