{"id":951,"date":"2018-03-07T22:10:44","date_gmt":"2018-03-07T20:10:44","guid":{"rendered":"https:\/\/houdishouses.gr\/paralio-astros-beaches\/"},"modified":"2019-05-29T13:48:50","modified_gmt":"2019-05-29T11:48:50","slug":"paralio-astros-plages","status":"publish","type":"page","link":"https:\/\/houdishouses.gr\/fr\/paralio-astros-plages\/","title":{"rendered":"Plages"},"content":{"rendered":"<div class=\"wpb-content-wrapper\">[mk_page_section bg_image=\u00a0\u00bbhttps:\/\/houdishouses.gr\/wp-content\/uploads\/2018\/03\/paralio-astros-1.jpg\u00a0\u00bb bg_position=\u00a0\u00bbcenter center\u00a0\u00bb bg_stretch=\u00a0\u00bbtrue\u00a0\u00bb enable_3d=\u00a0\u00bbtrue\u00a0\u00bb min_height=\u00a0\u00bb500&Prime; sidebar=\u00a0\u00bbsidebar-1&Prime;][vc_column css=\u00a0\u00bb.vc_custom_1520808277963{padding-top: 220px !important;}\u00a0\u00bb][vc_column_text align=\u00a0\u00bbcenter\u00a0\u00bb css=\u00a0\u00bb.vc_custom_1559130526691{margin-bottom: 0px !important;}\u00a0\u00bb]\n<h1><span style=\"color: #ffffff; font-size: 55px;\">Plages \u00e0 Paralio Astros<\/span><\/h1>\n[\/vc_column_text][\/vc_column][\/mk_page_section][vc_row][vc_column css=\u00a0\u00bb.vc_custom_1520808370889{padding-top: 30px !important;}\u00a0\u00bb][vc_column_text align=\u00a0\u00bbcenter\u00a0\u00bb css=\u00a0\u00bb.vc_custom_1559114375664{margin-bottom: 0px !important;}\u00a0\u00bb]Paralio Astros est une destination id\u00e9ale pour les \u00e9vasions fr\u00e9quentes car il est situ\u00e9 \u00e0 180 km d&rsquo;Ath\u00e8nes. Vous avez besoin de moins de 2 heures de route pour nous rejoindre!<\/p>\n<p>Vous pouvez choisir l&rsquo;un des nombreux bars de la plage pour profiter de votre baignade.<\/p>\n<p>Choisissez l\u2019une de nos magnifiques plages et allons nager![\/vc_column_text][\/vc_column][\/vc_row][vc_row][vc_column][mk_gallery images=\u00a0\u00bb187,188,189,190,191,193,204,195,196,197,199,200,192,205,201,202,210,203,206,207,172,79,174,178,194&Prime; style=\u00a0\u00bbstyle3&Prime; hover_scenarios=\u00a0\u00bbslow_zoom\u00a0\u00bb item_spacing=\u00a0\u00bb2&Prime; orderby=\u00a0\u00bbpost__in\u00a0\u00bb][\/vc_column][\/vc_row][mk_page_section min_height=\u00a0\u00bb793&Prime; sidebar=\u00a0\u00bbsidebar-1&Prime;][vc_column][vc_column_text css=\u00a0\u00bb.vc_custom_1520906396645{margin-bottom: 0px !important;}\u00a0\u00bb]\n<h4>Click \u00a0<a href=\"https:\/\/maps.google.gr\/maps\/ms?msa=0&amp;msid=216708487029703753254.0004c7dd6fec16ee4a8af&amp;hl=el&amp;ie=UTF8&amp;t=h&amp;ll=37.409983,22.773972&amp;spn=0.327245,0.411301&amp;z=11&amp;source=embed\" target=\"_blank\" rel=\"noopener\">here<\/a>\u00a0to see\u00a0<a href=\"https:\/\/maps.google.gr\/maps\/ms?msa=0&amp;msid=216708487029703753254.0004c7dd6fec16ee4a8af&amp;hl=el&amp;ie=UTF8&amp;t=h&amp;ll=37.409983,22.773972&amp;spn=0.327245,0.411301&amp;z=11&amp;source=embed\" target=\"_blank\" rel=\"noopener\">Beaches <\/a>in large size map<\/h4>\n<p><iframe loading=\"lazy\" src=\"https:\/\/maps.google.gr\/maps\/ms?msa=0&amp;msid=216708487029703753254.0004c7dd6fec16ee4a8af&amp;hl=el&amp;ie=UTF8&amp;t=h&amp;ll=37.409983,22.773972&amp;spn=0.327245,0.411301&amp;z=11&amp;output=embed\" width=\"100%\" height=\"800\" frameborder=\"0\" marginwidth=\"0\" marginheight=\"0\" scrolling=\"no\" data-mce-fragment=\"1\"><\/iframe>[\/vc_column_text][vc_empty_space height=\u00a0\u00bb42px\u00a0\u00bb][vc_column_text css=\u00a0\u00bb.vc_custom_1520906242494{margin-bottom: 0px !important;}\u00a0\u00bb]<iframe loading=\"lazy\" src=\"https:\/\/www.youtube.com\/embed\/jbMS55el5Ew\" width=\"560\" height=\"315\" frameborder=\"0\" allowfullscreen=\"allowfullscreen\" data-mce-fragment=\"1\"><\/iframe>[\/vc_column_text][\/vc_column][\/mk_page_section]\n<\/div>","protected":false},"excerpt":{"rendered":"<p>[mk_page_section bg_image=\u00a0\u00bbhttps:\/\/houdishouses.gr\/wp-content\/uploads\/2018\/03\/paralio-astros-1.jpg\u00a0\u00bb bg_position=\u00a0\u00bbcenter center\u00a0\u00bb bg_stretch=\u00a0\u00bbtrue\u00a0\u00bb enable_3d=\u00a0\u00bbtrue\u00a0\u00bb min_height=\u00a0\u00bb500&Prime; sidebar=\u00a0\u00bbsidebar-1&Prime;][vc_column css=\u00a0\u00bb.vc_custom_1520808277963{padding-top: 220px !important;}\u00a0\u00bb][vc_column_text align=\u00a0\u00bbcenter\u00a0\u00bb css=\u00a0\u00bb.vc_custom_1559130526691{margin-bottom: 0px !important;}\u00a0\u00bb] Plages \u00e0 Paralio Astros [\/vc_column_text][\/vc_column][\/mk_page_section][vc_row][vc_column css=\u00a0\u00bb.vc_custom_1520808370889{padding-top: 30px !important;}\u00a0\u00bb][vc_column_text align=\u00a0\u00bbcenter\u00a0\u00bb css=\u00a0\u00bb.vc_custom_1559114375664{margin-bottom: 0px !important;}\u00a0\u00bb]Paralio Astros est une destination id\u00e9ale pour les \u00e9vasions fr\u00e9quentes car il est situ\u00e9 \u00e0 180 km d&rsquo;Ath\u00e8nes. Vous avez besoin de moins de 2 heures de route pour [&hellip;]<\/p>\n","protected":false},"author":1,"featured_media":0,"parent":0,"menu_order":0,"comment_status":"closed","ping_status":"closed","template":"","meta":{"footnotes":""},"class_list":["post-951","page","type-page","status-publish","hentry"],"yoast_head":"<!-- This site is optimized with the Yoast SEO plugin v27.6 - https:\/\/yoast.com\/product\/yoast-seo-wordpress\/ -->\n<title>Plages - Houdis Houses<\/title>\n<meta name=\"robots\" content=\"index, follow, max-snippet:-1, max-image-preview:large, max-video-preview:-1\" \/>\n<link rel=\"canonical\" href=\"https:\/\/houdishouses.gr\/fr\/paralio-astros-plages\/\" \/>\n<meta property=\"og:locale\" content=\"fr_FR\" \/>\n<meta property=\"og:type\" content=\"article\" \/>\n<meta property=\"og:title\" content=\"Plages - Houdis Houses\" \/>\n<meta property=\"og:description\" content=\"[mk_page_section bg_image=\u00a0\u00bbhttps:\/\/houdishouses.gr\/wp-content\/uploads\/2018\/03\/paralio-astros-1.jpg\u00a0\u00bb bg_position=\u00a0\u00bbcenter center\u00a0\u00bb bg_stretch=\u00a0\u00bbtrue\u00a0\u00bb enable_3d=\u00a0\u00bbtrue\u00a0\u00bb min_height=\u00a0\u00bb500&Prime; sidebar=\u00a0\u00bbsidebar-1&Prime;][vc_column css=\u00a0\u00bb.vc_custom_1520808277963{padding-top: 220px !important;}\u00a0\u00bb][vc_column_text align=\u00a0\u00bbcenter\u00a0\u00bb css=\u00a0\u00bb.vc_custom_1559130526691{margin-bottom: 0px !important;}\u00a0\u00bb] Plages \u00e0 Paralio Astros [\/vc_column_text][\/vc_column][\/mk_page_section][vc_row][vc_column css=\u00a0\u00bb.vc_custom_1520808370889{padding-top: 30px !important;}\u00a0\u00bb][vc_column_text align=\u00a0\u00bbcenter\u00a0\u00bb css=\u00a0\u00bb.vc_custom_1559114375664{margin-bottom: 0px !important;}\u00a0\u00bb]Paralio Astros est une destination id\u00e9ale pour les \u00e9vasions fr\u00e9quentes car il est situ\u00e9 \u00e0 180 km d&rsquo;Ath\u00e8nes. Vous avez besoin de moins de 2 heures de route pour [&hellip;]\" \/>\n<meta property=\"og:url\" content=\"https:\/\/houdishouses.gr\/fr\/paralio-astros-plages\/\" \/>\n<meta property=\"og:site_name\" content=\"Houdis Houses\" \/>\n<meta property=\"article:modified_time\" content=\"2019-05-29T11:48:50+00:00\" \/>\n<meta name=\"twitter:card\" content=\"summary_large_image\" \/>\n<meta name=\"twitter:label1\" content=\"Dur\u00e9e de lecture estim\u00e9e\" \/>\n\t<meta name=\"twitter:data1\" content=\"1 minute\" \/>\n<script type=\"application\/ld+json\" class=\"yoast-schema-graph\">{\"@context\":\"https:\\\/\\\/schema.org\",\"@graph\":[{\"@type\":\"WebPage\",\"@id\":\"https:\\\/\\\/houdishouses.gr\\\/fr\\\/paralio-astros-plages\\\/\",\"url\":\"https:\\\/\\\/houdishouses.gr\\\/fr\\\/paralio-astros-plages\\\/\",\"name\":\"Plages - Houdis Houses\",\"isPartOf\":{\"@id\":\"https:\\\/\\\/houdishouses.gr\\\/#website\"},\"datePublished\":\"2018-03-07T20:10:44+00:00\",\"dateModified\":\"2019-05-29T11:48:50+00:00\",\"breadcrumb\":{\"@id\":\"https:\\\/\\\/houdishouses.gr\\\/fr\\\/paralio-astros-plages\\\/#breadcrumb\"},\"inLanguage\":\"fr-FR\",\"potentialAction\":[{\"@type\":\"ReadAction\",\"target\":[\"https:\\\/\\\/houdishouses.gr\\\/fr\\\/paralio-astros-plages\\\/\"]}]},{\"@type\":\"BreadcrumbList\",\"@id\":\"https:\\\/\\\/houdishouses.gr\\\/fr\\\/paralio-astros-plages\\\/#breadcrumb\",\"itemListElement\":[{\"@type\":\"ListItem\",\"position\":1,\"name\":\"Home\",\"item\":\"https:\\\/\\\/houdishouses.gr\\\/fr\\\/\"},{\"@type\":\"ListItem\",\"position\":2,\"name\":\"Plages\"}]},{\"@type\":\"WebSite\",\"@id\":\"https:\\\/\\\/houdishouses.gr\\\/#website\",\"url\":\"https:\\\/\\\/houdishouses.gr\\\/\",\"name\":\"Houdis Houses\",\"description\":\"Houdis Houses - Paralio Astros Peloponnes\",\"potentialAction\":[{\"@type\":\"SearchAction\",\"target\":{\"@type\":\"EntryPoint\",\"urlTemplate\":\"https:\\\/\\\/houdishouses.gr\\\/?s={search_term_string}\"},\"query-input\":{\"@type\":\"PropertyValueSpecification\",\"valueRequired\":true,\"valueName\":\"search_term_string\"}}],\"inLanguage\":\"fr-FR\"}]}<\/script>\n<!-- \/ Yoast SEO plugin. -->","yoast_head_json":{"title":"Plages - Houdis Houses","robots":{"index":"index","follow":"follow","max-snippet":"max-snippet:-1","max-image-preview":"max-image-preview:large","max-video-preview":"max-video-preview:-1"},"canonical":"https:\/\/houdishouses.gr\/fr\/paralio-astros-plages\/","og_locale":"fr_FR","og_type":"article","og_title":"Plages - Houdis Houses","og_description":"[mk_page_section bg_image=\u00a0\u00bbhttps:\/\/houdishouses.gr\/wp-content\/uploads\/2018\/03\/paralio-astros-1.jpg\u00a0\u00bb bg_position=\u00a0\u00bbcenter center\u00a0\u00bb bg_stretch=\u00a0\u00bbtrue\u00a0\u00bb enable_3d=\u00a0\u00bbtrue\u00a0\u00bb min_height=\u00a0\u00bb500&Prime; sidebar=\u00a0\u00bbsidebar-1&Prime;][vc_column css=\u00a0\u00bb.vc_custom_1520808277963{padding-top: 220px !important;}\u00a0\u00bb][vc_column_text align=\u00a0\u00bbcenter\u00a0\u00bb css=\u00a0\u00bb.vc_custom_1559130526691{margin-bottom: 0px !important;}\u00a0\u00bb] Plages \u00e0 Paralio Astros [\/vc_column_text][\/vc_column][\/mk_page_section][vc_row][vc_column css=\u00a0\u00bb.vc_custom_1520808370889{padding-top: 30px !important;}\u00a0\u00bb][vc_column_text align=\u00a0\u00bbcenter\u00a0\u00bb css=\u00a0\u00bb.vc_custom_1559114375664{margin-bottom: 0px !important;}\u00a0\u00bb]Paralio Astros est une destination id\u00e9ale pour les \u00e9vasions fr\u00e9quentes car il est situ\u00e9 \u00e0 180 km d&rsquo;Ath\u00e8nes. Vous avez besoin de moins de 2 heures de route pour [&hellip;]","og_url":"https:\/\/houdishouses.gr\/fr\/paralio-astros-plages\/","og_site_name":"Houdis Houses","article_modified_time":"2019-05-29T11:48:50+00:00","twitter_card":"summary_large_image","twitter_misc":{"Dur\u00e9e de lecture estim\u00e9e":"1 minute"},"schema":{"@context":"https:\/\/schema.org","@graph":[{"@type":"WebPage","@id":"https:\/\/houdishouses.gr\/fr\/paralio-astros-plages\/","url":"https:\/\/houdishouses.gr\/fr\/paralio-astros-plages\/","name":"Plages - Houdis Houses","isPartOf":{"@id":"https:\/\/houdishouses.gr\/#website"},"datePublished":"2018-03-07T20:10:44+00:00","dateModified":"2019-05-29T11:48:50+00:00","breadcrumb":{"@id":"https:\/\/houdishouses.gr\/fr\/paralio-astros-plages\/#breadcrumb"},"inLanguage":"fr-FR","potentialAction":[{"@type":"ReadAction","target":["https:\/\/houdishouses.gr\/fr\/paralio-astros-plages\/"]}]},{"@type":"BreadcrumbList","@id":"https:\/\/houdishouses.gr\/fr\/paralio-astros-plages\/#breadcrumb","itemListElement":[{"@type":"ListItem","position":1,"name":"Home","item":"https:\/\/houdishouses.gr\/fr\/"},{"@type":"ListItem","position":2,"name":"Plages"}]},{"@type":"WebSite","@id":"https:\/\/houdishouses.gr\/#website","url":"https:\/\/houdishouses.gr\/","name":"Houdis Houses","description":"Houdis Houses - Paralio Astros Peloponnes","potentialAction":[{"@type":"SearchAction","target":{"@type":"EntryPoint","urlTemplate":"https:\/\/houdishouses.gr\/?s={search_term_string}"},"query-input":{"@type":"PropertyValueSpecification","valueRequired":true,"valueName":"search_term_string"}}],"inLanguage":"fr-FR"}]}},"_links":{"self":[{"href":"https:\/\/houdishouses.gr\/fr\/wp-json\/wp\/v2\/pages\/951","targetHints":{"allow":["GET"]}}],"collection":[{"href":"https:\/\/houdishouses.gr\/fr\/wp-json\/wp\/v2\/pages"}],"about":[{"href":"https:\/\/houdishouses.gr\/fr\/wp-json\/wp\/v2\/types\/page"}],"author":[{"embeddable":true,"href":"https:\/\/houdishouses.gr\/fr\/wp-json\/wp\/v2\/users\/1"}],"replies":[{"embeddable":true,"href":"https:\/\/houdishouses.gr\/fr\/wp-json\/wp\/v2\/comments?post=951"}],"version-history":[{"count":4,"href":"https:\/\/houdishouses.gr\/fr\/wp-json\/wp\/v2\/pages\/951\/revisions"}],"predecessor-version":[{"id":960,"href":"https:\/\/houdishouses.gr\/fr\/wp-json\/wp\/v2\/pages\/951\/revisions\/960"}],"wp:attachment":[{"href":"https:\/\/houdishouses.gr\/fr\/wp-json\/wp\/v2\/media?parent=951"}],"curies":[{"name":"wp","href":"https:\/\/api.w.org\/{rel}","templated":true}]}}