{"id":354,"date":"2018-03-07T22:10:44","date_gmt":"2018-03-07T20:10:44","guid":{"rendered":"https:\/\/houdishouses.gr\/paralio-astros-beaches\/"},"modified":"2018-05-06T05:09:19","modified_gmt":"2018-05-06T03:09:19","slug":"plaze-na-peloponezie","status":"publish","type":"page","link":"https:\/\/houdishouses.gr\/pl\/plaze-na-peloponezie\/","title":{"rendered":"Pla\u017ce na Peloponezie"},"content":{"rendered":"<div class=\"wpb-content-wrapper\">[mk_page_section bg_image=&#8221;https:\/\/houdishouses.gr\/wp-content\/uploads\/2018\/03\/paralio-astros-1.jpg&#8221; bg_position=&#8221;center center&#8221; bg_stretch=&#8221;true&#8221; enable_3d=&#8221;true&#8221; min_height=&#8221;500&#8243; sidebar=&#8221;sidebar-1&#8243;][vc_column css=&#8221;.vc_custom_1520808277963{padding-top: 220px !important;}&#8221;][vc_column_text align=&#8221;center&#8221; css=&#8221;.vc_custom_1525576157449{margin-bottom: 0px !important;}&#8221;]\n<h1><span style=\"color: #ffffff; font-size: 55px;\">Pla\u017ce w Paralio Astros<\/span><\/h1>\n[\/vc_column_text][\/vc_column][\/mk_page_section][vc_row][vc_column css=&#8221;.vc_custom_1520808370889{padding-top: 30px !important;}&#8221;][vc_column_text align=&#8221;center&#8221; css=&#8221;.vc_custom_1525574140722{margin-bottom: 0px !important;}&#8221;]Paralio Astros jest idealnym miejscem do cz\u0119stych ucieczek, poniewa\u017c znajduje si\u0119 180 km od Aten, wi\u0119c potrzebujesz mniej ni\u017c 2 godziny jazdy do nas!<\/p>\n<p>Mo\u017cesz wybra\u0107 jeden z wielu bar\u00f3w na pla\u017cy, aby cieszy\u0107 si\u0119 p\u0142ywa\u0107.<\/p>\n<p>Wybierz jedn\u0105 z naszych wspania\u0142ych pla\u017c i chod\u017amy pop\u0142ywa\u0107![\/vc_column_text][\/vc_column][\/vc_row][vc_row][vc_column][mk_gallery images=&#8221;187,188,189,190,191,193,204,195,196,197,199,200,192,205,201,202,210,203,206,207,172,79,174,178,194&#8243; style=&#8221;style3&#8243; hover_scenarios=&#8221;slow_zoom&#8221; item_spacing=&#8221;2&#8243; orderby=&#8221;post__in&#8221;][\/vc_column][\/vc_row][mk_page_section min_height=&#8221;793&#8243; sidebar=&#8221;sidebar-1&#8243;][vc_column][vc_column_text css=&#8221;.vc_custom_1525574235673{margin-bottom: 0px !important;}&#8221;]\n<h4>Kliknij\u00a0<a href=\"https:\/\/maps.google.gr\/maps\/ms?msa=0&amp;msid=216708487029703753254.0004c7dd6fec16ee4a8af&amp;hl=el&amp;ie=UTF8&amp;t=h&amp;ll=37.409983,22.773972&amp;spn=0.327245,0.411301&amp;z=11&amp;source=embed\" target=\"_blank\" rel=\"noopener\">tutaj<\/a>\u00a0zobaczy\u0107\u00a0<a href=\"https:\/\/maps.google.gr\/maps\/ms?msa=0&amp;msid=216708487029703753254.0004c7dd6fec16ee4a8af&amp;hl=el&amp;ie=UTF8&amp;t=h&amp;ll=37.409983,22.773972&amp;spn=0.327245,0.411301&amp;z=11&amp;source=embed\" target=\"_blank\" rel=\"noopener\">Pla\u017ce <\/a>w du\u017cym rozmiarze mapy<\/h4>\n<p><iframe loading=\"lazy\" src=\"https:\/\/maps.google.gr\/maps\/ms?msa=0&amp;msid=216708487029703753254.0004c7dd6fec16ee4a8af&amp;hl=el&amp;ie=UTF8&amp;t=h&amp;ll=37.409983,22.773972&amp;spn=0.327245,0.411301&amp;z=11&amp;output=embed\" width=\"100%\" height=\"800\" frameborder=\"0\" marginwidth=\"0\" marginheight=\"0\" scrolling=\"no\"><\/iframe>[\/vc_column_text][vc_empty_space height=&#8221;42px&#8221;][vc_column_text css=&#8221;.vc_custom_1520906242494{margin-bottom: 0px !important;}&#8221;]<iframe loading=\"lazy\" src=\"https:\/\/www.youtube.com\/embed\/jbMS55el5Ew\" width=\"560\" height=\"315\" frameborder=\"0\" allowfullscreen=\"allowfullscreen\"><\/iframe>[\/vc_column_text][\/vc_column][\/mk_page_section]\n<\/div>","protected":false},"excerpt":{"rendered":"<p>[mk_page_section bg_image=&#8221;https:\/\/houdishouses.gr\/wp-content\/uploads\/2018\/03\/paralio-astros-1.jpg&#8221; bg_position=&#8221;center center&#8221; bg_stretch=&#8221;true&#8221; enable_3d=&#8221;true&#8221; min_height=&#8221;500&#8243; sidebar=&#8221;sidebar-1&#8243;][vc_column css=&#8221;.vc_custom_1520808277963{padding-top: 220px !important;}&#8221;][vc_column_text align=&#8221;center&#8221; css=&#8221;.vc_custom_1525576157449{margin-bottom: 0px !important;}&#8221;] Pla\u017ce w Paralio Astros [\/vc_column_text][\/vc_column][\/mk_page_section][vc_row][vc_column css=&#8221;.vc_custom_1520808370889{padding-top: 30px !important;}&#8221;][vc_column_text align=&#8221;center&#8221; css=&#8221;.vc_custom_1525574140722{margin-bottom: 0px !important;}&#8221;]Paralio Astros jest idealnym miejscem do cz\u0119stych ucieczek, poniewa\u017c znajduje si\u0119 180 km od Aten, wi\u0119c potrzebujesz mniej ni\u017c 2 godziny jazdy do nas! Mo\u017cesz wybra\u0107 jeden z wielu [&hellip;]<\/p>\n","protected":false},"author":1,"featured_media":0,"parent":0,"menu_order":0,"comment_status":"closed","ping_status":"closed","template":"","meta":{"footnotes":""},"class_list":["post-354","page","type-page","status-publish","hentry"],"yoast_head":"<!-- This site is optimized with the Yoast SEO plugin v27.6 - https:\/\/yoast.com\/product\/yoast-seo-wordpress\/ -->\n<title>Pla\u017ce na Peloponezie - Houdis Houses<\/title>\n<meta name=\"robots\" content=\"index, follow, max-snippet:-1, max-image-preview:large, max-video-preview:-1\" \/>\n<link rel=\"canonical\" href=\"https:\/\/houdishouses.gr\/pl\/plaze-na-peloponezie\/\" \/>\n<meta property=\"og:locale\" content=\"pl_PL\" \/>\n<meta property=\"og:type\" content=\"article\" \/>\n<meta property=\"og:title\" content=\"Pla\u017ce na Peloponezie - Houdis Houses\" \/>\n<meta property=\"og:description\" content=\"[mk_page_section bg_image=&#8221;https:\/\/houdishouses.gr\/wp-content\/uploads\/2018\/03\/paralio-astros-1.jpg&#8221; bg_position=&#8221;center center&#8221; bg_stretch=&#8221;true&#8221; enable_3d=&#8221;true&#8221; min_height=&#8221;500&#8243; sidebar=&#8221;sidebar-1&#8243;][vc_column css=&#8221;.vc_custom_1520808277963{padding-top: 220px !important;}&#8221;][vc_column_text align=&#8221;center&#8221; css=&#8221;.vc_custom_1525576157449{margin-bottom: 0px !important;}&#8221;] Pla\u017ce w Paralio Astros [\/vc_column_text][\/vc_column][\/mk_page_section][vc_row][vc_column css=&#8221;.vc_custom_1520808370889{padding-top: 30px !important;}&#8221;][vc_column_text align=&#8221;center&#8221; css=&#8221;.vc_custom_1525574140722{margin-bottom: 0px !important;}&#8221;]Paralio Astros jest idealnym miejscem do cz\u0119stych ucieczek, poniewa\u017c znajduje si\u0119 180 km od Aten, wi\u0119c potrzebujesz mniej ni\u017c 2 godziny jazdy do nas! Mo\u017cesz wybra\u0107 jeden z wielu [&hellip;]\" \/>\n<meta property=\"og:url\" content=\"https:\/\/houdishouses.gr\/pl\/plaze-na-peloponezie\/\" \/>\n<meta property=\"og:site_name\" content=\"Houdis Houses\" \/>\n<meta property=\"article:modified_time\" content=\"2018-05-06T03:09:19+00:00\" \/>\n<meta name=\"twitter:card\" content=\"summary_large_image\" \/>\n<meta name=\"twitter:label1\" content=\"Szacowany czas czytania\" \/>\n\t<meta name=\"twitter:data1\" content=\"1 minuta\" \/>\n<script type=\"application\/ld+json\" class=\"yoast-schema-graph\">{\"@context\":\"https:\\\/\\\/schema.org\",\"@graph\":[{\"@type\":\"WebPage\",\"@id\":\"https:\\\/\\\/houdishouses.gr\\\/pl\\\/plaze-na-peloponezie\\\/\",\"url\":\"https:\\\/\\\/houdishouses.gr\\\/pl\\\/plaze-na-peloponezie\\\/\",\"name\":\"Pla\u017ce na Peloponezie - Houdis Houses\",\"isPartOf\":{\"@id\":\"https:\\\/\\\/houdishouses.gr\\\/#website\"},\"datePublished\":\"2018-03-07T20:10:44+00:00\",\"dateModified\":\"2018-05-06T03:09:19+00:00\",\"breadcrumb\":{\"@id\":\"https:\\\/\\\/houdishouses.gr\\\/pl\\\/plaze-na-peloponezie\\\/#breadcrumb\"},\"inLanguage\":\"pl-PL\",\"potentialAction\":[{\"@type\":\"ReadAction\",\"target\":[\"https:\\\/\\\/houdishouses.gr\\\/pl\\\/plaze-na-peloponezie\\\/\"]}]},{\"@type\":\"BreadcrumbList\",\"@id\":\"https:\\\/\\\/houdishouses.gr\\\/pl\\\/plaze-na-peloponezie\\\/#breadcrumb\",\"itemListElement\":[{\"@type\":\"ListItem\",\"position\":1,\"name\":\"Home\",\"item\":\"https:\\\/\\\/houdishouses.gr\\\/pl\\\/\"},{\"@type\":\"ListItem\",\"position\":2,\"name\":\"Pla\u017ce na Peloponezie\"}]},{\"@type\":\"WebSite\",\"@id\":\"https:\\\/\\\/houdishouses.gr\\\/#website\",\"url\":\"https:\\\/\\\/houdishouses.gr\\\/\",\"name\":\"Houdis Houses\",\"description\":\"Houdis Houses - Paralio Astros Peloponnes\",\"potentialAction\":[{\"@type\":\"SearchAction\",\"target\":{\"@type\":\"EntryPoint\",\"urlTemplate\":\"https:\\\/\\\/houdishouses.gr\\\/?s={search_term_string}\"},\"query-input\":{\"@type\":\"PropertyValueSpecification\",\"valueRequired\":true,\"valueName\":\"search_term_string\"}}],\"inLanguage\":\"pl-PL\"}]}<\/script>\n<!-- \/ Yoast SEO plugin. -->","yoast_head_json":{"title":"Pla\u017ce na Peloponezie - Houdis Houses","robots":{"index":"index","follow":"follow","max-snippet":"max-snippet:-1","max-image-preview":"max-image-preview:large","max-video-preview":"max-video-preview:-1"},"canonical":"https:\/\/houdishouses.gr\/pl\/plaze-na-peloponezie\/","og_locale":"pl_PL","og_type":"article","og_title":"Pla\u017ce na Peloponezie - Houdis Houses","og_description":"[mk_page_section bg_image=&#8221;https:\/\/houdishouses.gr\/wp-content\/uploads\/2018\/03\/paralio-astros-1.jpg&#8221; bg_position=&#8221;center center&#8221; bg_stretch=&#8221;true&#8221; enable_3d=&#8221;true&#8221; min_height=&#8221;500&#8243; sidebar=&#8221;sidebar-1&#8243;][vc_column css=&#8221;.vc_custom_1520808277963{padding-top: 220px !important;}&#8221;][vc_column_text align=&#8221;center&#8221; css=&#8221;.vc_custom_1525576157449{margin-bottom: 0px !important;}&#8221;] Pla\u017ce w Paralio Astros [\/vc_column_text][\/vc_column][\/mk_page_section][vc_row][vc_column css=&#8221;.vc_custom_1520808370889{padding-top: 30px !important;}&#8221;][vc_column_text align=&#8221;center&#8221; css=&#8221;.vc_custom_1525574140722{margin-bottom: 0px !important;}&#8221;]Paralio Astros jest idealnym miejscem do cz\u0119stych ucieczek, poniewa\u017c znajduje si\u0119 180 km od Aten, wi\u0119c potrzebujesz mniej ni\u017c 2 godziny jazdy do nas! Mo\u017cesz wybra\u0107 jeden z wielu [&hellip;]","og_url":"https:\/\/houdishouses.gr\/pl\/plaze-na-peloponezie\/","og_site_name":"Houdis Houses","article_modified_time":"2018-05-06T03:09:19+00:00","twitter_card":"summary_large_image","twitter_misc":{"Szacowany czas czytania":"1 minuta"},"schema":{"@context":"https:\/\/schema.org","@graph":[{"@type":"WebPage","@id":"https:\/\/houdishouses.gr\/pl\/plaze-na-peloponezie\/","url":"https:\/\/houdishouses.gr\/pl\/plaze-na-peloponezie\/","name":"Pla\u017ce na Peloponezie - Houdis Houses","isPartOf":{"@id":"https:\/\/houdishouses.gr\/#website"},"datePublished":"2018-03-07T20:10:44+00:00","dateModified":"2018-05-06T03:09:19+00:00","breadcrumb":{"@id":"https:\/\/houdishouses.gr\/pl\/plaze-na-peloponezie\/#breadcrumb"},"inLanguage":"pl-PL","potentialAction":[{"@type":"ReadAction","target":["https:\/\/houdishouses.gr\/pl\/plaze-na-peloponezie\/"]}]},{"@type":"BreadcrumbList","@id":"https:\/\/houdishouses.gr\/pl\/plaze-na-peloponezie\/#breadcrumb","itemListElement":[{"@type":"ListItem","position":1,"name":"Home","item":"https:\/\/houdishouses.gr\/pl\/"},{"@type":"ListItem","position":2,"name":"Pla\u017ce na Peloponezie"}]},{"@type":"WebSite","@id":"https:\/\/houdishouses.gr\/#website","url":"https:\/\/houdishouses.gr\/","name":"Houdis Houses","description":"Houdis Houses - Paralio Astros Peloponnes","potentialAction":[{"@type":"SearchAction","target":{"@type":"EntryPoint","urlTemplate":"https:\/\/houdishouses.gr\/?s={search_term_string}"},"query-input":{"@type":"PropertyValueSpecification","valueRequired":true,"valueName":"search_term_string"}}],"inLanguage":"pl-PL"}]}},"_links":{"self":[{"href":"https:\/\/houdishouses.gr\/pl\/wp-json\/wp\/v2\/pages\/354","targetHints":{"allow":["GET"]}}],"collection":[{"href":"https:\/\/houdishouses.gr\/pl\/wp-json\/wp\/v2\/pages"}],"about":[{"href":"https:\/\/houdishouses.gr\/pl\/wp-json\/wp\/v2\/types\/page"}],"author":[{"embeddable":true,"href":"https:\/\/houdishouses.gr\/pl\/wp-json\/wp\/v2\/users\/1"}],"replies":[{"embeddable":true,"href":"https:\/\/houdishouses.gr\/pl\/wp-json\/wp\/v2\/comments?post=354"}],"version-history":[{"count":3,"href":"https:\/\/houdishouses.gr\/pl\/wp-json\/wp\/v2\/pages\/354\/revisions"}],"predecessor-version":[{"id":376,"href":"https:\/\/houdishouses.gr\/pl\/wp-json\/wp\/v2\/pages\/354\/revisions\/376"}],"wp:attachment":[{"href":"https:\/\/houdishouses.gr\/pl\/wp-json\/wp\/v2\/media?parent=354"}],"curies":[{"name":"wp","href":"https:\/\/api.w.org\/{rel}","templated":true}]}}