{"id":357,"date":"2018-03-07T22:11:11","date_gmt":"2018-03-07T20:11:11","guid":{"rendered":"https:\/\/houdishouses.gr\/how-to-find-us\/"},"modified":"2018-05-06T04:41:22","modified_gmt":"2018-05-06T02:41:22","slug":"jak-nas-znalezc","status":"publish","type":"page","link":"https:\/\/houdishouses.gr\/pl\/jak-nas-znalezc\/","title":{"rendered":"Jak nas znale\u017a\u0107"},"content":{"rendered":"<div class=\"wpb-content-wrapper\">[mk_page_section bg_image=&#8221;https:\/\/houdishouses.gr\/wp-content\/uploads\/2018\/03\/houdishouses_main_pool-1.jpg&#8221; bg_position=&#8221;center center&#8221; bg_stretch=&#8221;true&#8221; enable_3d=&#8221;true&#8221; min_height=&#8221;391&#8243; sidebar=&#8221;sidebar-1&#8243;][vc_column][\/vc_column][\/mk_page_section][vc_row][vc_column][vc_empty_space][\/vc_column][\/vc_row][vc_row][vc_column width=&#8221;1\/2&#8243;][vc_column_text css=&#8221;.vc_custom_1525574326190{margin-bottom: 0px !important;}&#8221;]\n<h1 class=\"page-title\"><span style=\"font-weight: 55px;\">Jak nas znale\u017a\u0107<\/span><\/h1>\n[\/vc_column_text][vc_column_text css=&#8221;.vc_custom_1525574474435{margin-bottom: 0px !important;}&#8221;]Paralio Astros znajduje si\u0119 na Peloponezie, w prefekturze Arcadia. Jest tylko 169 km od Aten (2 godziny) i 32 km od Nafplion (p\u00f3\u0142 godziny).<\/p>\n<p>Obiekt Houdis Houses znajduje si\u0119 w odleg\u0142o\u015bci 200 metr\u00f3w od centrum miejscowo\u015bci Paralio Astros, w kierunku miejscowo\u015bci Astros.<\/p>\n<p><strong>Dojazdu z Aten do Houdis Houses(Astros)<br \/>\n<\/strong><\/p>\n<ul>\n<li>Udaj si\u0119 na po\u0142udnie do Aten Tripoli EO \/ EG New Tripoli Kalamata<\/li>\n<li>Wybierz zjazd 6 &#8211; Sterna Node do Argos \/ Astros<\/li>\n<li>Wejd\u017a do EO Corinthos &#8211; Tripoli<\/li>\n<li>Prowadzi\u0107 z Argos (kieruj si\u0119 drogowskazami na Astros)<\/li>\n<li>Po Myloi Village skr\u0119ci\u0107 w lewo w kierunku Kiveri &#8211; Leonidio drogowego<\/li>\n<li>Skr\u0119\u0107 w lewo w ParalioAstros (Paliochano)<\/li>\n<li>Paraliou Astros \u2013 Tripoli Road<\/li>\n<\/ul>\n<p>Do Pa\u0144stwa dyspozycji w celu uzyskania wszelkich informacji Pani Magdalini Chounti\u00a0<a class=\"new-window\" title=\"+30697 3981 384\" href=\"tel:6973981384\" target=\"_blank\" rel=\"noopener\">+306973981384<\/a>[\/vc_column_text][\/vc_column][vc_column width=&#8221;1\/2&#8243;][vc_raw_html]JTNDaWZyYW1lJTIwc3JjJTNEJTIyaHR0cHMlM0ElMkYlMkZ3d3cuZ29vZ2xlLmNvbSUyRm1hcHMlMkZlbWJlZCUzRnBiJTNEJTIxMW0yOCUyMTFtMTIlMjExbTMlMjExZDYxODc3Ny42NzczNjE0NzI5JTIxMmQyMi43MzM1NzAyODk4NDg3NjQlMjEzZDM3LjYyNDA2OTgxNDU5MjE3JTIxMm0zJTIxMWYwJTIxMmYwJTIxM2YwJTIxM20yJTIxMWkxMDI0JTIxMmk3NjglMjE0ZjEzLjElMjE0bTEzJTIxM2UwJTIxNG01JTIxMXMweDE0YTFiZDFmMDY3MDQzZjElMjUzQTB4MjczNjM1NDU3NjY2OGRkZCUyMTJzQXRoZW5zJTI1MkMlMkJHcmVlY2UlMjEzbTIlMjExZDM3Ljk4MzgwOTYlMjEyZDIzLjcyNzUzODc5OTk5OTk5OCUyMTRtNSUyMTFzMHgxNDlmZTc3MzFjYWQ1ZDBiJTI1M0EweGFhZDg4YjIxNzU2MTQyZjAlMjEyc0hvdWRpcyUyQkhvdXNlcyUyNTJDJTJCVm9yaWElMkJLaW5vdXJpYSUyNTJDJTJCR3JlZWNlJTIxM20yJTIxMWQzNy40MDg3OTglMjEyZDIyLjc1NDI3Mjk5OTk5OTk5OCUyMTVlMSUyMTNtMiUyMTFzZW4lMjEyc3VzJTIxNHYxNTIwOTA4ODg1MjgzJTIyJTIwd2lkdGglM0QlMjI2MDAlMjIlMjBoZWlnaHQlM0QlMjI0NTAlMjIlMjBmcmFtZWJvcmRlciUzRCUyMjAlMjIlMjBzdHlsZSUzRCUyMmJvcmRlciUzQTAlMjIlMjBhbGxvd2Z1bGxzY3JlZW4lM0UlM0MlMkZpZnJhbWUlM0U=[\/vc_raw_html][\/vc_column][\/vc_row]\n<\/div>","protected":false},"excerpt":{"rendered":"<p>[mk_page_section bg_image=&#8221;https:\/\/houdishouses.gr\/wp-content\/uploads\/2018\/03\/houdishouses_main_pool-1.jpg&#8221; bg_position=&#8221;center center&#8221; bg_stretch=&#8221;true&#8221; enable_3d=&#8221;true&#8221; min_height=&#8221;391&#8243; sidebar=&#8221;sidebar-1&#8243;][vc_column][\/vc_column][\/mk_page_section][vc_row][vc_column][vc_empty_space][\/vc_column][\/vc_row][vc_row][vc_column width=&#8221;1\/2&#8243;][vc_column_text css=&#8221;.vc_custom_1525574326190{margin-bottom: 0px !important;}&#8221;] Jak nas znale\u017a\u0107 [\/vc_column_text][vc_column_text css=&#8221;.vc_custom_1525574474435{margin-bottom: 0px !important;}&#8221;]Paralio Astros znajduje si\u0119 na Peloponezie, w prefekturze Arcadia. Jest tylko 169 km od Aten (2 godziny) i 32 km od Nafplion (p\u00f3\u0142 godziny). Obiekt Houdis Houses znajduje si\u0119 w odleg\u0142o\u015bci 200 metr\u00f3w od centrum miejscowo\u015bci Paralio [&hellip;]<\/p>\n","protected":false},"author":1,"featured_media":0,"parent":0,"menu_order":0,"comment_status":"closed","ping_status":"closed","template":"","meta":{"footnotes":""},"class_list":["post-357","page","type-page","status-publish","hentry"],"yoast_head":"<!-- This site is optimized with the Yoast SEO plugin v27.6 - https:\/\/yoast.com\/product\/yoast-seo-wordpress\/ -->\n<title>Jak nas znale\u017a\u0107 - Houdis Houses<\/title>\n<meta name=\"robots\" content=\"index, follow, max-snippet:-1, max-image-preview:large, max-video-preview:-1\" \/>\n<link rel=\"canonical\" href=\"https:\/\/houdishouses.gr\/pl\/jak-nas-znalezc\/\" \/>\n<meta property=\"og:locale\" content=\"pl_PL\" \/>\n<meta property=\"og:type\" content=\"article\" \/>\n<meta property=\"og:title\" content=\"Jak nas znale\u017a\u0107 - Houdis Houses\" \/>\n<meta property=\"og:description\" content=\"[mk_page_section bg_image=&#8221;https:\/\/houdishouses.gr\/wp-content\/uploads\/2018\/03\/houdishouses_main_pool-1.jpg&#8221; bg_position=&#8221;center center&#8221; bg_stretch=&#8221;true&#8221; enable_3d=&#8221;true&#8221; min_height=&#8221;391&#8243; sidebar=&#8221;sidebar-1&#8243;][vc_column][\/vc_column][\/mk_page_section][vc_row][vc_column][vc_empty_space][\/vc_column][\/vc_row][vc_row][vc_column width=&#8221;1\/2&#8243;][vc_column_text css=&#8221;.vc_custom_1525574326190{margin-bottom: 0px !important;}&#8221;] Jak nas znale\u017a\u0107 [\/vc_column_text][vc_column_text css=&#8221;.vc_custom_1525574474435{margin-bottom: 0px !important;}&#8221;]Paralio Astros znajduje si\u0119 na Peloponezie, w prefekturze Arcadia. Jest tylko 169 km od Aten (2 godziny) i 32 km od Nafplion (p\u00f3\u0142 godziny). Obiekt Houdis Houses znajduje si\u0119 w odleg\u0142o\u015bci 200 metr\u00f3w od centrum miejscowo\u015bci Paralio [&hellip;]\" \/>\n<meta property=\"og:url\" content=\"https:\/\/houdishouses.gr\/pl\/jak-nas-znalezc\/\" \/>\n<meta property=\"og:site_name\" content=\"Houdis Houses\" \/>\n<meta property=\"article:modified_time\" content=\"2018-05-06T02:41:22+00:00\" \/>\n<meta name=\"twitter:card\" content=\"summary_large_image\" \/>\n<meta name=\"twitter:label1\" content=\"Szacowany czas czytania\" \/>\n\t<meta name=\"twitter:data1\" content=\"1 minuta\" \/>\n<script type=\"application\/ld+json\" class=\"yoast-schema-graph\">{\"@context\":\"https:\\\/\\\/schema.org\",\"@graph\":[{\"@type\":\"WebPage\",\"@id\":\"https:\\\/\\\/houdishouses.gr\\\/pl\\\/jak-nas-znalezc\\\/\",\"url\":\"https:\\\/\\\/houdishouses.gr\\\/pl\\\/jak-nas-znalezc\\\/\",\"name\":\"Jak nas znale\u017a\u0107 - Houdis Houses\",\"isPartOf\":{\"@id\":\"https:\\\/\\\/houdishouses.gr\\\/#website\"},\"datePublished\":\"2018-03-07T20:11:11+00:00\",\"dateModified\":\"2018-05-06T02:41:22+00:00\",\"breadcrumb\":{\"@id\":\"https:\\\/\\\/houdishouses.gr\\\/pl\\\/jak-nas-znalezc\\\/#breadcrumb\"},\"inLanguage\":\"pl-PL\",\"potentialAction\":[{\"@type\":\"ReadAction\",\"target\":[\"https:\\\/\\\/houdishouses.gr\\\/pl\\\/jak-nas-znalezc\\\/\"]}]},{\"@type\":\"BreadcrumbList\",\"@id\":\"https:\\\/\\\/houdishouses.gr\\\/pl\\\/jak-nas-znalezc\\\/#breadcrumb\",\"itemListElement\":[{\"@type\":\"ListItem\",\"position\":1,\"name\":\"Home\",\"item\":\"https:\\\/\\\/houdishouses.gr\\\/pl\\\/\"},{\"@type\":\"ListItem\",\"position\":2,\"name\":\"Jak nas znale\u017a\u0107\"}]},{\"@type\":\"WebSite\",\"@id\":\"https:\\\/\\\/houdishouses.gr\\\/#website\",\"url\":\"https:\\\/\\\/houdishouses.gr\\\/\",\"name\":\"Houdis Houses\",\"description\":\"Houdis Houses - Paralio Astros Peloponnes\",\"potentialAction\":[{\"@type\":\"SearchAction\",\"target\":{\"@type\":\"EntryPoint\",\"urlTemplate\":\"https:\\\/\\\/houdishouses.gr\\\/?s={search_term_string}\"},\"query-input\":{\"@type\":\"PropertyValueSpecification\",\"valueRequired\":true,\"valueName\":\"search_term_string\"}}],\"inLanguage\":\"pl-PL\"}]}<\/script>\n<!-- \/ Yoast SEO plugin. -->","yoast_head_json":{"title":"Jak nas znale\u017a\u0107 - Houdis Houses","robots":{"index":"index","follow":"follow","max-snippet":"max-snippet:-1","max-image-preview":"max-image-preview:large","max-video-preview":"max-video-preview:-1"},"canonical":"https:\/\/houdishouses.gr\/pl\/jak-nas-znalezc\/","og_locale":"pl_PL","og_type":"article","og_title":"Jak nas znale\u017a\u0107 - Houdis Houses","og_description":"[mk_page_section bg_image=&#8221;https:\/\/houdishouses.gr\/wp-content\/uploads\/2018\/03\/houdishouses_main_pool-1.jpg&#8221; bg_position=&#8221;center center&#8221; bg_stretch=&#8221;true&#8221; enable_3d=&#8221;true&#8221; min_height=&#8221;391&#8243; sidebar=&#8221;sidebar-1&#8243;][vc_column][\/vc_column][\/mk_page_section][vc_row][vc_column][vc_empty_space][\/vc_column][\/vc_row][vc_row][vc_column width=&#8221;1\/2&#8243;][vc_column_text css=&#8221;.vc_custom_1525574326190{margin-bottom: 0px !important;}&#8221;] Jak nas znale\u017a\u0107 [\/vc_column_text][vc_column_text css=&#8221;.vc_custom_1525574474435{margin-bottom: 0px !important;}&#8221;]Paralio Astros znajduje si\u0119 na Peloponezie, w prefekturze Arcadia. Jest tylko 169 km od Aten (2 godziny) i 32 km od Nafplion (p\u00f3\u0142 godziny). Obiekt Houdis Houses znajduje si\u0119 w odleg\u0142o\u015bci 200 metr\u00f3w od centrum miejscowo\u015bci Paralio [&hellip;]","og_url":"https:\/\/houdishouses.gr\/pl\/jak-nas-znalezc\/","og_site_name":"Houdis Houses","article_modified_time":"2018-05-06T02:41:22+00:00","twitter_card":"summary_large_image","twitter_misc":{"Szacowany czas czytania":"1 minuta"},"schema":{"@context":"https:\/\/schema.org","@graph":[{"@type":"WebPage","@id":"https:\/\/houdishouses.gr\/pl\/jak-nas-znalezc\/","url":"https:\/\/houdishouses.gr\/pl\/jak-nas-znalezc\/","name":"Jak nas znale\u017a\u0107 - Houdis Houses","isPartOf":{"@id":"https:\/\/houdishouses.gr\/#website"},"datePublished":"2018-03-07T20:11:11+00:00","dateModified":"2018-05-06T02:41:22+00:00","breadcrumb":{"@id":"https:\/\/houdishouses.gr\/pl\/jak-nas-znalezc\/#breadcrumb"},"inLanguage":"pl-PL","potentialAction":[{"@type":"ReadAction","target":["https:\/\/houdishouses.gr\/pl\/jak-nas-znalezc\/"]}]},{"@type":"BreadcrumbList","@id":"https:\/\/houdishouses.gr\/pl\/jak-nas-znalezc\/#breadcrumb","itemListElement":[{"@type":"ListItem","position":1,"name":"Home","item":"https:\/\/houdishouses.gr\/pl\/"},{"@type":"ListItem","position":2,"name":"Jak nas znale\u017a\u0107"}]},{"@type":"WebSite","@id":"https:\/\/houdishouses.gr\/#website","url":"https:\/\/houdishouses.gr\/","name":"Houdis Houses","description":"Houdis Houses - Paralio Astros Peloponnes","potentialAction":[{"@type":"SearchAction","target":{"@type":"EntryPoint","urlTemplate":"https:\/\/houdishouses.gr\/?s={search_term_string}"},"query-input":{"@type":"PropertyValueSpecification","valueRequired":true,"valueName":"search_term_string"}}],"inLanguage":"pl-PL"}]}},"_links":{"self":[{"href":"https:\/\/houdishouses.gr\/pl\/wp-json\/wp\/v2\/pages\/357","targetHints":{"allow":["GET"]}}],"collection":[{"href":"https:\/\/houdishouses.gr\/pl\/wp-json\/wp\/v2\/pages"}],"about":[{"href":"https:\/\/houdishouses.gr\/pl\/wp-json\/wp\/v2\/types\/page"}],"author":[{"embeddable":true,"href":"https:\/\/houdishouses.gr\/pl\/wp-json\/wp\/v2\/users\/1"}],"replies":[{"embeddable":true,"href":"https:\/\/houdishouses.gr\/pl\/wp-json\/wp\/v2\/comments?post=357"}],"version-history":[{"count":2,"href":"https:\/\/houdishouses.gr\/pl\/wp-json\/wp\/v2\/pages\/357\/revisions"}],"predecessor-version":[{"id":359,"href":"https:\/\/houdishouses.gr\/pl\/wp-json\/wp\/v2\/pages\/357\/revisions\/359"}],"wp:attachment":[{"href":"https:\/\/houdishouses.gr\/pl\/wp-json\/wp\/v2\/media?parent=357"}],"curies":[{"name":"wp","href":"https:\/\/api.w.org\/{rel}","templated":true}]}}