{"id":360,"date":"2018-03-12T00:40:17","date_gmt":"2018-03-11T22:40:17","guid":{"rendered":"https:\/\/houdishouses.gr\/paralio-astros\/"},"modified":"2018-05-06T04:47:23","modified_gmt":"2018-05-06T02:47:23","slug":"paralio-astros","status":"publish","type":"page","link":"https:\/\/houdishouses.gr\/pl\/paralio-astros\/","title":{"rendered":"Paralio Astros"},"content":{"rendered":"<div class=\"wpb-content-wrapper\">[mk_page_section bg_image=&#8221;https:\/\/houdishouses.gr\/wp-content\/uploads\/2018\/03\/paralio-astros-1.jpg&#8221; bg_position=&#8221;center center&#8221; bg_stretch=&#8221;true&#8221; enable_3d=&#8221;true&#8221; min_height=&#8221;500&#8243; sidebar=&#8221;sidebar-1&#8243;][vc_column css=&#8221;.vc_custom_1520808277963{padding-top: 220px !important;}&#8221;][vc_column_text align=&#8221;center&#8221; css=&#8221;.vc_custom_1520808363847{margin-bottom: 0px !important;}&#8221;]\n<h1><span style=\"color: #ffffff; font-size: 55px;\">Paralio Astros<\/span><\/h1>\n[\/vc_column_text][\/vc_column][\/mk_page_section][vc_row][vc_column css=&#8221;.vc_custom_1520808370889{padding-top: 30px !important;}&#8221;][vc_column_text css=&#8221;.vc_custom_1525574841628{margin-bottom: 0px !important;}&#8221;]\n<h2>Paralio Astros znajduje si\u0119 na Peloponezie, w prefekturze Arcadia. Jest 30 km od Nafplio.<\/h2>\n<p>Paralio Astros oferowa\u0142o spokojne, romantyczne spacery w malowniczym porcie z \u017ceglownymi \u0142odziami rybackimi, a tak\u017ce odkrywanie urokliwych uliczek.<\/p>\n<p>Paralio Astros houbeaches i port, kt\u00f3ry mo\u017ce pomie\u015bci\u0107 ma\u0142e statki. \u015aredniowieczna forteca franko\u0144ska dowodzi wysoko\u015bci\u0105 p\u00f3\u0142wyspu o nazwie &#8222;Wyspa&#8221;, kt\u00f3ry wyrusza, by utworzy\u0107 port.<br \/>\nParalio Astros zwraca swoj\u0105 nazw\u0119 od p\u00f3\u0142wyspu w kszta\u0142cie gwiazdy, &#8222;Nisi&#8221; (&#8222;Wyspa&#8221;) Na szczycie &#8222;Nisi&#8221; dominuje stary zamek. Zamek zbudowany w 1256 r. Przez ksi\u0119cia Williama Villehardouina w celu ochrony mieszka\u0144c\u00f3w przed atakami.<br \/>\nU podn\u00f3\u017ca zamku znajduje si\u0119 ma\u0142y amfiteatr zbudowany przez port, w kt\u00f3rym latem odbywaj\u0105 si\u0119 imprezy kulturalne. R\u00f3wnie\u017c g\u0142\u00f3wny plac przy porcie jest pe\u0142en kawiarni i tawern otwartych ca\u0142y dzie\u0144, gdzie mo\u017cna cieszy\u0107 si\u0119 jedzeniem i odpocz\u0105\u0107 przy kawie. Na placu znajduje si\u0119 bankomat i bank, a kilka metr\u00f3w od rynku znajduje si\u0119 poczta i posterunek policji.<\/p>\n<p>Wzd\u0142u\u017c g\u0142\u00f3wnej brukowanej drogi nad morzem znajduje si\u0119 szko\u0142a podstawowa z du\u017cym placem zabaw, idealnym do zabawy dla dzieci. Znajduje si\u0119 tam du\u017ca plaza z pla\u017cami zorganizowanymi, barami pla\u017cowymi i restauracjami wzd\u0142u\u017c 8 km piaszczystej pla\u017cy.[\/vc_column_text][\/vc_column][\/vc_row][vc_row fullwidth=&#8221;true&#8221;][vc_column][vc_raw_html]JTNDaWZyYW1lJTIwd2lkdGglM0QlMjIxMDAlMjUlMjIlMjBoZWlnaHQlM0QlMjI1MTUlMjIlMjBzcmMlM0QlMjJodHRwcyUzQSUyRiUyRnd3dy55b3V0dWJlLmNvbSUyRmVtYmVkJTJGbG1pMllhNlNuaVElMjIlMjBmcmFtZWJvcmRlciUzRCUyMjAlMjIlMjBhbGxvdyUzRCUyMmF1dG9wbGF5JTNCJTIwZW5jcnlwdGVkLW1lZGlhJTIyJTIwYWxsb3dmdWxsc2NyZWVuJTNFJTNDJTJGaWZyYW1lJTNF[\/vc_raw_html][\/vc_column][\/vc_row][vc_row][vc_column][vc_column_text css=&#8221;.vc_custom_1525574771011{margin-bottom: 0px !important;}&#8221;]\n<h2>Jedzenie w Paralio Astros<\/h2>\n<p>Na nadmorskiej trasie znajduje si\u0119 wiele tawern i restauracji z owocami morza, kt\u00f3re zaczynaj\u0105 si\u0119 od &#8222;Nisi&#8221; (wzg\u00f3rza) a\u017c do drzwi (obszaru).<\/p>\n<p>Zaczynaj\u0105c od placu, tu\u017c przed parkingiem w pobli\u017cu portu, mo\u017cna zje\u015b\u0107 greckie jedzenie i pizz\u0119 na placu Paralio Astros.<\/p>\n<p>Od placu do ma\u0142ego molo jest wiele kawiarni &#8211; restauracji serwuj\u0105cych dania kuchni greckiej, pizz\u0119 i makarony.<\/p>\n<p>Przy g\u0142\u00f3wnej ulicy (ulica Zafeiropoulou), kt\u00f3ra zaczyna si\u0119 od kiosku na placu, znajdziesz sklepy z fast foodami z pysznym Souvlaki, nale\u015bniki i zimne Yaourtaki.!<\/p>\n<p>Restauracje z owocami morza, kt\u00f3re serwuj\u0105 ryby, znajd\u0105 od ma\u0142ego molo a\u017c do lokalizacji Portes.<\/p>\n<p>Po drugiej stronie Paralio Astros do Nafplio mo\u017cna znale\u017a\u0107 restauracj\u0119 Glyfada &#8211; Tavern ze \u015bwietnym menu z rybami, mi\u0119sem i greckim jedzeniem.<\/p>\n<p>W restauracji &#8222;La Luna&#8221; Caf\u00e9-Restaurant po\u0142o\u017conej w Portes (160 metr\u00f3w od Houdis Houses) mo\u017cna przez ca\u0142y dzie\u0144 delektowa\u0107 si\u0119 ouzo, pizz\u0105, makaronami i innymi daniami kuchni greckiej.<\/p>\n<h2>Nocne \u017cycie &#8211; Caf\u00e9 Bar w Paralio Astros<\/h2>\n<p>Bar z kawiarni\u0105 Astro oferuje wiele atrakcji dla wszystkich grup wiekowych. Motyw znajdziesz na placu przy ma\u0142ym porcie.<\/p>\n<p>Dla odwiedzaj\u0105cych, kt\u00f3rzy chc\u0105 imprezowa\u0107, Paralio Astros ma dwa kluby.<br \/>\n<a href=\"http:\/\/www.facebook.com\/SailInClub\" target=\"_blank\" rel=\"noopener\">Sail In Club <\/a>, kt\u00f3ry znajduje si\u0119 200 metr\u00f3w od drogi Paralio Astros &#8211; Astros i <a href=\"https:\/\/www.facebook.com\/groups\/107129616043516\/\" target=\"_ blank\" rel=\"noopener\"> \u00abActus Club\u00bb <\/a> znajduj\u0105cy si\u0119 w &#8222;Paliochano Palaced&#8221; przy pla\u017cy przy drodze Astros &#8211; Nafplio .[\/vc_column_text][\/vc_column][\/vc_row][vc_row][vc_column][mk_gallery images=&#8221;174,167,168,169,170,171,172,173,175,176,181,73,74,177,180,178,179,79&#8243; style=&#8221;style1&#8243; hover_scenarios=&#8221;slow_zoom&#8221; orderby=&#8221;post__in&#8221;][\/vc_column][\/vc_row]\n<\/div>","protected":false},"excerpt":{"rendered":"<p>[mk_page_section bg_image=&#8221;https:\/\/houdishouses.gr\/wp-content\/uploads\/2018\/03\/paralio-astros-1.jpg&#8221; bg_position=&#8221;center center&#8221; bg_stretch=&#8221;true&#8221; enable_3d=&#8221;true&#8221; min_height=&#8221;500&#8243; sidebar=&#8221;sidebar-1&#8243;][vc_column css=&#8221;.vc_custom_1520808277963{padding-top: 220px !important;}&#8221;][vc_column_text align=&#8221;center&#8221; css=&#8221;.vc_custom_1520808363847{margin-bottom: 0px !important;}&#8221;] Paralio Astros [\/vc_column_text][\/vc_column][\/mk_page_section][vc_row][vc_column css=&#8221;.vc_custom_1520808370889{padding-top: 30px !important;}&#8221;][vc_column_text css=&#8221;.vc_custom_1525574841628{margin-bottom: 0px !important;}&#8221;] Paralio Astros znajduje si\u0119 na Peloponezie, w prefekturze Arcadia. Jest 30 km od Nafplio. Paralio Astros oferowa\u0142o spokojne, romantyczne spacery w malowniczym porcie z \u017ceglownymi \u0142odziami rybackimi, a tak\u017ce odkrywanie urokliwych [&hellip;]<\/p>\n","protected":false},"author":1,"featured_media":0,"parent":0,"menu_order":0,"comment_status":"closed","ping_status":"closed","template":"","meta":{"footnotes":""},"class_list":["post-360","page","type-page","status-publish","hentry"],"yoast_head":"<!-- This site is optimized with the Yoast SEO plugin v27.6 - https:\/\/yoast.com\/product\/yoast-seo-wordpress\/ -->\n<title>Paralio Astros - Houdis Houses<\/title>\n<meta name=\"robots\" content=\"index, follow, max-snippet:-1, max-image-preview:large, max-video-preview:-1\" \/>\n<link rel=\"canonical\" href=\"https:\/\/houdishouses.gr\/pl\/paralio-astros\/\" \/>\n<meta property=\"og:locale\" content=\"pl_PL\" \/>\n<meta property=\"og:type\" content=\"article\" \/>\n<meta property=\"og:title\" content=\"Paralio Astros - Houdis Houses\" \/>\n<meta property=\"og:description\" content=\"[mk_page_section bg_image=&#8221;https:\/\/houdishouses.gr\/wp-content\/uploads\/2018\/03\/paralio-astros-1.jpg&#8221; bg_position=&#8221;center center&#8221; bg_stretch=&#8221;true&#8221; enable_3d=&#8221;true&#8221; min_height=&#8221;500&#8243; sidebar=&#8221;sidebar-1&#8243;][vc_column css=&#8221;.vc_custom_1520808277963{padding-top: 220px !important;}&#8221;][vc_column_text align=&#8221;center&#8221; css=&#8221;.vc_custom_1520808363847{margin-bottom: 0px !important;}&#8221;] Paralio Astros [\/vc_column_text][\/vc_column][\/mk_page_section][vc_row][vc_column css=&#8221;.vc_custom_1520808370889{padding-top: 30px !important;}&#8221;][vc_column_text css=&#8221;.vc_custom_1525574841628{margin-bottom: 0px !important;}&#8221;] Paralio Astros znajduje si\u0119 na Peloponezie, w prefekturze Arcadia. Jest 30 km od Nafplio. Paralio Astros oferowa\u0142o spokojne, romantyczne spacery w malowniczym porcie z \u017ceglownymi \u0142odziami rybackimi, a tak\u017ce odkrywanie urokliwych [&hellip;]\" \/>\n<meta property=\"og:url\" content=\"https:\/\/houdishouses.gr\/pl\/paralio-astros\/\" \/>\n<meta property=\"og:site_name\" content=\"Houdis Houses\" \/>\n<meta property=\"article:modified_time\" content=\"2018-05-06T02:47:23+00:00\" \/>\n<meta name=\"twitter:card\" content=\"summary_large_image\" \/>\n<meta name=\"twitter:label1\" content=\"Szacowany czas czytania\" \/>\n\t<meta name=\"twitter:data1\" content=\"3 minuty\" \/>\n<script type=\"application\/ld+json\" class=\"yoast-schema-graph\">{\"@context\":\"https:\\\/\\\/schema.org\",\"@graph\":[{\"@type\":\"WebPage\",\"@id\":\"https:\\\/\\\/houdishouses.gr\\\/pl\\\/paralio-astros\\\/\",\"url\":\"https:\\\/\\\/houdishouses.gr\\\/pl\\\/paralio-astros\\\/\",\"name\":\"Paralio Astros - Houdis Houses\",\"isPartOf\":{\"@id\":\"https:\\\/\\\/houdishouses.gr\\\/#website\"},\"datePublished\":\"2018-03-11T22:40:17+00:00\",\"dateModified\":\"2018-05-06T02:47:23+00:00\",\"breadcrumb\":{\"@id\":\"https:\\\/\\\/houdishouses.gr\\\/pl\\\/paralio-astros\\\/#breadcrumb\"},\"inLanguage\":\"pl-PL\",\"potentialAction\":[{\"@type\":\"ReadAction\",\"target\":[\"https:\\\/\\\/houdishouses.gr\\\/pl\\\/paralio-astros\\\/\"]}]},{\"@type\":\"BreadcrumbList\",\"@id\":\"https:\\\/\\\/houdishouses.gr\\\/pl\\\/paralio-astros\\\/#breadcrumb\",\"itemListElement\":[{\"@type\":\"ListItem\",\"position\":1,\"name\":\"Home\",\"item\":\"https:\\\/\\\/houdishouses.gr\\\/pl\\\/\"},{\"@type\":\"ListItem\",\"position\":2,\"name\":\"Paralio Astros\"}]},{\"@type\":\"WebSite\",\"@id\":\"https:\\\/\\\/houdishouses.gr\\\/#website\",\"url\":\"https:\\\/\\\/houdishouses.gr\\\/\",\"name\":\"Houdis Houses\",\"description\":\"Houdis Houses - Paralio Astros Peloponnes\",\"potentialAction\":[{\"@type\":\"SearchAction\",\"target\":{\"@type\":\"EntryPoint\",\"urlTemplate\":\"https:\\\/\\\/houdishouses.gr\\\/?s={search_term_string}\"},\"query-input\":{\"@type\":\"PropertyValueSpecification\",\"valueRequired\":true,\"valueName\":\"search_term_string\"}}],\"inLanguage\":\"pl-PL\"}]}<\/script>\n<!-- \/ Yoast SEO plugin. -->","yoast_head_json":{"title":"Paralio Astros - Houdis Houses","robots":{"index":"index","follow":"follow","max-snippet":"max-snippet:-1","max-image-preview":"max-image-preview:large","max-video-preview":"max-video-preview:-1"},"canonical":"https:\/\/houdishouses.gr\/pl\/paralio-astros\/","og_locale":"pl_PL","og_type":"article","og_title":"Paralio Astros - Houdis Houses","og_description":"[mk_page_section bg_image=&#8221;https:\/\/houdishouses.gr\/wp-content\/uploads\/2018\/03\/paralio-astros-1.jpg&#8221; bg_position=&#8221;center center&#8221; bg_stretch=&#8221;true&#8221; enable_3d=&#8221;true&#8221; min_height=&#8221;500&#8243; sidebar=&#8221;sidebar-1&#8243;][vc_column css=&#8221;.vc_custom_1520808277963{padding-top: 220px !important;}&#8221;][vc_column_text align=&#8221;center&#8221; css=&#8221;.vc_custom_1520808363847{margin-bottom: 0px !important;}&#8221;] Paralio Astros [\/vc_column_text][\/vc_column][\/mk_page_section][vc_row][vc_column css=&#8221;.vc_custom_1520808370889{padding-top: 30px !important;}&#8221;][vc_column_text css=&#8221;.vc_custom_1525574841628{margin-bottom: 0px !important;}&#8221;] Paralio Astros znajduje si\u0119 na Peloponezie, w prefekturze Arcadia. Jest 30 km od Nafplio. Paralio Astros oferowa\u0142o spokojne, romantyczne spacery w malowniczym porcie z \u017ceglownymi \u0142odziami rybackimi, a tak\u017ce odkrywanie urokliwych [&hellip;]","og_url":"https:\/\/houdishouses.gr\/pl\/paralio-astros\/","og_site_name":"Houdis Houses","article_modified_time":"2018-05-06T02:47:23+00:00","twitter_card":"summary_large_image","twitter_misc":{"Szacowany czas czytania":"3 minuty"},"schema":{"@context":"https:\/\/schema.org","@graph":[{"@type":"WebPage","@id":"https:\/\/houdishouses.gr\/pl\/paralio-astros\/","url":"https:\/\/houdishouses.gr\/pl\/paralio-astros\/","name":"Paralio Astros - Houdis Houses","isPartOf":{"@id":"https:\/\/houdishouses.gr\/#website"},"datePublished":"2018-03-11T22:40:17+00:00","dateModified":"2018-05-06T02:47:23+00:00","breadcrumb":{"@id":"https:\/\/houdishouses.gr\/pl\/paralio-astros\/#breadcrumb"},"inLanguage":"pl-PL","potentialAction":[{"@type":"ReadAction","target":["https:\/\/houdishouses.gr\/pl\/paralio-astros\/"]}]},{"@type":"BreadcrumbList","@id":"https:\/\/houdishouses.gr\/pl\/paralio-astros\/#breadcrumb","itemListElement":[{"@type":"ListItem","position":1,"name":"Home","item":"https:\/\/houdishouses.gr\/pl\/"},{"@type":"ListItem","position":2,"name":"Paralio Astros"}]},{"@type":"WebSite","@id":"https:\/\/houdishouses.gr\/#website","url":"https:\/\/houdishouses.gr\/","name":"Houdis Houses","description":"Houdis Houses - Paralio Astros Peloponnes","potentialAction":[{"@type":"SearchAction","target":{"@type":"EntryPoint","urlTemplate":"https:\/\/houdishouses.gr\/?s={search_term_string}"},"query-input":{"@type":"PropertyValueSpecification","valueRequired":true,"valueName":"search_term_string"}}],"inLanguage":"pl-PL"}]}},"_links":{"self":[{"href":"https:\/\/houdishouses.gr\/pl\/wp-json\/wp\/v2\/pages\/360","targetHints":{"allow":["GET"]}}],"collection":[{"href":"https:\/\/houdishouses.gr\/pl\/wp-json\/wp\/v2\/pages"}],"about":[{"href":"https:\/\/houdishouses.gr\/pl\/wp-json\/wp\/v2\/types\/page"}],"author":[{"embeddable":true,"href":"https:\/\/houdishouses.gr\/pl\/wp-json\/wp\/v2\/users\/1"}],"replies":[{"embeddable":true,"href":"https:\/\/houdishouses.gr\/pl\/wp-json\/wp\/v2\/comments?post=360"}],"version-history":[{"count":3,"href":"https:\/\/houdishouses.gr\/pl\/wp-json\/wp\/v2\/pages\/360\/revisions"}],"predecessor-version":[{"id":363,"href":"https:\/\/houdishouses.gr\/pl\/wp-json\/wp\/v2\/pages\/360\/revisions\/363"}],"wp:attachment":[{"href":"https:\/\/houdishouses.gr\/pl\/wp-json\/wp\/v2\/media?parent=360"}],"curies":[{"name":"wp","href":"https:\/\/api.w.org\/{rel}","templated":true}]}}