{"id":366,"date":"2018-03-07T18:33:56","date_gmt":"2018-03-07T18:33:56","guid":{"rendered":"https:\/\/houdishouses.gr\/houdis-houses\/"},"modified":"2024-05-21T21:47:20","modified_gmt":"2024-05-21T19:47:20","slug":"houdis-houses","status":"publish","type":"page","link":"https:\/\/houdishouses.gr\/pl\/","title":{"rendered":"Houdis Houses"},"content":{"rendered":"<div class=\"wpb-content-wrapper\">[mk_page_section bg_image=&#8221;https:\/\/houdishouses.gr\/wp-content\/uploads\/2018\/03\/houdishouses_main_pool.jpg&#8221; bg_position=&#8221;center top&#8221; bg_stretch=&#8221;true&#8221; enable_3d=&#8221;true&#8221; min_height=&#8221;620&#8243; visibility=&#8221;hidden-sm&#8221; sidebar=&#8221;sidebar-1&#8243;][vc_column][\/vc_column][\/mk_page_section][vc_row fullwidth=&#8221;true&#8221; visibility=&#8221;visible-sm&#8221;][vc_column][vc_single_image image=&#8221;47&#8243; img_size=&#8221;full&#8221; alignment=&#8221;center&#8221;][\/vc_column][\/vc_row][vc_row][vc_column][mk_padding_divider][\/vc_column][\/vc_row][mk_page_section top_shape_bg_color=&#8221;#333333&#8243; bottom_shape_size=&#8221;small&#8221; bottom_shape_color=&#8221;#ffffff&#8221; bottom_shape_bg_color=&#8221;#999999&#8243; sidebar=&#8221;sidebar-1&#8243;][vc_column][vc_column_text align=&#8221;center&#8221; css=&#8221;.vc_custom_1525575082684{margin-bottom: 0px !important;}&#8221;]\n<h1>Houdis Houdis, rodzinne wakacje na Peloponezie<\/h1>\n<h2>Niezale\u017cne domki na Peloponezie<\/h2>\n[\/vc_column_text][\/vc_column][\/mk_page_section][vc_row][vc_column width=&#8221;1\/6&#8243;][\/vc_column][vc_column width=&#8221;2\/3&#8243;][vc_column_text css=&#8221;.vc_custom_1716320838596{margin-bottom: 0px !important;}&#8221;]\n<div class=\"c-6\">\n<p>Na obszarze jednego akra znajdziesz nasze osiem niezale\u017cnych maisonettes w Paralio Astros. Ciesz si\u0119 widokiem na morze z balkonu lub zrelaksowa\u0107 si\u0119 przy basenie znajduj\u0105cym si\u0119 w centrum kompleksu. Nasz ogr\u00f3d, pe\u0142en drzew oliwnych, palm i kwiat\u00f3w, oferuje przyjazn\u0105 atmosfer\u0119 z dala od codziennej rutyny. Ciesz si\u0119 szcz\u0119\u015bliwymi chwilami z rodzin\u0105 i przyjaci\u00f3\u0142mi w naszych dw\u00f3ch grilla.<\/p>\n<p>Szczeg\u00f3lne po\u0142o\u017cenie kompleksu zapewnia bezpieczne \u015brodowisko do beztroskiej zabawy swoich dzieci w pobli\u017cu natury. Do transportu do morza i wioski proponujemy skorzystanie z samochodu lub roweru.<\/p>\n<\/div>\n[\/vc_column_text][\/vc_column][vc_column width=&#8221;1\/6&#8243;][\/vc_column][\/vc_row][vc_row][vc_column width=&#8221;1\/3&#8243;][vc_single_image image=&#8221;40&#8243; img_size=&#8221;600&#215;400&#8243; alignment=&#8221;center&#8221;][\/vc_column][vc_column width=&#8221;1\/3&#8243;][vc_single_image image=&#8221;49&#8243; img_size=&#8221;600&#215;400&#8243; alignment=&#8221;center&#8221;][\/vc_column][vc_column width=&#8221;1\/3&#8243;][vc_single_image image=&#8221;56&#8243; img_size=&#8221;600&#215;400&#8243; alignment=&#8221;center&#8221; css=&#8221;.vc_custom_1520727901514{margin: 0px !important;padding: 0px !important;}&#8221;][vc_column_text align=&#8221;right&#8221; css=&#8221;.vc_custom_1525575139970{margin-top: 0px !important;margin-right: 0px !important;margin-bottom: 0px !important;margin-left: 0px !important;padding-top: 0px !important;padding-right: 0px !important;padding-bottom: 0px !important;padding-left: 0px !important;}&#8221;]<a href=\"https:\/\/houdishouses.gr\/pl\/zdjecia\/\">Zdj\u0119cia\u2192<\/a>[\/vc_column_text][\/vc_column][\/vc_row][vc_row][vc_column][vc_column_text css=&#8221;.vc_custom_1525575182124{margin-bottom: 0px !important;}&#8221;]\n<h2>Udogodnienia w hotelu<\/h2>\n[\/vc_column_text][\/vc_column][\/vc_row][vc_row][vc_column width=&#8221;1\/2&#8243;][mk_custom_list style=&#8221;mk-icon-wifi&#8221; margin_bottom=&#8221;-6&#8243;]\n<ul>\n<li>Bezp\u0142atny, szybki internet Starlink Wi-Fi<\/li>\n<\/ul>\n[\/mk_custom_list][mk_custom_list style=&#8221;mk-icon-bitbucket-square&#8221; margin_bottom=&#8221;-6&#8243;]\n<ul>\n<li>Kuchenka elektryczna z piekarnikiem<\/li>\n<\/ul>\n[\/mk_custom_list][mk_custom_list style=&#8221;mk-li-coffee&#8221; margin_bottom=&#8221;-6&#8243;]\n<ul>\n<li>Ekspres do kawy &#8211; Kocio\u0142<\/li>\n<\/ul>\n[\/mk_custom_list][mk_custom_list style=&#8221;mk-li-monitor&#8221; margin_bottom=&#8221;-6&#8243;]\n<ul>\n<li>TV LED\u00a032\u201d \/ Sat<\/li>\n<\/ul>\n[\/mk_custom_list][mk_custom_list style=&#8221;mk-icon-tencent-weibo&#8221; margin_bottom=&#8221;-6&#8243;]\n<ul>\n<li>Suszarka do w\u0142os\u00f3w<\/li>\n<\/ul>\n[\/mk_custom_list][mk_custom_list style=&#8221;mk-li-tshirt&#8221; margin_bottom=&#8221;-6&#8243;]\n<ul>\n<li>\u017belazko \/ deska do prasowania<\/li>\n<\/ul>\n[\/mk_custom_list][mk_custom_list style=&#8221;mk-moon-food-2&#8243; margin_bottom=&#8221;-6&#8243;]\n<ul>\n<li>W pe\u0142ni wyposa\u017cona kuchnia z naczyniami<\/li>\n<\/ul>\n[\/mk_custom_list][mk_custom_list style=&#8221;mk-li-ice&#8221; margin_bottom=&#8221;-6&#8243;]\n<ul>\n<li>Klimatyzacja<\/li>\n<\/ul>\n[\/mk_custom_list][\/vc_column][vc_column width=&#8221;1\/2&#8243;][mk_custom_list style=&#8221;mk-moon-bowling-ball&#8221; margin_bottom=&#8221;-6&#8243;]\n<ul>\n<li>Basen<\/li>\n<\/ul>\n[\/mk_custom_list][mk_custom_list style=&#8221;mk-moon-bed-2&#8243; margin_bottom=&#8221;-6&#8243;]\n<ul>\n<li>Le\u017caki<\/li>\n<\/ul>\n[\/mk_custom_list][mk_custom_list style=&#8221;mk-li-shop&#8221; margin_bottom=&#8221;-6&#8243;]\n<ul>\n<li>Du\u017ce prywatne tarasy i balkony<\/li>\n<\/ul>\n[\/mk_custom_list][mk_custom_list style=&#8221;mk-moon-bed&#8221; margin_bottom=&#8221;-6&#8243;]\n<ul>\n<li>Po\u015bciel &#8211; R\u0119czniki &#8211; Ko\u0142dry<\/li>\n<\/ul>\n[\/mk_custom_list][mk_custom_list style=&#8221;mk-icon-car&#8221; margin_bottom=&#8221;-6&#8243;]\n<ul>\n<li>Parking prywatny<\/li>\n<\/ul>\n[\/mk_custom_list][mk_custom_list style=&#8221;mk-icon-fire&#8221; margin_bottom=&#8221;-6&#8243;]\n<ul>\n<li>Grill na grilla BBQ<\/li>\n<\/ul>\n[\/mk_custom_list][mk_custom_list style=&#8221;mk-icon-soccer-ball-o&#8221; margin_bottom=&#8221;-6&#8243;]\n<ul>\n<li>Kort tenisowy i boisko do koszyk\u00f3wki<\/li>\n<\/ul>\n[\/mk_custom_list][mk_custom_list style=&#8221;mk-icon-paw&#8221; margin_bottom=&#8221;-6&#8243;]\n<ul>\n<li>Zwierz\u0119ta s\u0105 akceptowane tylko za wyra\u017an\u0105 zgod\u0105<\/li>\n<\/ul>\n[\/mk_custom_list][\/vc_column][\/vc_row][vc_row][vc_column][mk_padding_divider size=&#8221;32&#8243;][\/vc_column][\/vc_row][vc_row css=&#8221;.vc_custom_1520728065342{margin: 0px !important;padding: 0px !important;}&#8221;][vc_column width=&#8221;1\/4&#8243;][vc_single_image image=&#8221;43&#8243; img_size=&#8221;600&#215;400&#8243; alignment=&#8221;center&#8221;][\/vc_column][vc_column width=&#8221;1\/4&#8243;][vc_single_image image=&#8221;41&#8243; img_size=&#8221;600&#215;400&#8243; alignment=&#8221;center&#8221;][\/vc_column][vc_column width=&#8221;1\/4&#8243;][vc_single_image image=&#8221;35&#8243; img_size=&#8221;600&#215;400&#8243; alignment=&#8221;center&#8221;][\/vc_column][vc_column width=&#8221;1\/4&#8243;][vc_single_image image=&#8221;36&#8243; img_size=&#8221;600&#215;400&#8243; alignment=&#8221;center&#8221; css=&#8221;.vc_custom_1520728147458{margin: 0px !important;}&#8221;][vc_column_text align=&#8221;right&#8221; css=&#8221;.vc_custom_1525575139970{margin-top: 0px !important;margin-right: 0px !important;margin-bottom: 0px !important;margin-left: 0px !important;padding-top: 0px !important;padding-right: 0px !important;padding-bottom: 0px !important;padding-left: 0px !important;}&#8221;]<a href=\"https:\/\/houdishouses.gr\/pl\/zdjecia\/\">Zdj\u0119cia\u2192<\/a>[\/vc_column_text][\/vc_column][\/vc_row][mk_page_section layout_structure=&#8221;half_left&#8221; bg_image=&#8221;https:\/\/houdishouses.gr\/wp-content\/uploads\/2018\/03\/paralio-astros-2.jpg&#8221; bg_stretch=&#8221;true&#8221; min_height=&#8221;480&#8243; full_width=&#8221;true&#8221;][vc_column][vc_column_text css=&#8221;.vc_custom_1525575539701{margin-bottom: 0px !important;padding-top: 120px !important;}&#8221;]\n<h1 style=\"text-align: center;\">Paralio Astros<\/h1>\n<p style=\"text-align: center;\">Paralio Astros znajduje si\u0119 w Peloponez, w prefekturze Arcadia. Jest 30 km od Nafplio i 40 km od Trypolisu.<\/p>\n<p style=\"text-align: center;\">Paralio Astros oferowa\u0142o spokojne, romantyczne spacery w malowniczym porcie z \u017ceglownymi \u0142odziami rybackimi, a tak\u017ce odkrywanie urokliwych uliczek.<\/p>\n[\/vc_column_text][mk_font_icons icon=&#8221;mk-icon-plus-circle&#8221; size=&#8221;large&#8221; align=&#8221;center&#8221; link=&#8221;pl\/paralio-astros&#8221;][\/vc_column][\/mk_page_section][mk_page_section layout_structure=&#8221;half_right&#8221; bg_image=&#8221;https:\/\/houdishouses.gr\/wp-content\/uploads\/2018\/03\/paralio-astros-1.jpg&#8221; bg_stretch=&#8221;true&#8221; min_height=&#8221;480&#8243; full_width=&#8221;true&#8221;][vc_column][vc_column_text css=&#8221;.vc_custom_1525575617211{margin-bottom: 0px !important;padding-top: 120px !important;}&#8221;]\n<h2 style=\"text-align: center;\">Paralio Astros Pla\u017ce<\/h2>\n<p style=\"text-align: center;\">Mo\u017cesz wybra\u0107 jeden z wielu bar\u00f3w na pla\u017cy, aby cieszy\u0107 si\u0119 p\u0142ywa\u0107.<\/p>\n<p style=\"text-align: center;\">Wybierz jedn\u0105 z naszych wspania\u0142ych pla\u017c i chod\u017amy pop\u0142ywa\u0107!<\/p>\n[\/vc_column_text][mk_font_icons icon=&#8221;mk-icon-plus-circle&#8221; size=&#8221;large&#8221; align=&#8221;center&#8221; link=&#8221;\/pl\/plaze-na-peloponezie&#8221;][\/vc_column][\/mk_page_section][vc_row][vc_column][\/vc_column][\/vc_row]\n<\/div>","protected":false},"excerpt":{"rendered":"<p>[mk_page_section bg_image=&#8221;https:\/\/houdishouses.gr\/wp-content\/uploads\/2018\/03\/houdishouses_main_pool.jpg&#8221; bg_position=&#8221;center top&#8221; bg_stretch=&#8221;true&#8221; enable_3d=&#8221;true&#8221; min_height=&#8221;620&#8243; visibility=&#8221;hidden-sm&#8221; sidebar=&#8221;sidebar-1&#8243;][vc_column][\/vc_column][\/mk_page_section][vc_row fullwidth=&#8221;true&#8221; visibility=&#8221;visible-sm&#8221;][vc_column][vc_single_image image=&#8221;47&#8243; img_size=&#8221;full&#8221; alignment=&#8221;center&#8221;][\/vc_column][\/vc_row][vc_row][vc_column][mk_padding_divider][\/vc_column][\/vc_row][mk_page_section top_shape_bg_color=&#8221;#333333&#8243; bottom_shape_size=&#8221;small&#8221; bottom_shape_color=&#8221;#ffffff&#8221; bottom_shape_bg_color=&#8221;#999999&#8243; sidebar=&#8221;sidebar-1&#8243;][vc_column][vc_column_text align=&#8221;center&#8221; css=&#8221;.vc_custom_1525575082684{margin-bottom: 0px !important;}&#8221;] Houdis Houdis, rodzinne wakacje na Peloponezie Niezale\u017cne domki na Peloponezie [\/vc_column_text][\/vc_column][\/mk_page_section][vc_row][vc_column width=&#8221;1\/6&#8243;][\/vc_column][vc_column width=&#8221;2\/3&#8243;][vc_column_text css=&#8221;.vc_custom_1716320838596{margin-bottom: 0px !important;}&#8221;] Na obszarze jednego akra znajdziesz nasze osiem niezale\u017cnych maisonettes w Paralio Astros. Ciesz si\u0119 widokiem na [&hellip;]<\/p>\n","protected":false},"author":1,"featured_media":0,"parent":0,"menu_order":0,"comment_status":"closed","ping_status":"closed","template":"","meta":{"footnotes":""},"class_list":["post-366","page","type-page","status-publish","hentry"],"yoast_head":"<!-- This site is optimized with the Yoast SEO plugin v27.6 - https:\/\/yoast.com\/product\/yoast-seo-wordpress\/ -->\n<title>Houdis Houses - Houdis Houses<\/title>\n<meta name=\"robots\" content=\"index, follow, max-snippet:-1, max-image-preview:large, max-video-preview:-1\" \/>\n<link rel=\"canonical\" href=\"https:\/\/houdishouses.gr\/pl\/\" \/>\n<meta property=\"og:locale\" content=\"pl_PL\" \/>\n<meta property=\"og:type\" content=\"article\" \/>\n<meta property=\"og:title\" content=\"Houdis Houses - Houdis Houses\" \/>\n<meta property=\"og:description\" content=\"[mk_page_section bg_image=&#8221;https:\/\/houdishouses.gr\/wp-content\/uploads\/2018\/03\/houdishouses_main_pool.jpg&#8221; bg_position=&#8221;center top&#8221; bg_stretch=&#8221;true&#8221; enable_3d=&#8221;true&#8221; min_height=&#8221;620&#8243; visibility=&#8221;hidden-sm&#8221; sidebar=&#8221;sidebar-1&#8243;][vc_column][\/vc_column][\/mk_page_section][vc_row fullwidth=&#8221;true&#8221; visibility=&#8221;visible-sm&#8221;][vc_column][vc_single_image image=&#8221;47&#8243; img_size=&#8221;full&#8221; alignment=&#8221;center&#8221;][\/vc_column][\/vc_row][vc_row][vc_column][mk_padding_divider][\/vc_column][\/vc_row][mk_page_section top_shape_bg_color=&#8221;#333333&#8243; bottom_shape_size=&#8221;small&#8221; bottom_shape_color=&#8221;#ffffff&#8221; bottom_shape_bg_color=&#8221;#999999&#8243; sidebar=&#8221;sidebar-1&#8243;][vc_column][vc_column_text align=&#8221;center&#8221; css=&#8221;.vc_custom_1525575082684{margin-bottom: 0px !important;}&#8221;] Houdis Houdis, rodzinne wakacje na Peloponezie Niezale\u017cne domki na Peloponezie [\/vc_column_text][\/vc_column][\/mk_page_section][vc_row][vc_column width=&#8221;1\/6&#8243;][\/vc_column][vc_column width=&#8221;2\/3&#8243;][vc_column_text css=&#8221;.vc_custom_1716320838596{margin-bottom: 0px !important;}&#8221;] Na obszarze jednego akra znajdziesz nasze osiem niezale\u017cnych maisonettes w Paralio Astros. Ciesz si\u0119 widokiem na [&hellip;]\" \/>\n<meta property=\"og:url\" content=\"https:\/\/houdishouses.gr\/pl\/\" \/>\n<meta property=\"og:site_name\" content=\"Houdis Houses\" \/>\n<meta property=\"article:modified_time\" content=\"2024-05-21T19:47:20+00:00\" \/>\n<meta name=\"twitter:card\" content=\"summary_large_image\" \/>\n<meta name=\"twitter:label1\" content=\"Szacowany czas czytania\" \/>\n\t<meta name=\"twitter:data1\" content=\"2 minuty\" \/>\n<script type=\"application\/ld+json\" class=\"yoast-schema-graph\">{\"@context\":\"https:\\\/\\\/schema.org\",\"@graph\":[{\"@type\":\"WebPage\",\"@id\":\"https:\\\/\\\/houdishouses.gr\\\/pl\\\/\",\"url\":\"https:\\\/\\\/houdishouses.gr\\\/pl\\\/\",\"name\":\"Houdis Houses - Houdis Houses\",\"isPartOf\":{\"@id\":\"https:\\\/\\\/houdishouses.gr\\\/#website\"},\"datePublished\":\"2018-03-07T18:33:56+00:00\",\"dateModified\":\"2024-05-21T19:47:20+00:00\",\"breadcrumb\":{\"@id\":\"https:\\\/\\\/houdishouses.gr\\\/pl\\\/#breadcrumb\"},\"inLanguage\":\"pl-PL\",\"potentialAction\":[{\"@type\":\"ReadAction\",\"target\":[\"https:\\\/\\\/houdishouses.gr\\\/pl\\\/\"]}]},{\"@type\":\"BreadcrumbList\",\"@id\":\"https:\\\/\\\/houdishouses.gr\\\/pl\\\/#breadcrumb\",\"itemListElement\":[{\"@type\":\"ListItem\",\"position\":1,\"name\":\"Home\",\"item\":\"https:\\\/\\\/houdishouses.gr\\\/pl\\\/\"},{\"@type\":\"ListItem\",\"position\":2,\"name\":\"Houdis Houses\"}]},{\"@type\":\"WebSite\",\"@id\":\"https:\\\/\\\/houdishouses.gr\\\/#website\",\"url\":\"https:\\\/\\\/houdishouses.gr\\\/\",\"name\":\"Houdis Houses\",\"description\":\"Houdis Houses - Paralio Astros Peloponnes\",\"potentialAction\":[{\"@type\":\"SearchAction\",\"target\":{\"@type\":\"EntryPoint\",\"urlTemplate\":\"https:\\\/\\\/houdishouses.gr\\\/?s={search_term_string}\"},\"query-input\":{\"@type\":\"PropertyValueSpecification\",\"valueRequired\":true,\"valueName\":\"search_term_string\"}}],\"inLanguage\":\"pl-PL\"}]}<\/script>\n<!-- \/ Yoast SEO plugin. -->","yoast_head_json":{"title":"Houdis Houses - Houdis Houses","robots":{"index":"index","follow":"follow","max-snippet":"max-snippet:-1","max-image-preview":"max-image-preview:large","max-video-preview":"max-video-preview:-1"},"canonical":"https:\/\/houdishouses.gr\/pl\/","og_locale":"pl_PL","og_type":"article","og_title":"Houdis Houses - Houdis Houses","og_description":"[mk_page_section bg_image=&#8221;https:\/\/houdishouses.gr\/wp-content\/uploads\/2018\/03\/houdishouses_main_pool.jpg&#8221; bg_position=&#8221;center top&#8221; bg_stretch=&#8221;true&#8221; enable_3d=&#8221;true&#8221; min_height=&#8221;620&#8243; visibility=&#8221;hidden-sm&#8221; sidebar=&#8221;sidebar-1&#8243;][vc_column][\/vc_column][\/mk_page_section][vc_row fullwidth=&#8221;true&#8221; visibility=&#8221;visible-sm&#8221;][vc_column][vc_single_image image=&#8221;47&#8243; img_size=&#8221;full&#8221; alignment=&#8221;center&#8221;][\/vc_column][\/vc_row][vc_row][vc_column][mk_padding_divider][\/vc_column][\/vc_row][mk_page_section top_shape_bg_color=&#8221;#333333&#8243; bottom_shape_size=&#8221;small&#8221; bottom_shape_color=&#8221;#ffffff&#8221; bottom_shape_bg_color=&#8221;#999999&#8243; sidebar=&#8221;sidebar-1&#8243;][vc_column][vc_column_text align=&#8221;center&#8221; css=&#8221;.vc_custom_1525575082684{margin-bottom: 0px !important;}&#8221;] Houdis Houdis, rodzinne wakacje na Peloponezie Niezale\u017cne domki na Peloponezie [\/vc_column_text][\/vc_column][\/mk_page_section][vc_row][vc_column width=&#8221;1\/6&#8243;][\/vc_column][vc_column width=&#8221;2\/3&#8243;][vc_column_text css=&#8221;.vc_custom_1716320838596{margin-bottom: 0px !important;}&#8221;] Na obszarze jednego akra znajdziesz nasze osiem niezale\u017cnych maisonettes w Paralio Astros. Ciesz si\u0119 widokiem na [&hellip;]","og_url":"https:\/\/houdishouses.gr\/pl\/","og_site_name":"Houdis Houses","article_modified_time":"2024-05-21T19:47:20+00:00","twitter_card":"summary_large_image","twitter_misc":{"Szacowany czas czytania":"2 minuty"},"schema":{"@context":"https:\/\/schema.org","@graph":[{"@type":"WebPage","@id":"https:\/\/houdishouses.gr\/pl\/","url":"https:\/\/houdishouses.gr\/pl\/","name":"Houdis Houses - Houdis Houses","isPartOf":{"@id":"https:\/\/houdishouses.gr\/#website"},"datePublished":"2018-03-07T18:33:56+00:00","dateModified":"2024-05-21T19:47:20+00:00","breadcrumb":{"@id":"https:\/\/houdishouses.gr\/pl\/#breadcrumb"},"inLanguage":"pl-PL","potentialAction":[{"@type":"ReadAction","target":["https:\/\/houdishouses.gr\/pl\/"]}]},{"@type":"BreadcrumbList","@id":"https:\/\/houdishouses.gr\/pl\/#breadcrumb","itemListElement":[{"@type":"ListItem","position":1,"name":"Home","item":"https:\/\/houdishouses.gr\/pl\/"},{"@type":"ListItem","position":2,"name":"Houdis Houses"}]},{"@type":"WebSite","@id":"https:\/\/houdishouses.gr\/#website","url":"https:\/\/houdishouses.gr\/","name":"Houdis Houses","description":"Houdis Houses - Paralio Astros Peloponnes","potentialAction":[{"@type":"SearchAction","target":{"@type":"EntryPoint","urlTemplate":"https:\/\/houdishouses.gr\/?s={search_term_string}"},"query-input":{"@type":"PropertyValueSpecification","valueRequired":true,"valueName":"search_term_string"}}],"inLanguage":"pl-PL"}]}},"_links":{"self":[{"href":"https:\/\/houdishouses.gr\/pl\/wp-json\/wp\/v2\/pages\/366","targetHints":{"allow":["GET"]}}],"collection":[{"href":"https:\/\/houdishouses.gr\/pl\/wp-json\/wp\/v2\/pages"}],"about":[{"href":"https:\/\/houdishouses.gr\/pl\/wp-json\/wp\/v2\/types\/page"}],"author":[{"embeddable":true,"href":"https:\/\/houdishouses.gr\/pl\/wp-json\/wp\/v2\/users\/1"}],"replies":[{"embeddable":true,"href":"https:\/\/houdishouses.gr\/pl\/wp-json\/wp\/v2\/comments?post=366"}],"version-history":[{"count":5,"href":"https:\/\/houdishouses.gr\/pl\/wp-json\/wp\/v2\/pages\/366\/revisions"}],"predecessor-version":[{"id":1025,"href":"https:\/\/houdishouses.gr\/pl\/wp-json\/wp\/v2\/pages\/366\/revisions\/1025"}],"wp:attachment":[{"href":"https:\/\/houdishouses.gr\/pl\/wp-json\/wp\/v2\/media?parent=366"}],"curies":[{"name":"wp","href":"https:\/\/api.w.org\/{rel}","templated":true}]}}